{"id":177,"date":"2021-04-28T03:48:57","date_gmt":"2021-04-28T03:48:57","guid":{"rendered":"https:\/\/www.arequipay-hostel.com\/?page_id=177"},"modified":"2025-06-18T03:12:37","modified_gmt":"2025-06-18T03:12:37","slug":"catarata-de-pillones-arequipa-peru","status":"publish","type":"page","link":"https:\/\/www.arequipay-hostel.com\/en\/arequipa-tours\/pillones-waterfall-arequipa-peru\/","title":{"rendered":"PILLONES WATERFALL &#8211; AREQUIPA PERU"},"content":{"rendered":"<div class=\"wpb-content-wrapper\"><\/p>\n<p>[vc_row][vc_column width=&#8221;2\/3&#8243;][vc_row_inner][vc_column_inner][csw_carousel_slider images=&#8221;178&#8243; imgsize=&#8221;medium&#8221; thumb_height=&#8221;400px&#8221; margin=&#8221;0&#8243; autoheight=&#8221;false&#8221; mobilebig=&#8221;1&#8243; tabletsmall=&#8221;1&#8243; tablet=&#8221;1&#8243; desktopsmall=&#8221;1&#8243; desktopmiddle=&#8221;1&#8243; desktopbig=&#8221;1&#8243;][\/vc_column_inner][\/vc_row_inner][vc_raw_html css=&#8221;&#8221;]JTVCY3N3dGFicyU1REl0aW5lcmFyeSUyMCU3QyUyMEluY2x1ZGVzJTIwJTdDJTIwTm90JTIwaW5jbHVkZWQlMjAlN0MlMjBXaGF0JTIwdG8lMjBicmluZyUzRiU1QiUyRmNzd3RhYnMlNUQ=[\/vc_raw_html][vc_row_inner][vc_column_inner el_id=&#8221;csw-tabs&#8221;][csw_icon_container title=&#8221;current&#8221; review=&#8221;true&#8221; extra_class=&#8221;csw-tab csw-tab-green&#8221; summary=&#8221;true&#8221;][csw_icon_tour_options_list options=&#8221;act,not,rep&#8221; summary=&#8221;true&#8221;][csw_icon_item icon_fontawesome=&#8221;fa fa-solid fa-hand-holding-dollar&#8221; title=&#8221;Precio por persona:&#8221; title_size=&#8221;div&#8221; width=&#8221;1\/3&#8243;]<\/p>\n<p><span class=\"csw-price\">S\/ 60.00<\/span><\/p>\n<p>[\/csw_icon_item][csw_icon_item icon_fontawesome=&#8221;fa fa-regular fa-clock&#8221; title=&#8221;Horarios:&#8221; title_size=&#8221;div&#8221; width=&#8221;1\/3&#8243;]<\/p>\n<p><span class=\"csw-times\">6:00am a 4:30pm<\/span><\/p>\n<p>[\/csw_icon_item][csw_icon_item icon_fontawesome=&#8221;fa fa-solid fa-clock-rotate-left&#8221; title=&#8221;Duraci\u00f3n:&#8221; title_size=&#8221;div&#8221; width=&#8221;1\/3&#8243;]<\/p>\n<p><span class=\"csw-duration\">Full day<\/span><\/p>\n<p>[\/csw_icon_item][\/csw_icon_container][vc_column_text css=&#8221;&#8221; el_class=&#8221;csw-tab csw-tab-green&#8221; el_id=&#8221;tab-1-content&#8221;]<\/p>\n<h3>ITINERARIO:<\/h3>\n<ul>\n<li aria-level=\"1\">Antigua estaci\u00f3n de tren<\/li>\n<li aria-level=\"1\">Reserva de Salinas (No incluye el ingreso al Salar)<\/li>\n<li aria-level=\"1\">Avistamiento de vicu\u00f1as<\/li>\n<li aria-level=\"1\">Desayuno<\/li>\n<li aria-level=\"1\">Castillos de Patahuasi<\/li>\n<li aria-level=\"1\">Mirador de Volcanes<\/li>\n<li aria-level=\"1\">Bosque de piedras de Puru\u00f1a<\/li>\n<li aria-level=\"1\">Catarata de Pillones<\/li>\n<li aria-level=\"1\">Almuerzo<\/li>\n<li aria-level=\"1\">Retorno a Arequipa<\/li>\n<\/ul>\n<p>[\/vc_column_text][vc_column_text css=&#8221;&#8221; el_class=&#8221;csw-tab csw-tab-green includes&#8221; el_id=&#8221;tab-2-content&#8221;]<\/p>\n<h3>NUESTRO SERVICIO INCLUYE:<\/h3>\n<ul>\n<li>Transporte tur\u00edstico<\/li>\n<li>Gu\u00eda de turismo (espa\u00f1ol e ingles)<\/li>\n<li>Recojo de su hospedaje dentro del centro hist\u00f3rico<\/li>\n<\/ul>\n<p>[\/vc_column_text][vc_column_text css=&#8221;&#8221; el_class=&#8221;csw-tab csw-tab-green not-included&#8221; el_id=&#8221;tab-3-content&#8221;]<\/p>\n<h3>NO INCLUYE:<\/h3>\n<ul>\n<li>Desayuno (s\/ 5.00 el cual puede ser pagado en recepci\u00f3n al comprar el tour)<\/li>\n<li>Almuerzo (entre S\/ 20 a S\/ 30)<\/li>\n<li>Ingreso a la Catarata de Pillones S\/. 2.00)<\/li>\n<\/ul>\n<p>[\/vc_column_text][vc_column_text css=&#8221;&#8221; el_class=&#8221;csw-tab csw-tab-green&#8221; el_id=&#8221;tab-4-content&#8221;]<\/p>\n<h3>RECOMENDAMOS LLEVAR:<\/h3>\n<ul>\n<li>Agua, snacks, zapatillas de caminata, casaca, bloqueador, repelente, mochila peque\u00f1a<\/li>\n<\/ul>\n<p>[\/vc_column_text][\/vc_column_inner][\/vc_row_inner][\/vc_column][vc_column width=&#8221;1\/3&#8243; el_class=&#8221;sidebar&#8221; el_id=&#8221;sidebar&#8221;][vc_widget_sidebar sidebar_id=&#8221;widget-wtour&#8221;][\/vc_column][\/vc_row]<\/p>\n<p><\/p><\/div>","protected":false},"excerpt":{"rendered":"<p>Antigua estaci\u00f3n de tren, Reserva de Salinas (No incluye el ingreso al Salar), Avistamiento de vicu\u00f1as, Castillos de Patahuasi, Mirador de Volcanes, Bosque de piedras de Puru\u00f1a, Catarata de Pillones.<\/p>\n","protected":false},"author":1,"featured_media":178,"parent":7,"menu_order":7,"comment_status":"closed","ping_status":"closed","template":"","meta":{"footnotes":""},"class_list":["post-177","page","type-page","status-publish","has-post-thumbnail","hentry"],"yoast_head":"<!-- This site is optimized with the Yoast SEO plugin v25.2 - https:\/\/yoast.com\/wordpress\/plugins\/seo\/ -->\n<title>PILLONES WATERFALL - AREQUIPA PERU | AREQUIPAY HOSTEL | Backpakers House<\/title>\n<meta name=\"robots\" content=\"index, follow, max-snippet:-1, max-image-preview:large, max-video-preview:-1\" \/>\n<link rel=\"canonical\" href=\"https:\/\/www.arequipay-hostel.com\/es\/tours-arequipa\/catarata-de-pillones-arequipa-peru\/\" \/>\n<meta property=\"og:locale\" content=\"en_US\" \/>\n<meta property=\"og:type\" content=\"article\" \/>\n<meta property=\"og:title\" content=\"PILLONES WATERFALL - AREQUIPA PERU | AREQUIPAY HOSTEL | Backpakers House\" \/>\n<meta property=\"og:description\" content=\"Antigua estaci\u00f3n de tren, Reserva de Salinas (No incluye el ingreso al Salar), Avistamiento de vicu\u00f1as, Castillos de Patahuasi, Mirador de Volcanes, Bosque de piedras de Puru\u00f1a, Catarata de Pillones.\" \/>\n<meta property=\"og:url\" content=\"https:\/\/www.arequipay-hostel.com\/es\/tours-arequipa\/catarata-de-pillones-arequipa-peru\/\" \/>\n<meta property=\"og:site_name\" content=\"AREQUIPAY HOSTEL | Backpakers House\" \/>\n<meta property=\"article:modified_time\" content=\"2025-06-18T03:12:37+00:00\" \/>\n<meta property=\"og:image\" content=\"https:\/\/www.arequipay-hostel.com\/wp-content\/uploads\/2021\/04\/catarata-de-pillones-arequipa.jpeg\" \/>\n\t<meta property=\"og:image:width\" content=\"850\" \/>\n\t<meta property=\"og:image:height\" content=\"567\" \/>\n\t<meta property=\"og:image:type\" content=\"image\/jpeg\" \/>\n<meta name=\"twitter:card\" content=\"summary_large_image\" \/>\n<meta name=\"twitter:label1\" content=\"Est. reading time\" \/>\n\t<meta name=\"twitter:data1\" content=\"3 minutes\" \/>\n<script type=\"application\/ld+json\" class=\"yoast-schema-graph\">{\"@context\":\"https:\/\/schema.org\",\"@graph\":[{\"@type\":\"WebPage\",\"@id\":\"https:\/\/www.arequipay-hostel.com\/es\/tours-arequipa\/catarata-de-pillones-arequipa-peru\/\",\"url\":\"https:\/\/www.arequipay-hostel.com\/es\/tours-arequipa\/catarata-de-pillones-arequipa-peru\/\",\"name\":\"PILLONES WATERFALL - AREQUIPA PERU | AREQUIPAY HOSTEL | Backpakers House\",\"isPartOf\":{\"@id\":\"https:\/\/www.arequipay-hostel.com\/#website\"},\"primaryImageOfPage\":{\"@id\":\"https:\/\/www.arequipay-hostel.com\/es\/tours-arequipa\/catarata-de-pillones-arequipa-peru\/#primaryimage\"},\"image\":{\"@id\":\"https:\/\/www.arequipay-hostel.com\/es\/tours-arequipa\/catarata-de-pillones-arequipa-peru\/#primaryimage\"},\"thumbnailUrl\":\"https:\/\/www.arequipay-hostel.com\/wp-content\/uploads\/2021\/04\/catarata-de-pillones-arequipa.jpeg\",\"datePublished\":\"2021-04-28T03:48:57+00:00\",\"dateModified\":\"2025-06-18T03:12:37+00:00\",\"breadcrumb\":{\"@id\":\"https:\/\/www.arequipay-hostel.com\/es\/tours-arequipa\/catarata-de-pillones-arequipa-peru\/#breadcrumb\"},\"inLanguage\":\"en-US\",\"potentialAction\":[{\"@type\":\"ReadAction\",\"target\":[\"https:\/\/www.arequipay-hostel.com\/es\/tours-arequipa\/catarata-de-pillones-arequipa-peru\/\"]}]},{\"@type\":\"ImageObject\",\"inLanguage\":\"en-US\",\"@id\":\"https:\/\/www.arequipay-hostel.com\/es\/tours-arequipa\/catarata-de-pillones-arequipa-peru\/#primaryimage\",\"url\":\"https:\/\/www.arequipay-hostel.com\/wp-content\/uploads\/2021\/04\/catarata-de-pillones-arequipa.jpeg\",\"contentUrl\":\"https:\/\/www.arequipay-hostel.com\/wp-content\/uploads\/2021\/04\/catarata-de-pillones-arequipa.jpeg\",\"width\":850,\"height\":567},{\"@type\":\"BreadcrumbList\",\"@id\":\"https:\/\/www.arequipay-hostel.com\/es\/tours-arequipa\/catarata-de-pillones-arequipa-peru\/#breadcrumb\",\"itemListElement\":[{\"@type\":\"ListItem\",\"position\":1,\"name\":\"Portada\",\"item\":\"https:\/\/www.arequipay-hostel.com\/es\/\"},{\"@type\":\"ListItem\",\"position\":2,\"name\":\"Tours Arequipa\",\"item\":\"https:\/\/www.arequipay-hostel.com\/tours-arequipa\/\"},{\"@type\":\"ListItem\",\"position\":3,\"name\":\"CATARATA DE PILLONES &#8211; AREQUIPA PERU\"}]},{\"@type\":\"WebSite\",\"@id\":\"https:\/\/www.arequipay-hostel.com\/#website\",\"url\":\"https:\/\/www.arequipay-hostel.com\/\",\"name\":\"AREQUIPAY HOSTEL | Backpakers House\",\"description\":\"Ingresar\u00e1s como un extra\u00f1o y te ir\u00e1s como un amigo\",\"potentialAction\":[{\"@type\":\"SearchAction\",\"target\":{\"@type\":\"EntryPoint\",\"urlTemplate\":\"https:\/\/www.arequipay-hostel.com\/?s={search_term_string}\"},\"query-input\":{\"@type\":\"PropertyValueSpecification\",\"valueRequired\":true,\"valueName\":\"search_term_string\"}}],\"inLanguage\":\"en-US\"}]}<\/script>\n<!-- \/ Yoast SEO plugin. -->","yoast_head_json":{"title":"PILLONES WATERFALL - AREQUIPA PERU | AREQUIPAY HOSTEL | Backpakers House","robots":{"index":"index","follow":"follow","max-snippet":"max-snippet:-1","max-image-preview":"max-image-preview:large","max-video-preview":"max-video-preview:-1"},"canonical":"https:\/\/www.arequipay-hostel.com\/es\/tours-arequipa\/catarata-de-pillones-arequipa-peru\/","og_locale":"en_US","og_type":"article","og_title":"PILLONES WATERFALL - AREQUIPA PERU | AREQUIPAY HOSTEL | Backpakers House","og_description":"Antigua estaci\u00f3n de tren, Reserva de Salinas (No incluye el ingreso al Salar), Avistamiento de vicu\u00f1as, Castillos de Patahuasi, Mirador de Volcanes, Bosque de piedras de Puru\u00f1a, Catarata de Pillones.","og_url":"https:\/\/www.arequipay-hostel.com\/es\/tours-arequipa\/catarata-de-pillones-arequipa-peru\/","og_site_name":"AREQUIPAY HOSTEL | Backpakers House","article_modified_time":"2025-06-18T03:12:37+00:00","og_image":[{"width":850,"height":567,"url":"https:\/\/www.arequipay-hostel.com\/wp-content\/uploads\/2021\/04\/catarata-de-pillones-arequipa.jpeg","type":"image\/jpeg"}],"twitter_card":"summary_large_image","twitter_misc":{"Est. reading time":"3 minutes"},"schema":{"@context":"https:\/\/schema.org","@graph":[{"@type":"WebPage","@id":"https:\/\/www.arequipay-hostel.com\/es\/tours-arequipa\/catarata-de-pillones-arequipa-peru\/","url":"https:\/\/www.arequipay-hostel.com\/es\/tours-arequipa\/catarata-de-pillones-arequipa-peru\/","name":"PILLONES WATERFALL - AREQUIPA PERU | AREQUIPAY HOSTEL | Backpakers House","isPartOf":{"@id":"https:\/\/www.arequipay-hostel.com\/#website"},"primaryImageOfPage":{"@id":"https:\/\/www.arequipay-hostel.com\/es\/tours-arequipa\/catarata-de-pillones-arequipa-peru\/#primaryimage"},"image":{"@id":"https:\/\/www.arequipay-hostel.com\/es\/tours-arequipa\/catarata-de-pillones-arequipa-peru\/#primaryimage"},"thumbnailUrl":"https:\/\/www.arequipay-hostel.com\/wp-content\/uploads\/2021\/04\/catarata-de-pillones-arequipa.jpeg","datePublished":"2021-04-28T03:48:57+00:00","dateModified":"2025-06-18T03:12:37+00:00","breadcrumb":{"@id":"https:\/\/www.arequipay-hostel.com\/es\/tours-arequipa\/catarata-de-pillones-arequipa-peru\/#breadcrumb"},"inLanguage":"en-US","potentialAction":[{"@type":"ReadAction","target":["https:\/\/www.arequipay-hostel.com\/es\/tours-arequipa\/catarata-de-pillones-arequipa-peru\/"]}]},{"@type":"ImageObject","inLanguage":"en-US","@id":"https:\/\/www.arequipay-hostel.com\/es\/tours-arequipa\/catarata-de-pillones-arequipa-peru\/#primaryimage","url":"https:\/\/www.arequipay-hostel.com\/wp-content\/uploads\/2021\/04\/catarata-de-pillones-arequipa.jpeg","contentUrl":"https:\/\/www.arequipay-hostel.com\/wp-content\/uploads\/2021\/04\/catarata-de-pillones-arequipa.jpeg","width":850,"height":567},{"@type":"BreadcrumbList","@id":"https:\/\/www.arequipay-hostel.com\/es\/tours-arequipa\/catarata-de-pillones-arequipa-peru\/#breadcrumb","itemListElement":[{"@type":"ListItem","position":1,"name":"Portada","item":"https:\/\/www.arequipay-hostel.com\/es\/"},{"@type":"ListItem","position":2,"name":"Tours Arequipa","item":"https:\/\/www.arequipay-hostel.com\/tours-arequipa\/"},{"@type":"ListItem","position":3,"name":"CATARATA DE PILLONES &#8211; AREQUIPA PERU"}]},{"@type":"WebSite","@id":"https:\/\/www.arequipay-hostel.com\/#website","url":"https:\/\/www.arequipay-hostel.com\/","name":"AREQUIPAY HOSTEL | Backpakers House","description":"Ingresar\u00e1s como un extra\u00f1o y te ir\u00e1s como un amigo","potentialAction":[{"@type":"SearchAction","target":{"@type":"EntryPoint","urlTemplate":"https:\/\/www.arequipay-hostel.com\/?s={search_term_string}"},"query-input":{"@type":"PropertyValueSpecification","valueRequired":true,"valueName":"search_term_string"}}],"inLanguage":"en-US"}]}},"_links":{"self":[{"href":"https:\/\/www.arequipay-hostel.com\/en\/wp-json\/wp\/v2\/pages\/177","targetHints":{"allow":["GET"]}}],"collection":[{"href":"https:\/\/www.arequipay-hostel.com\/en\/wp-json\/wp\/v2\/pages"}],"about":[{"href":"https:\/\/www.arequipay-hostel.com\/en\/wp-json\/wp\/v2\/types\/page"}],"author":[{"embeddable":true,"href":"https:\/\/www.arequipay-hostel.com\/en\/wp-json\/wp\/v2\/users\/1"}],"replies":[{"embeddable":true,"href":"https:\/\/www.arequipay-hostel.com\/en\/wp-json\/wp\/v2\/comments?post=177"}],"version-history":[{"count":0,"href":"https:\/\/www.arequipay-hostel.com\/en\/wp-json\/wp\/v2\/pages\/177\/revisions"}],"up":[{"embeddable":true,"href":"https:\/\/www.arequipay-hostel.com\/en\/wp-json\/wp\/v2\/pages\/7"}],"wp:featuredmedia":[{"embeddable":true,"href":"https:\/\/www.arequipay-hostel.com\/en\/wp-json\/wp\/v2\/media\/178"}],"wp:attachment":[{"href":"https:\/\/www.arequipay-hostel.com\/en\/wp-json\/wp\/v2\/media?parent=177"}],"curies":[{"name":"wp","href":"https:\/\/api.w.org\/{rel}","templated":true}]}}