{"id":183,"date":"2021-04-28T04:58:08","date_gmt":"2021-04-28T04:58:08","guid":{"rendered":"https:\/\/www.arequipay-hostel.com\/?page_id=183"},"modified":"2026-03-19T21:34:14","modified_gmt":"2026-03-19T21:34:14","slug":"full-day-al-canon-del-colca-arequipa","status":"publish","type":"page","link":"https:\/\/www.arequipay-hostel.com\/en\/arequipa-tours\/full-day-to-the-colca-canyon-arequipa\/","title":{"rendered":"COLCA CANYON &#8211; FULL DAY NOT TREK"},"content":{"rendered":"<div class=\"wpb-content-wrapper\"><\/p>\n<p>[vc_row][vc_column width=&#8221;2\/3&#8243;][vc_row_inner][vc_column_inner][csw_carousel_slider images=&#8221;127&#8243; imgsize=&#8221;medium&#8221; thumb_height=&#8221;400px&#8221; margin=&#8221;0&#8243; autoheight=&#8221;false&#8221; mobilebig=&#8221;1&#8243; tabletsmall=&#8221;1&#8243; tablet=&#8221;1&#8243; desktopsmall=&#8221;1&#8243; desktopmiddle=&#8221;1&#8243; desktopbig=&#8221;1&#8243;][\/vc_column_inner][\/vc_row_inner][vc_raw_html css=&#8221;&#8221;]JTVCY3N3dGFicyU1RFN1bW1hcnklMjAlN0MlMjBJbmNsdWRlcyUyMCU3QyUyME5vdCUyMGluY2x1ZGVkJTIwJTdDJTIwV2hhdCUyMHRvJTIwYnJpbmclM0YlNUIlMkZjc3d0YWJzJTVE[\/vc_raw_html][vc_row_inner][vc_column_inner el_id=&#8221;csw-tabs&#8221;][csw_icon_container title=&#8221;current&#8221; review=&#8221;true&#8221; extra_class=&#8221;csw-tab csw-tab-green&#8221; summary=&#8221;true&#8221;][csw_icon_tour_options_list options=&#8221;act,not,rep&#8221; summary=&#8221;true&#8221;][csw_icon_item icon_fontawesome=&#8221;fa fa-solid fa-hand-holding-dollar&#8221; title=&#8221;Precio por persona:&#8221; title_size=&#8221;div&#8221; width=&#8221;1\/3&#8243;]<\/p>\n<p><span class=\"csw-price\">S\/.70.00<\/span><\/p>\n<p>[\/csw_icon_item][csw_icon_item icon_fontawesome=&#8221;fa fa-regular fa-clock&#8221; title=&#8221;Horarios:&#8221; title_size=&#8221;div&#8221; width=&#8221;1\/3&#8243;]<\/p>\n<p><span class=\"csw-times\">3:00am a 5:30pm<\/span><\/p>\n<p>[\/csw_icon_item][csw_icon_item icon_fontawesome=&#8221;fa fa-solid fa-clock-rotate-left&#8221; title=&#8221;Duraci\u00f3n:&#8221; title_size=&#8221;div&#8221; width=&#8221;1\/3&#8243;]<\/p>\n<p><span class=\"csw-duration\">Full day<\/span><\/p>\n<p>[\/csw_icon_item][\/csw_icon_container][vc_column_text css=&#8221;&#8221; el_class=&#8221;csw-tab csw-tab-green&#8221; el_id=&#8221;tab-1-content&#8221;]<\/p>\n<h3>ITINERARY:<\/h3>\n<ul>\n<li>Pick-up time from accommodations in the historic center is 3 am.<\/li>\n<li>Return time to Arequipa 5:00 PM to 5:30 PM<\/li>\n<li>Important: This is not a trekking tour.<\/li>\n<li>Chivay Town \u2013 this will be the first stop where breakfast will be served (approximately 6:30 am). There we will eat the breakfast.<br \/>\nMirador and Cruz del C\u00f3ndor \u2013 where you can see condors and the depths of the canyon (arrival at approximately 7:45 am and stay for a maximum of 45 minutes)<br \/>\nViewpoints of the valley terraces<br \/>\nAntahuilque viewpoint and lagoons<br \/>\nVisit hot springs aprox. 11 am<br \/>\nVolcanoes Lookout (Patapamapa)<br \/>\nAndean camelids (llamas, alpacas and vicu\u00f1as)<\/li>\n<li>Arrival at Arequipa 5 pm aprox.<\/li>\n<\/ul>\n<p>[\/vc_column_text][vc_column_text css=&#8221;&#8221; el_class=&#8221;csw-tab csw-tab-green includes&#8221; el_id=&#8221;tab-2-content&#8221;]<\/p>\n<h3>INCLUDED.<\/h3>\n<p>Pick up from your hotel in the historic center (between 3 am and 3:15 am)<br \/>\nBreakfast<br \/>\nTourist transport<br \/>\nProfessional Spanish\/English guidance<br \/>\nPersonalized assistance<\/p>\n<p>[\/vc_column_text][vc_column_text css=&#8221;&#8221; el_class=&#8221;csw-tab csw-tab-green not-included&#8221; el_id=&#8221;tab-3-content&#8221;]<\/p>\n<h3>NOT INCLUDED:<\/h3>\n<p>Lunch (buffet 45 soles)<br \/>\nEntrance to hot springs S\/. 15.00<br \/>\nExtra expenses for drinks and others<br \/>\nEntrance ticket to Colca Canyon: S\/. 20 Peruvian, S\/. 40 South Americans, S\/. 70 rest of the world<\/p>\n<p>[\/vc_column_text][vc_column_text css=&#8221;&#8221; el_class=&#8221;csw-tab csw-tab-green&#8221; el_id=&#8221;tab-4-content&#8221;]<\/p>\n<h3>WE SUGGESTO TO BRING:<\/h3>\n<ul>\n<li>Hat, sunglasses, sunscreen, light luggage, warm clothing, cash, towel and swimwear.<br \/>\nPills for headaches and vomiting<\/li>\n<\/ul>\n<p>&nbsp;<\/p>\n<p><span style=\"font-size: 22px; font-weight: bold;\">Price and c<\/span><strong style=\"font-size: 22px;\">ancellation Policy<\/strong><\/p>\n<ul>\n<li data-start=\"748\" data-end=\"834\">Published prices apply for payments made via <strong data-start=\"793\" data-end=\"831\">bank transfer, Yape, Plin, or cash<\/strong>.<\/li>\n<li data-start=\"837\" data-end=\"920\">Payments made with <strong data-start=\"856\" data-end=\"881\">credit or debit cards<\/strong> will incur an additional <strong data-start=\"907\" data-end=\"917\">5% fee<\/strong>.<\/li>\n<li data-start=\"923\" data-end=\"1014\">You may <strong data-start=\"931\" data-end=\"970\">reschedule your tour free of charge<\/strong> up to 24 hours before the program begins.<\/li>\n<li data-start=\"1017\" data-end=\"1142\">If you <strong data-start=\"1024\" data-end=\"1063\">cancel at least 24 hours in advance<\/strong>, we will refund the amount paid (minus the 5% credit\/debit card commission).<\/li>\n<li data-start=\"1145\" data-end=\"1215\">After this period, <strong data-start=\"1164\" data-end=\"1212\">no changes or cancellations will be accepted<\/strong>.<\/li>\n<\/ul>\n<p>[\/vc_column_text][\/vc_column_inner][\/vc_row_inner][\/vc_column][vc_column width=&#8221;1\/3&#8243; el_class=&#8221;sidebar&#8221; el_id=&#8221;sidebar&#8221;][vc_widget_sidebar sidebar_id=&#8221;widget-wtour&#8221;][\/vc_column][\/vc_row]<\/p>\n<p><\/p><\/div>","protected":false},"excerpt":{"rendered":"<p>Conoceremos el  Pueblo de Chivay &#8211; esta sera la primera parada donde se desayunara aproximadamente 6:30 am). Mirador y Cruz del C\u00f3ndor &#8211; donde se veran condores y la profundidad del ca\u00f1on (se llegara aproximadamente a las 7:45 am y aqui se permanecera maximo 45 minutos).<\/p>\n","protected":false},"author":1,"featured_media":127,"parent":7,"menu_order":4,"comment_status":"closed","ping_status":"closed","template":"","meta":{"footnotes":""},"class_list":["post-183","page","type-page","status-publish","has-post-thumbnail","hentry"],"yoast_head":"<!-- This site is optimized with the Yoast SEO plugin v25.2 - https:\/\/yoast.com\/wordpress\/plugins\/seo\/ -->\n<title>COLCA CANYON - FULL DAY NOT TREK | AREQUIPAY HOSTEL | Backpakers House<\/title>\n<meta name=\"robots\" content=\"index, follow, max-snippet:-1, max-image-preview:large, max-video-preview:-1\" \/>\n<link rel=\"canonical\" href=\"https:\/\/www.arequipay-hostel.com\/es\/tours-arequipa\/full-day-al-canon-del-colca-arequipa\/\" \/>\n<meta property=\"og:locale\" content=\"en_US\" \/>\n<meta property=\"og:type\" content=\"article\" \/>\n<meta property=\"og:title\" content=\"COLCA CANYON - FULL DAY NOT TREK | AREQUIPAY HOSTEL | Backpakers House\" \/>\n<meta property=\"og:description\" content=\"Conoceremos el Pueblo de Chivay - esta sera la primera parada donde se desayunara aproximadamente 6:30 am). Mirador y Cruz del C\u00f3ndor - donde se veran condores y la profundidad del ca\u00f1on (se llegara aproximadamente a las 7:45 am y aqui se permanecera maximo 45 minutos).\" \/>\n<meta property=\"og:url\" content=\"https:\/\/www.arequipay-hostel.com\/es\/tours-arequipa\/full-day-al-canon-del-colca-arequipa\/\" \/>\n<meta property=\"og:site_name\" content=\"AREQUIPAY HOSTEL | Backpakers House\" \/>\n<meta property=\"article:modified_time\" content=\"2026-03-19T21:34:14+00:00\" \/>\n<meta property=\"og:image\" content=\"https:\/\/www.arequipay-hostel.com\/wp-content\/uploads\/2021\/02\/arequipay-hostel-colca-canyon.jpg\" \/>\n\t<meta property=\"og:image:width\" content=\"669\" \/>\n\t<meta property=\"og:image:height\" content=\"446\" \/>\n\t<meta property=\"og:image:type\" content=\"image\/jpeg\" \/>\n<meta name=\"twitter:card\" content=\"summary_large_image\" \/>\n<meta name=\"twitter:label1\" content=\"Est. reading time\" \/>\n\t<meta name=\"twitter:data1\" content=\"5 minutes\" \/>\n<script type=\"application\/ld+json\" class=\"yoast-schema-graph\">{\"@context\":\"https:\/\/schema.org\",\"@graph\":[{\"@type\":\"WebPage\",\"@id\":\"https:\/\/www.arequipay-hostel.com\/es\/tours-arequipa\/full-day-al-canon-del-colca-arequipa\/\",\"url\":\"https:\/\/www.arequipay-hostel.com\/es\/tours-arequipa\/full-day-al-canon-del-colca-arequipa\/\",\"name\":\"COLCA CANYON - FULL DAY NOT TREK | AREQUIPAY HOSTEL | Backpakers House\",\"isPartOf\":{\"@id\":\"https:\/\/www.arequipay-hostel.com\/#website\"},\"primaryImageOfPage\":{\"@id\":\"https:\/\/www.arequipay-hostel.com\/es\/tours-arequipa\/full-day-al-canon-del-colca-arequipa\/#primaryimage\"},\"image\":{\"@id\":\"https:\/\/www.arequipay-hostel.com\/es\/tours-arequipa\/full-day-al-canon-del-colca-arequipa\/#primaryimage\"},\"thumbnailUrl\":\"https:\/\/www.arequipay-hostel.com\/wp-content\/uploads\/2021\/02\/arequipay-hostel-colca-canyon.jpg\",\"datePublished\":\"2021-04-28T04:58:08+00:00\",\"dateModified\":\"2026-03-19T21:34:14+00:00\",\"breadcrumb\":{\"@id\":\"https:\/\/www.arequipay-hostel.com\/es\/tours-arequipa\/full-day-al-canon-del-colca-arequipa\/#breadcrumb\"},\"inLanguage\":\"en-US\",\"potentialAction\":[{\"@type\":\"ReadAction\",\"target\":[\"https:\/\/www.arequipay-hostel.com\/es\/tours-arequipa\/full-day-al-canon-del-colca-arequipa\/\"]}]},{\"@type\":\"ImageObject\",\"inLanguage\":\"en-US\",\"@id\":\"https:\/\/www.arequipay-hostel.com\/es\/tours-arequipa\/full-day-al-canon-del-colca-arequipa\/#primaryimage\",\"url\":\"https:\/\/www.arequipay-hostel.com\/wp-content\/uploads\/2021\/02\/arequipay-hostel-colca-canyon.jpg\",\"contentUrl\":\"https:\/\/www.arequipay-hostel.com\/wp-content\/uploads\/2021\/02\/arequipay-hostel-colca-canyon.jpg\",\"width\":669,\"height\":446},{\"@type\":\"BreadcrumbList\",\"@id\":\"https:\/\/www.arequipay-hostel.com\/es\/tours-arequipa\/full-day-al-canon-del-colca-arequipa\/#breadcrumb\",\"itemListElement\":[{\"@type\":\"ListItem\",\"position\":1,\"name\":\"Portada\",\"item\":\"https:\/\/www.arequipay-hostel.com\/es\/\"},{\"@type\":\"ListItem\",\"position\":2,\"name\":\"Tours Arequipa\",\"item\":\"https:\/\/www.arequipay-hostel.com\/tours-arequipa\/\"},{\"@type\":\"ListItem\",\"position\":3,\"name\":\"CA\u00d1ON DEL COLCA FULL DAY &#8211; NO TREK\"}]},{\"@type\":\"WebSite\",\"@id\":\"https:\/\/www.arequipay-hostel.com\/#website\",\"url\":\"https:\/\/www.arequipay-hostel.com\/\",\"name\":\"AREQUIPAY HOSTEL | Backpakers House\",\"description\":\"Ingresar\u00e1s como un extra\u00f1o y te ir\u00e1s como un amigo\",\"potentialAction\":[{\"@type\":\"SearchAction\",\"target\":{\"@type\":\"EntryPoint\",\"urlTemplate\":\"https:\/\/www.arequipay-hostel.com\/?s={search_term_string}\"},\"query-input\":{\"@type\":\"PropertyValueSpecification\",\"valueRequired\":true,\"valueName\":\"search_term_string\"}}],\"inLanguage\":\"en-US\"}]}<\/script>\n<!-- \/ Yoast SEO plugin. -->","yoast_head_json":{"title":"COLCA CANYON - FULL DAY NOT TREK | AREQUIPAY HOSTEL | Backpakers House","robots":{"index":"index","follow":"follow","max-snippet":"max-snippet:-1","max-image-preview":"max-image-preview:large","max-video-preview":"max-video-preview:-1"},"canonical":"https:\/\/www.arequipay-hostel.com\/es\/tours-arequipa\/full-day-al-canon-del-colca-arequipa\/","og_locale":"en_US","og_type":"article","og_title":"COLCA CANYON - FULL DAY NOT TREK | AREQUIPAY HOSTEL | Backpakers House","og_description":"Conoceremos el Pueblo de Chivay - esta sera la primera parada donde se desayunara aproximadamente 6:30 am). Mirador y Cruz del C\u00f3ndor - donde se veran condores y la profundidad del ca\u00f1on (se llegara aproximadamente a las 7:45 am y aqui se permanecera maximo 45 minutos).","og_url":"https:\/\/www.arequipay-hostel.com\/es\/tours-arequipa\/full-day-al-canon-del-colca-arequipa\/","og_site_name":"AREQUIPAY HOSTEL | Backpakers House","article_modified_time":"2026-03-19T21:34:14+00:00","og_image":[{"width":669,"height":446,"url":"https:\/\/www.arequipay-hostel.com\/wp-content\/uploads\/2021\/02\/arequipay-hostel-colca-canyon.jpg","type":"image\/jpeg"}],"twitter_card":"summary_large_image","twitter_misc":{"Est. reading time":"5 minutes"},"schema":{"@context":"https:\/\/schema.org","@graph":[{"@type":"WebPage","@id":"https:\/\/www.arequipay-hostel.com\/es\/tours-arequipa\/full-day-al-canon-del-colca-arequipa\/","url":"https:\/\/www.arequipay-hostel.com\/es\/tours-arequipa\/full-day-al-canon-del-colca-arequipa\/","name":"COLCA CANYON - FULL DAY NOT TREK | AREQUIPAY HOSTEL | Backpakers House","isPartOf":{"@id":"https:\/\/www.arequipay-hostel.com\/#website"},"primaryImageOfPage":{"@id":"https:\/\/www.arequipay-hostel.com\/es\/tours-arequipa\/full-day-al-canon-del-colca-arequipa\/#primaryimage"},"image":{"@id":"https:\/\/www.arequipay-hostel.com\/es\/tours-arequipa\/full-day-al-canon-del-colca-arequipa\/#primaryimage"},"thumbnailUrl":"https:\/\/www.arequipay-hostel.com\/wp-content\/uploads\/2021\/02\/arequipay-hostel-colca-canyon.jpg","datePublished":"2021-04-28T04:58:08+00:00","dateModified":"2026-03-19T21:34:14+00:00","breadcrumb":{"@id":"https:\/\/www.arequipay-hostel.com\/es\/tours-arequipa\/full-day-al-canon-del-colca-arequipa\/#breadcrumb"},"inLanguage":"en-US","potentialAction":[{"@type":"ReadAction","target":["https:\/\/www.arequipay-hostel.com\/es\/tours-arequipa\/full-day-al-canon-del-colca-arequipa\/"]}]},{"@type":"ImageObject","inLanguage":"en-US","@id":"https:\/\/www.arequipay-hostel.com\/es\/tours-arequipa\/full-day-al-canon-del-colca-arequipa\/#primaryimage","url":"https:\/\/www.arequipay-hostel.com\/wp-content\/uploads\/2021\/02\/arequipay-hostel-colca-canyon.jpg","contentUrl":"https:\/\/www.arequipay-hostel.com\/wp-content\/uploads\/2021\/02\/arequipay-hostel-colca-canyon.jpg","width":669,"height":446},{"@type":"BreadcrumbList","@id":"https:\/\/www.arequipay-hostel.com\/es\/tours-arequipa\/full-day-al-canon-del-colca-arequipa\/#breadcrumb","itemListElement":[{"@type":"ListItem","position":1,"name":"Portada","item":"https:\/\/www.arequipay-hostel.com\/es\/"},{"@type":"ListItem","position":2,"name":"Tours Arequipa","item":"https:\/\/www.arequipay-hostel.com\/tours-arequipa\/"},{"@type":"ListItem","position":3,"name":"CA\u00d1ON DEL COLCA FULL DAY &#8211; NO TREK"}]},{"@type":"WebSite","@id":"https:\/\/www.arequipay-hostel.com\/#website","url":"https:\/\/www.arequipay-hostel.com\/","name":"AREQUIPAY HOSTEL | Backpakers House","description":"Ingresar\u00e1s como un extra\u00f1o y te ir\u00e1s como un amigo","potentialAction":[{"@type":"SearchAction","target":{"@type":"EntryPoint","urlTemplate":"https:\/\/www.arequipay-hostel.com\/?s={search_term_string}"},"query-input":{"@type":"PropertyValueSpecification","valueRequired":true,"valueName":"search_term_string"}}],"inLanguage":"en-US"}]}},"_links":{"self":[{"href":"https:\/\/www.arequipay-hostel.com\/en\/wp-json\/wp\/v2\/pages\/183","targetHints":{"allow":["GET"]}}],"collection":[{"href":"https:\/\/www.arequipay-hostel.com\/en\/wp-json\/wp\/v2\/pages"}],"about":[{"href":"https:\/\/www.arequipay-hostel.com\/en\/wp-json\/wp\/v2\/types\/page"}],"author":[{"embeddable":true,"href":"https:\/\/www.arequipay-hostel.com\/en\/wp-json\/wp\/v2\/users\/1"}],"replies":[{"embeddable":true,"href":"https:\/\/www.arequipay-hostel.com\/en\/wp-json\/wp\/v2\/comments?post=183"}],"version-history":[{"count":0,"href":"https:\/\/www.arequipay-hostel.com\/en\/wp-json\/wp\/v2\/pages\/183\/revisions"}],"up":[{"embeddable":true,"href":"https:\/\/www.arequipay-hostel.com\/en\/wp-json\/wp\/v2\/pages\/7"}],"wp:featuredmedia":[{"embeddable":true,"href":"https:\/\/www.arequipay-hostel.com\/en\/wp-json\/wp\/v2\/media\/127"}],"wp:attachment":[{"href":"https:\/\/www.arequipay-hostel.com\/en\/wp-json\/wp\/v2\/media?parent=183"}],"curies":[{"name":"wp","href":"https:\/\/api.w.org\/{rel}","templated":true}]}}