{"id":455,"date":"2025-05-29T21:51:02","date_gmt":"2025-05-29T21:51:02","guid":{"rendered":"https:\/\/www.arequipay-hostel.com\/en\/?page_id=455"},"modified":"2026-03-23T17:39:42","modified_gmt":"2026-03-23T17:39:42","slug":"copia_-canon-del-colca-trekking-3-dias","status":"publish","type":"page","link":"https:\/\/www.arequipay-hostel.com\/en\/arequipa-tours\/colca-canyon-one-day-hike\/","title":{"rendered":"COLCA CANYON &#8211; FULL DAY TREK"},"content":{"rendered":"<div class=\"wpb-content-wrapper\"><\/p>\n<p>[vc_row][vc_column width=&#8221;2\/3&#8243;][vc_row_inner][vc_column_inner][csw_carousel_slider images=&#8221;126,213,212&#8243; imgsize=&#8221;medium&#8221; thumb_height=&#8221;400px&#8221; margin=&#8221;0&#8243; autoheight=&#8221;false&#8221; mobilebig=&#8221;1&#8243; tabletsmall=&#8221;1&#8243; tablet=&#8221;1&#8243; desktopsmall=&#8221;1&#8243; desktopmiddle=&#8221;1&#8243; desktopbig=&#8221;1&#8243;][\/vc_column_inner][\/vc_row_inner][vc_raw_html css=&#8221;&#8221;]JTVCY3N3dGFicyU1REl0aW5ldGFyeSUyMCU3QyUyMEluY2x1ZGVzJTIwJTdDJTIwTm90JTIwaW5jbHVkZWQlMjAlN0MlMjBXaGF0JTIwdG8lMjBicmluZyUzRiU1QiUyRmNzd3RhYnMlNUQ=[\/vc_raw_html][vc_row_inner][vc_column_inner el_id=&#8221;csw-tabs&#8221;][csw_icon_container title=&#8221;current&#8221; review=&#8221;true&#8221; extra_class=&#8221;csw-tab csw-tab-green&#8221; summary=&#8221;true&#8221;][csw_icon_tour_options_list options=&#8221;act,not,rep&#8221;][csw_icon_item icon_fontawesome=&#8221;fa fa-solid fa-hand-holding-dollar&#8221; title=&#8221;Price per person:&#8221; title_size=&#8221;div&#8221; width=&#8221;1\/3&#8243;]<\/p>\n<p><span class=\"csw-price\">S\/130.00<\/span><\/p>\n<p>[\/csw_icon_item][csw_icon_item icon_fontawesome=&#8221;fa fa-regular fa-clock&#8221; title=&#8221;Schedules:&#8221; title_size=&#8221;div&#8221; width=&#8221;1\/3&#8243;]<\/p>\n<p><span class=\"csw-times\">2: 45 AM<\/span><\/p>\n<p>[\/csw_icon_item][csw_icon_item icon_fontawesome=&#8221;fa fa-solid fa-clock-rotate-left&#8221; title=&#8221;Duration:&#8221; title_size=&#8221;div&#8221; width=&#8221;1\/3&#8243;]<\/p>\n<p><span class=\"csw-duration\">one day tour<\/span><\/p>\n<p>[\/csw_icon_item][csw_icon_item icon_fontawesome=&#8221;fa fa-solid fa-person-hiking&#8221; title=&#8221;Expedition Information&#8221; extra_class=&#8221;width-full&#8221; csw_css=&#8221;.vc_custom_1748660812031{margin-top: 20px !important;border-top-width: 1px !important;padding-top: 20px !important;border-top-style: solid !important;border-color: #EEEEEE !important;}&#8221;]<\/p>\n<ul>\n<li><strong>Start Time:<\/strong> 3:00 am<\/li>\n<li><strong>Trip lenght<\/strong> 1-2 hours<\/li>\n<li><strong>Hiking distance: <\/strong>up to 3 miles<\/li>\n<li><strong>Difficulty Level:<\/strong> Moderate (up to 700ft)<\/li>\n<li><b>Heights Exposure: <\/b>Moderate (3600 masl)<\/li>\n<li><strong>Our groups are m\u00e1ximum 10 people \u2013 Non Massive groups<\/strong><\/li>\n<\/ul>\n<p>[\/csw_icon_item][\/csw_icon_container][vc_column_text css=&#8221;&#8221; el_class=&#8221;csw-tab csw-tab-green&#8221; el_id=&#8221;tab-1-content&#8221;]<\/p>\n<p>Our ONE-DAY HIKE is an opportunity to experience the Colca Canyon in a different way, challenge yourself on a significant hike with several panoramic and amazing views. A non-classic one-day hike with a picnic can be a great way to enjoy the nature and the outdoors without massive groups. This excursion will allow you to explore the magnificent of the Colca Canyon through a Capac \u00d1an trail (Inca and pre Inca paths).<\/p>\n<h3>ITINERARY:<\/h3>\n<p>2:45 am. Pickup from your hotel in downtown or the main square. 2 hours and a half by a private vehicle to \u201cLa Bruja Viewpoint\u201d 4900m. (Traditional Pago a la Pachamama)<\/p>\n<p>6:30 am. Viewpoint AGOTREK, to appreciate pre-inca terraces and Mismi mountain range, where the Amazonas river source is located.<\/p>\n<p>6:45 am. We continue by our vehicle for around 40 more minutes driving to La Cruz del Condor Lookout<\/p>\n<p>7:30 am. The Cruz del C\u00f3ndor is the Most Popular and mass touristic lookout of Colca canyon we stay here for around 15 minutes only.<\/p>\n<p>8:00 am. Tapay viewpoint, (It takes 5 more minutes only driving to get here) it is another lookout to see them condors.<\/p>\n<p>Picnic breakfast with spectacular view of the canyon<\/p>\n<p>\ud83d\udc49 START OF THE HIKING<\/p>\n<p>8:40 am. We enjoy a beautiful scenery deep in the canyon, with views of condors and various types of local flora. A 1:30-minute hike covers 3,3 miles\/5.3km.<\/p>\n<p>10:20 am. We arrive at Pampa San Miguel, where our vehicle will pick us up and we drive for 30 minutes to get at Pinchollo Village.<\/p>\n<p>10:50 am. We arrive in Pinchollo 3600m. Where we will taste different native fruit from the area and a quiet new typical drink named Colca sour. Then we continue to the hot springs.<\/p>\n<p>11:30 am. We arrive at the hot springs, where we will enjoy thermal waters between 30 to 50 degrees Celsius. (1h.)<\/p>\n<p>12:30 pm. We continue by vehicle to a country side family restaurant.<\/p>\n<p>1:30 pm. We return to Arequipa.<\/p>\n<p>5:30 pm. Arrival in the city center.<\/p>\n<p>&nbsp;<\/p>\n<p>[\/vc_column_text][vc_column_text css=&#8221;&#8221; el_class=&#8221;csw-tab csw-tab-green includes&#8221; el_id=&#8221;tab-2-content&#8221;]<\/p>\n<h3>OUR SERVICE INCLUDES:<\/h3>\n<ul>\n<li>Briefing or tourist orientation<\/li>\n<li>Pick up from the hotel\/hostel (downtown)<\/li>\n<li>Drop off at the hotel\/hostel (optional)<\/li>\n<li>Authorized and implemented tourist transportation.<\/li>\n<li>Hiking and English-speaking Tour Guide (first-aid certified by red cross of Peru)<\/li>\n<li>Picnic breakfast<\/li>\n<li>1 Hiking stick (optional)<\/li>\n<li>Equipped first aid kit and Assistance<\/li>\n<li>Traditional &#8220;Pago a la Pachamama&#8221;<\/li>\n<\/ul>\n<p>[\/vc_column_text][vc_column_text css=&#8221;&#8221; el_class=&#8221;csw-tab csw-tab-green not-included&#8221; el_id=&#8221;tab-3-content&#8221;]<\/p>\n<h3>NOT INCLUDED:<\/h3>\n<ul>\n<li>Colca Canyon entrance fee: General: 70 PEN, Latin American: 40 PEN, Peruvian: 20 PEN (cash only)<\/li>\n<li>Hot springs entrance: 15 PEN<\/li>\n<li>Optional buffet lunch\u00a0 (45 PEN; credit cards accepted)<\/li>\n<li>Water<\/li>\n<li>Travel insurance<\/li>\n<\/ul>\n<p>[\/vc_column_text][vc_column_text css=&#8221;&#8221; el_class=&#8221;csw-tab csw-tab-green&#8221; el_id=&#8221;tab-4-content&#8221;]<\/p>\n<h3>WHAT IS SUGGESTED TO BRING:<\/h3>\n<ul>\n<li>Short and long sleeved shirts.<\/li>\n<li>Warm jacket.<\/li>\n<li>Bathing suite.<\/li>\n<li>Towel.<\/li>\n<li>Trek shoes.<\/li>\n<li>Flip-flops.<\/li>\n<li>Hat for the sun.<\/li>\n<li>Sunglasses.<\/li>\n<li>Toilet paper.<\/li>\n<li>Sunscreen.<\/li>\n<li>Insect repellent.<\/li>\n<li>Water<\/li>\n<\/ul>\n<hr \/>\n<h4>Price and Cancellation policy:<\/h4>\n<ul>\n<li>Published prices apply for payments made via <strong data-start=\"793\" data-end=\"831\">bank transfer, Yape, Plin, or cash<\/strong>.<\/li>\n<li data-start=\"837\" data-end=\"920\">Payments made with <strong data-start=\"856\" data-end=\"881\">credit or debit cards<\/strong> will incur an additional <strong data-start=\"907\" data-end=\"917\">5% fee<\/strong>.<\/li>\n<li data-start=\"923\" data-end=\"1014\">You may <strong data-start=\"931\" data-end=\"970\">reschedule your tour free of charge<\/strong> up to 24 hours before the program begins.<\/li>\n<li data-start=\"1017\" data-end=\"1142\">If you <strong data-start=\"1024\" data-end=\"1063\">cancel at least 24 hours in advance<\/strong>, we will refund the amount paid (minus the 5% credit\/debit card commission).<\/li>\n<li data-start=\"1145\" data-end=\"1215\">After this period, <strong data-start=\"1164\" data-end=\"1212\">no changes or cancellations will be accepted<\/strong>.<\/li>\n<\/ul>\n<p>[\/vc_column_text][\/vc_column_inner][\/vc_row_inner][\/vc_column][vc_column width=&#8221;1\/3&#8243; el_class=&#8221;sidebar&#8221; el_id=&#8221;sidebar&#8221;][vc_widget_sidebar sidebar_id=&#8221;widget-wtour&#8221;][\/vc_column][\/vc_row]<\/p>\n<p><\/p><\/div>","protected":false},"excerpt":{"rendered":"<p>[vc_row][vc_column width=&#8221;2\/3&#8243;][vc_row_inner][vc_column_inner][csw_carousel_slider images=&#8221;126,213,212&#8243; imgsize=&#8221;medium&#8221; thumb_height=&#8221;400px&#8221; margin=&#8221;0&#8243; autoheight=&#8221;false&#8221; mobilebig=&#8221;1&#8243; tabletsmall=&#8221;1&#8243; tablet=&#8221;1&#8243; desktopsmall=&#8221;1&#8243; desktopmiddle=&#8221;1&#8243; desktopbig=&#8221;1&#8243;][\/vc_column_inner][\/vc_row_inner][vc_raw_html css=&#8221;&#8221;]JTVCY3N3dGFicyU1REl0aW5ldGFyeSUyMCU3QyUyMEluY2x1ZGVzJTIwJTdDJTIwTm90JTIwaW5jbHVkZWQlMjAlN0MlMjBXaGF0JTIwdG8lMjBicmluZyUzRiU1QiUyRmNzd3RhYnMlNUQ=[\/vc_raw_html][vc_row_inner][vc_column_inner el_id=&#8221;csw-tabs&#8221;][csw_icon_container title=&#8221;current&#8221; review=&#8221;true&#8221; extra_class=&#8221;csw-tab csw-tab-green&#8221; summary=&#8221;true&#8221;][csw_icon_tour_options_list [&hellip;]<\/p>\n","protected":false},"author":3,"featured_media":126,"parent":7,"menu_order":3,"comment_status":"closed","ping_status":"closed","template":"","meta":{"footnotes":""},"class_list":["post-455","page","type-page","status-publish","has-post-thumbnail","hentry"],"yoast_head":"<!-- This site is optimized with the Yoast SEO plugin v25.2 - https:\/\/yoast.com\/wordpress\/plugins\/seo\/ -->\n<title>COLCA CANYON - FULL DAY TREK | AREQUIPAY HOSTEL | Backpakers House<\/title>\n<meta name=\"robots\" content=\"index, follow, max-snippet:-1, max-image-preview:large, max-video-preview:-1\" \/>\n<link rel=\"canonical\" href=\"https:\/\/www.arequipay-hostel.com\/es\/tours-arequipa\/canon-del-colca-full-day-trek\/\" \/>\n<meta property=\"og:locale\" content=\"en_US\" \/>\n<meta property=\"og:type\" content=\"article\" \/>\n<meta property=\"og:title\" content=\"COLCA CANYON - FULL DAY TREK | AREQUIPAY HOSTEL | Backpakers House\" \/>\n<meta property=\"og:description\" content=\"[vc_row][vc_column width=&#8221;2\/3&#8243;][vc_row_inner][vc_column_inner][csw_carousel_slider images=&#8221;126,213,212&#8243; imgsize=&#8221;medium&#8221; thumb_height=&#8221;400px&#8221; margin=&#8221;0&#8243; autoheight=&#8221;false&#8221; mobilebig=&#8221;1&#8243; tabletsmall=&#8221;1&#8243; tablet=&#8221;1&#8243; desktopsmall=&#8221;1&#8243; desktopmiddle=&#8221;1&#8243; desktopbig=&#8221;1&#8243;][\/vc_column_inner][\/vc_row_inner][vc_raw_html css=&#8221;&#8221;]JTVCY3N3dGFicyU1REl0aW5ldGFyeSUyMCU3QyUyMEluY2x1ZGVzJTIwJTdDJTIwTm90JTIwaW5jbHVkZWQlMjAlN0MlMjBXaGF0JTIwdG8lMjBicmluZyUzRiU1QiUyRmNzd3RhYnMlNUQ=[\/vc_raw_html][vc_row_inner][vc_column_inner el_id=&#8221;csw-tabs&#8221;][csw_icon_container title=&#8221;current&#8221; review=&#8221;true&#8221; extra_class=&#8221;csw-tab csw-tab-green&#8221; summary=&#8221;true&#8221;][csw_icon_tour_options_list [&hellip;]\" \/>\n<meta property=\"og:url\" content=\"https:\/\/www.arequipay-hostel.com\/es\/tours-arequipa\/canon-del-colca-full-day-trek\/\" \/>\n<meta property=\"og:site_name\" content=\"AREQUIPAY HOSTEL | Backpakers House\" \/>\n<meta property=\"article:modified_time\" content=\"2026-03-23T17:39:42+00:00\" \/>\n<meta property=\"og:image\" content=\"https:\/\/www.arequipay-hostel.com\/wp-content\/uploads\/2021\/02\/arequipay-hostel-colca-3-days.jpg\" \/>\n\t<meta property=\"og:image:width\" content=\"720\" \/>\n\t<meta property=\"og:image:height\" content=\"480\" \/>\n\t<meta property=\"og:image:type\" content=\"image\/jpeg\" \/>\n<meta name=\"twitter:card\" content=\"summary_large_image\" \/>\n<meta name=\"twitter:label1\" content=\"Est. reading time\" \/>\n\t<meta name=\"twitter:data1\" content=\"9 minutes\" \/>\n<script type=\"application\/ld+json\" class=\"yoast-schema-graph\">{\"@context\":\"https:\/\/schema.org\",\"@graph\":[{\"@type\":\"WebPage\",\"@id\":\"https:\/\/www.arequipay-hostel.com\/es\/tours-arequipa\/canon-del-colca-full-day-trek\/\",\"url\":\"https:\/\/www.arequipay-hostel.com\/es\/tours-arequipa\/canon-del-colca-full-day-trek\/\",\"name\":\"COLCA CANYON - FULL DAY TREK | AREQUIPAY HOSTEL | Backpakers House\",\"isPartOf\":{\"@id\":\"https:\/\/www.arequipay-hostel.com\/#website\"},\"primaryImageOfPage\":{\"@id\":\"https:\/\/www.arequipay-hostel.com\/es\/tours-arequipa\/canon-del-colca-full-day-trek\/#primaryimage\"},\"image\":{\"@id\":\"https:\/\/www.arequipay-hostel.com\/es\/tours-arequipa\/canon-del-colca-full-day-trek\/#primaryimage\"},\"thumbnailUrl\":\"https:\/\/www.arequipay-hostel.com\/wp-content\/uploads\/2021\/02\/arequipay-hostel-colca-3-days.jpg\",\"datePublished\":\"2025-05-29T21:51:02+00:00\",\"dateModified\":\"2026-03-23T17:39:42+00:00\",\"breadcrumb\":{\"@id\":\"https:\/\/www.arequipay-hostel.com\/es\/tours-arequipa\/canon-del-colca-full-day-trek\/#breadcrumb\"},\"inLanguage\":\"en-US\",\"potentialAction\":[{\"@type\":\"ReadAction\",\"target\":[\"https:\/\/www.arequipay-hostel.com\/es\/tours-arequipa\/canon-del-colca-full-day-trek\/\"]}]},{\"@type\":\"ImageObject\",\"inLanguage\":\"en-US\",\"@id\":\"https:\/\/www.arequipay-hostel.com\/es\/tours-arequipa\/canon-del-colca-full-day-trek\/#primaryimage\",\"url\":\"https:\/\/www.arequipay-hostel.com\/wp-content\/uploads\/2021\/02\/arequipay-hostel-colca-3-days.jpg\",\"contentUrl\":\"https:\/\/www.arequipay-hostel.com\/wp-content\/uploads\/2021\/02\/arequipay-hostel-colca-3-days.jpg\",\"width\":720,\"height\":480},{\"@type\":\"BreadcrumbList\",\"@id\":\"https:\/\/www.arequipay-hostel.com\/es\/tours-arequipa\/canon-del-colca-full-day-trek\/#breadcrumb\",\"itemListElement\":[{\"@type\":\"ListItem\",\"position\":1,\"name\":\"Portada\",\"item\":\"https:\/\/www.arequipay-hostel.com\/es\/\"},{\"@type\":\"ListItem\",\"position\":2,\"name\":\"Tours Arequipa\",\"item\":\"https:\/\/www.arequipay-hostel.com\/tours-arequipa\/\"},{\"@type\":\"ListItem\",\"position\":3,\"name\":\"CA\u00d1ON DEL COLCA FULL DAY TREK\"}]},{\"@type\":\"WebSite\",\"@id\":\"https:\/\/www.arequipay-hostel.com\/#website\",\"url\":\"https:\/\/www.arequipay-hostel.com\/\",\"name\":\"AREQUIPAY HOSTEL | Backpakers House\",\"description\":\"Ingresar\u00e1s como un extra\u00f1o y te ir\u00e1s como un amigo\",\"potentialAction\":[{\"@type\":\"SearchAction\",\"target\":{\"@type\":\"EntryPoint\",\"urlTemplate\":\"https:\/\/www.arequipay-hostel.com\/?s={search_term_string}\"},\"query-input\":{\"@type\":\"PropertyValueSpecification\",\"valueRequired\":true,\"valueName\":\"search_term_string\"}}],\"inLanguage\":\"en-US\"}]}<\/script>\n<!-- \/ Yoast SEO plugin. -->","yoast_head_json":{"title":"COLCA CANYON - FULL DAY TREK | AREQUIPAY HOSTEL | Backpakers House","robots":{"index":"index","follow":"follow","max-snippet":"max-snippet:-1","max-image-preview":"max-image-preview:large","max-video-preview":"max-video-preview:-1"},"canonical":"https:\/\/www.arequipay-hostel.com\/es\/tours-arequipa\/canon-del-colca-full-day-trek\/","og_locale":"en_US","og_type":"article","og_title":"COLCA CANYON - FULL DAY TREK | AREQUIPAY HOSTEL | Backpakers House","og_description":"[vc_row][vc_column width=&#8221;2\/3&#8243;][vc_row_inner][vc_column_inner][csw_carousel_slider images=&#8221;126,213,212&#8243; imgsize=&#8221;medium&#8221; thumb_height=&#8221;400px&#8221; margin=&#8221;0&#8243; autoheight=&#8221;false&#8221; mobilebig=&#8221;1&#8243; tabletsmall=&#8221;1&#8243; tablet=&#8221;1&#8243; desktopsmall=&#8221;1&#8243; desktopmiddle=&#8221;1&#8243; desktopbig=&#8221;1&#8243;][\/vc_column_inner][\/vc_row_inner][vc_raw_html css=&#8221;&#8221;]JTVCY3N3dGFicyU1REl0aW5ldGFyeSUyMCU3QyUyMEluY2x1ZGVzJTIwJTdDJTIwTm90JTIwaW5jbHVkZWQlMjAlN0MlMjBXaGF0JTIwdG8lMjBicmluZyUzRiU1QiUyRmNzd3RhYnMlNUQ=[\/vc_raw_html][vc_row_inner][vc_column_inner el_id=&#8221;csw-tabs&#8221;][csw_icon_container title=&#8221;current&#8221; review=&#8221;true&#8221; extra_class=&#8221;csw-tab csw-tab-green&#8221; summary=&#8221;true&#8221;][csw_icon_tour_options_list [&hellip;]","og_url":"https:\/\/www.arequipay-hostel.com\/es\/tours-arequipa\/canon-del-colca-full-day-trek\/","og_site_name":"AREQUIPAY HOSTEL | Backpakers House","article_modified_time":"2026-03-23T17:39:42+00:00","og_image":[{"width":720,"height":480,"url":"https:\/\/www.arequipay-hostel.com\/wp-content\/uploads\/2021\/02\/arequipay-hostel-colca-3-days.jpg","type":"image\/jpeg"}],"twitter_card":"summary_large_image","twitter_misc":{"Est. reading time":"9 minutes"},"schema":{"@context":"https:\/\/schema.org","@graph":[{"@type":"WebPage","@id":"https:\/\/www.arequipay-hostel.com\/es\/tours-arequipa\/canon-del-colca-full-day-trek\/","url":"https:\/\/www.arequipay-hostel.com\/es\/tours-arequipa\/canon-del-colca-full-day-trek\/","name":"COLCA CANYON - FULL DAY TREK | AREQUIPAY HOSTEL | Backpakers House","isPartOf":{"@id":"https:\/\/www.arequipay-hostel.com\/#website"},"primaryImageOfPage":{"@id":"https:\/\/www.arequipay-hostel.com\/es\/tours-arequipa\/canon-del-colca-full-day-trek\/#primaryimage"},"image":{"@id":"https:\/\/www.arequipay-hostel.com\/es\/tours-arequipa\/canon-del-colca-full-day-trek\/#primaryimage"},"thumbnailUrl":"https:\/\/www.arequipay-hostel.com\/wp-content\/uploads\/2021\/02\/arequipay-hostel-colca-3-days.jpg","datePublished":"2025-05-29T21:51:02+00:00","dateModified":"2026-03-23T17:39:42+00:00","breadcrumb":{"@id":"https:\/\/www.arequipay-hostel.com\/es\/tours-arequipa\/canon-del-colca-full-day-trek\/#breadcrumb"},"inLanguage":"en-US","potentialAction":[{"@type":"ReadAction","target":["https:\/\/www.arequipay-hostel.com\/es\/tours-arequipa\/canon-del-colca-full-day-trek\/"]}]},{"@type":"ImageObject","inLanguage":"en-US","@id":"https:\/\/www.arequipay-hostel.com\/es\/tours-arequipa\/canon-del-colca-full-day-trek\/#primaryimage","url":"https:\/\/www.arequipay-hostel.com\/wp-content\/uploads\/2021\/02\/arequipay-hostel-colca-3-days.jpg","contentUrl":"https:\/\/www.arequipay-hostel.com\/wp-content\/uploads\/2021\/02\/arequipay-hostel-colca-3-days.jpg","width":720,"height":480},{"@type":"BreadcrumbList","@id":"https:\/\/www.arequipay-hostel.com\/es\/tours-arequipa\/canon-del-colca-full-day-trek\/#breadcrumb","itemListElement":[{"@type":"ListItem","position":1,"name":"Portada","item":"https:\/\/www.arequipay-hostel.com\/es\/"},{"@type":"ListItem","position":2,"name":"Tours Arequipa","item":"https:\/\/www.arequipay-hostel.com\/tours-arequipa\/"},{"@type":"ListItem","position":3,"name":"CA\u00d1ON DEL COLCA FULL DAY TREK"}]},{"@type":"WebSite","@id":"https:\/\/www.arequipay-hostel.com\/#website","url":"https:\/\/www.arequipay-hostel.com\/","name":"AREQUIPAY HOSTEL | Backpakers House","description":"Ingresar\u00e1s como un extra\u00f1o y te ir\u00e1s como un amigo","potentialAction":[{"@type":"SearchAction","target":{"@type":"EntryPoint","urlTemplate":"https:\/\/www.arequipay-hostel.com\/?s={search_term_string}"},"query-input":{"@type":"PropertyValueSpecification","valueRequired":true,"valueName":"search_term_string"}}],"inLanguage":"en-US"}]}},"_links":{"self":[{"href":"https:\/\/www.arequipay-hostel.com\/en\/wp-json\/wp\/v2\/pages\/455","targetHints":{"allow":["GET"]}}],"collection":[{"href":"https:\/\/www.arequipay-hostel.com\/en\/wp-json\/wp\/v2\/pages"}],"about":[{"href":"https:\/\/www.arequipay-hostel.com\/en\/wp-json\/wp\/v2\/types\/page"}],"author":[{"embeddable":true,"href":"https:\/\/www.arequipay-hostel.com\/en\/wp-json\/wp\/v2\/users\/3"}],"replies":[{"embeddable":true,"href":"https:\/\/www.arequipay-hostel.com\/en\/wp-json\/wp\/v2\/comments?post=455"}],"version-history":[{"count":0,"href":"https:\/\/www.arequipay-hostel.com\/en\/wp-json\/wp\/v2\/pages\/455\/revisions"}],"up":[{"embeddable":true,"href":"https:\/\/www.arequipay-hostel.com\/en\/wp-json\/wp\/v2\/pages\/7"}],"wp:featuredmedia":[{"embeddable":true,"href":"https:\/\/www.arequipay-hostel.com\/en\/wp-json\/wp\/v2\/media\/126"}],"wp:attachment":[{"href":"https:\/\/www.arequipay-hostel.com\/en\/wp-json\/wp\/v2\/media?parent=455"}],"curies":[{"name":"wp","href":"https:\/\/api.w.org\/{rel}","templated":true}]}}