{"id":472,"date":"2025-08-13T17:32:12","date_gmt":"2025-08-13T17:32:12","guid":{"rendered":"https:\/\/www.arequipay-hostel.com\/es\/?page_id=472"},"modified":"2025-08-13T18:20:11","modified_gmt":"2025-08-13T18:20:11","slug":"tour-campina-arequipena","status":"publish","type":"page","link":"https:\/\/www.arequipay-hostel.com\/en\/arequipa-tours\/full-day-to-the-colca-canyon-arequipa-2\/","title":{"rendered":"CAMPI\u00d1A AREQUIPE\u00d1A TOUR"},"content":{"rendered":"<div class=\"wpb-content-wrapper\"><\/p>\n<p>[vc_row][vc_column width=&#8221;2\/3&#8243;][vc_row_inner][vc_column_inner][csw_carousel_slider images=&#8221;127&#8243; imgsize=&#8221;medium&#8221; thumb_height=&#8221;400px&#8221; margin=&#8221;0&#8243; autoheight=&#8221;false&#8221; mobilebig=&#8221;1&#8243; tabletsmall=&#8221;1&#8243; tablet=&#8221;1&#8243; desktopsmall=&#8221;1&#8243; desktopmiddle=&#8221;1&#8243; desktopbig=&#8221;1&#8243;][\/vc_column_inner][\/vc_row_inner][vc_raw_html css=&#8221;&#8221;]JTVCY3N3dGFicyU1RFN1bW1hcnklMjAlN0MlMjBJbmNsdWRlcyUyMCU3QyUyME5vdCUyMGluY2x1ZGVkJTIwJTdDJTIwV2hhdCUyMHRvJTIwYnJpbmclM0YlNUIlMkZjc3d0YWJzJTVE[\/vc_raw_html][vc_row_inner][vc_column_inner el_id=&#8221;csw-tabs&#8221;][csw_icon_container title=&#8221;current&#8221; review=&#8221;true&#8221; extra_class=&#8221;csw-tab csw-tab-green&#8221; summary=&#8221;true&#8221;][csw_icon_tour_options_list options=&#8221;act,not,rep&#8221; summary=&#8221;true&#8221;][csw_icon_item icon_fontawesome=&#8221;fa fa-solid fa-hand-holding-dollar&#8221; title=&#8221;Precio por persona:&#8221; title_size=&#8221;div&#8221; width=&#8221;1\/3&#8243;]<\/p>\n<p><span class=\"csw-price\">S\/.35<\/span><\/p>\n<p>[\/csw_icon_item][csw_icon_item icon_fontawesome=&#8221;fa fa-regular fa-clock&#8221; title=&#8221;Horarios:&#8221; title_size=&#8221;div&#8221; width=&#8221;1\/3&#8243;]<\/p>\n<p><span class=\"csw-times\">9 am, 11 30 am, 2 pm<\/span><\/p>\n<p>[\/csw_icon_item][csw_icon_item icon_fontawesome=&#8221;fa fa-solid fa-clock-rotate-left&#8221; title=&#8221;Duraci\u00f3n:&#8221; title_size=&#8221;div&#8221; width=&#8221;1\/3&#8243;]<\/p>\n<p><span class=\"csw-duration\">4 hours<\/span><\/p>\n<p>[\/csw_icon_item][\/csw_icon_container][vc_column_text css=&#8221;&#8221; el_class=&#8221;csw-tab csw-tab-green&#8221; el_id=&#8221;tab-1-content&#8221;]<\/p>\n<h3>ITINERARY:<\/h3>\n<ul>\n<li>Schedules: 9:00 am, 11:30 am, and 2:00 pm<\/li>\n<li>Duration: Approximately 4 hours<\/li>\n<\/ul>\n<p>&nbsp;<\/p>\n<ul>\n<li>Plaza de Armas and surroundings by panoramic bus<\/li>\n<li>Yanahuara: Traditional neighborhood with narrow and picturesque streets<\/li>\n<li>Carmen Alto Viewpoint: Breathtaking views of terraces, cultivation areas, and the Chili River<\/li>\n<li>Incalpaca Factory and Zoo: High-quality alpaca garments<\/li>\n<li>Sachaca District: Goyeneche Palace and Tingo.<\/li>\n<li>Founder&#8217;s Mansion: Colonial building with art pieces, furniture from different eras, and collectible objects<\/li>\n<li>Sabandia Mill: Historic monument with typical regional architecture, ancient techniques for processing wheat, and views of the volcanoes<\/li>\n<\/ul>\n<p>IMPORTANT:<\/p>\n<ul>\n<li>For the 11:30 am tour, lunch will be served at a picanter\u00eda in Arancota\u00a0<\/li>\n<\/ul>\n<p>[\/vc_column_text][vc_column_text css=&#8221;&#8221; el_class=&#8221;csw-tab csw-tab-green includes&#8221; el_id=&#8221;tab-2-content&#8221;]<\/p>\n<h3>INCLUDED.<\/h3>\n<ul>\n<li>Panoramic bus<\/li>\n<li>Billingual guide (spanish &#8211; english)<\/li>\n<\/ul>\n<p>[\/vc_column_text][vc_column_text css=&#8221;&#8221; el_class=&#8221;csw-tab csw-tab-green not-included&#8221; el_id=&#8221;tab-3-content&#8221;]<\/p>\n<h3>NOT INCLUDED:<\/h3>\n<ul>\n<li>Lunch<\/li>\n<\/ul>\n<p>Entrances:<\/p>\n<ul>\n<li>Mirador de Carmen Alto S\/. 6.00<\/li>\n<li>Palacio de Goyeneche S\/. 6.00<\/li>\n<li>Mansion del Fundador S\/. 17.00 &#8211; Kids: S\/. 12.00<\/li>\n<li>Molino de Sabandia S\/. 10.00 &#8211; Kids S\/. 5.00<\/li>\n<\/ul>\n<p>[\/vc_column_text][vc_column_text css=&#8221;&#8221; el_class=&#8221;csw-tab csw-tab-green&#8221; el_id=&#8221;tab-4-content&#8221;]<\/p>\n<h3>WE SUGGESTO TO BRING:<\/h3>\n<p>Hat, sunglasses, sunscreen, light luggage, warm clothing, cash, water.<\/p>\n<p>[\/vc_column_text][\/vc_column_inner][\/vc_row_inner][\/vc_column][vc_column width=&#8221;1\/3&#8243; el_class=&#8221;sidebar&#8221; el_id=&#8221;sidebar&#8221;][vc_widget_sidebar sidebar_id=&#8221;widget-wtour&#8221;][\/vc_column][\/vc_row]<\/p>\n<p><\/p><\/div>","protected":false},"excerpt":{"rendered":"<p>[vc_row][vc_column width=&#8221;2\/3&#8243;][vc_row_inner][vc_column_inner][csw_carousel_slider images=&#8221;127&#8243; imgsize=&#8221;medium&#8221; thumb_height=&#8221;400px&#8221; margin=&#8221;0&#8243; autoheight=&#8221;false&#8221; mobilebig=&#8221;1&#8243; tabletsmall=&#8221;1&#8243; tablet=&#8221;1&#8243; desktopsmall=&#8221;1&#8243; desktopmiddle=&#8221;1&#8243; desktopbig=&#8221;1&#8243;][\/vc_column_inner][\/vc_row_inner][vc_raw_html css=&#8221;&#8221;]JTVCY3N3dGFicyU1RFN1bW1hcnklMjAlN0MlMjBJbmNsdWRlcyUyMCU3QyUyME5vdCUyMGluY2x1ZGVkJTIwJTdDJTIwV2hhdCUyMHRvJTIwYnJpbmclM0YlNUIlMkZjc3d0YWJzJTVE[\/vc_raw_html][vc_row_inner][vc_column_inner el_id=&#8221;csw-tabs&#8221;][csw_icon_container title=&#8221;current&#8221; review=&#8221;true&#8221; extra_class=&#8221;csw-tab csw-tab-green&#8221; summary=&#8221;true&#8221;][csw_icon_tour_options_list [&hellip;]<\/p>\n","protected":false},"author":3,"featured_media":473,"parent":7,"menu_order":9,"comment_status":"closed","ping_status":"closed","template":"","meta":{"footnotes":""},"class_list":["post-472","page","type-page","status-publish","has-post-thumbnail","hentry"],"yoast_head":"<!-- This site is optimized with the Yoast SEO plugin v25.2 - https:\/\/yoast.com\/wordpress\/plugins\/seo\/ -->\n<title>CAMPI\u00d1A AREQUIPE\u00d1A TOUR | AREQUIPAY HOSTEL | Backpakers House<\/title>\n<meta name=\"robots\" content=\"index, follow, max-snippet:-1, max-image-preview:large, max-video-preview:-1\" \/>\n<link rel=\"canonical\" href=\"https:\/\/www.arequipay-hostel.com\/es\/tours-arequipa\/full-day-al-canon-del-colca-arequipa-2\/\" \/>\n<meta property=\"og:locale\" content=\"en_US\" \/>\n<meta property=\"og:type\" content=\"article\" \/>\n<meta property=\"og:title\" content=\"CAMPI\u00d1A AREQUIPE\u00d1A TOUR | AREQUIPAY HOSTEL | Backpakers House\" \/>\n<meta property=\"og:description\" content=\"[vc_row][vc_column width=&#8221;2\/3&#8243;][vc_row_inner][vc_column_inner][csw_carousel_slider images=&#8221;127&#8243; imgsize=&#8221;medium&#8221; thumb_height=&#8221;400px&#8221; margin=&#8221;0&#8243; autoheight=&#8221;false&#8221; mobilebig=&#8221;1&#8243; tabletsmall=&#8221;1&#8243; tablet=&#8221;1&#8243; desktopsmall=&#8221;1&#8243; desktopmiddle=&#8221;1&#8243; desktopbig=&#8221;1&#8243;][\/vc_column_inner][\/vc_row_inner][vc_raw_html css=&#8221;&#8221;]JTVCY3N3dGFicyU1RFN1bW1hcnklMjAlN0MlMjBJbmNsdWRlcyUyMCU3QyUyME5vdCUyMGluY2x1ZGVkJTIwJTdDJTIwV2hhdCUyMHRvJTIwYnJpbmclM0YlNUIlMkZjc3d0YWJzJTVE[\/vc_raw_html][vc_row_inner][vc_column_inner el_id=&#8221;csw-tabs&#8221;][csw_icon_container title=&#8221;current&#8221; review=&#8221;true&#8221; extra_class=&#8221;csw-tab csw-tab-green&#8221; summary=&#8221;true&#8221;][csw_icon_tour_options_list [&hellip;]\" \/>\n<meta property=\"og:url\" content=\"https:\/\/www.arequipay-hostel.com\/es\/tours-arequipa\/full-day-al-canon-del-colca-arequipa-2\/\" \/>\n<meta property=\"og:site_name\" content=\"AREQUIPAY HOSTEL | Backpakers House\" \/>\n<meta property=\"article:modified_time\" content=\"2025-08-13T18:20:11+00:00\" \/>\n<meta property=\"og:image\" content=\"https:\/\/www.arequipay-hostel.com\/wp-content\/uploads\/2025\/08\/IMG-20220429-WA0061.jpg\" \/>\n\t<meta property=\"og:image:width\" content=\"1600\" \/>\n\t<meta property=\"og:image:height\" content=\"1200\" \/>\n\t<meta property=\"og:image:type\" content=\"image\/jpeg\" \/>\n<meta name=\"twitter:card\" content=\"summary_large_image\" \/>\n<meta name=\"twitter:label1\" content=\"Est. reading time\" \/>\n\t<meta name=\"twitter:data1\" content=\"4 minutes\" \/>\n<script type=\"application\/ld+json\" class=\"yoast-schema-graph\">{\"@context\":\"https:\/\/schema.org\",\"@graph\":[{\"@type\":\"WebPage\",\"@id\":\"https:\/\/www.arequipay-hostel.com\/es\/tours-arequipa\/full-day-al-canon-del-colca-arequipa-2\/\",\"url\":\"https:\/\/www.arequipay-hostel.com\/es\/tours-arequipa\/full-day-al-canon-del-colca-arequipa-2\/\",\"name\":\"CAMPI\u00d1A AREQUIPE\u00d1A TOUR | AREQUIPAY HOSTEL | Backpakers House\",\"isPartOf\":{\"@id\":\"https:\/\/www.arequipay-hostel.com\/#website\"},\"primaryImageOfPage\":{\"@id\":\"https:\/\/www.arequipay-hostel.com\/es\/tours-arequipa\/full-day-al-canon-del-colca-arequipa-2\/#primaryimage\"},\"image\":{\"@id\":\"https:\/\/www.arequipay-hostel.com\/es\/tours-arequipa\/full-day-al-canon-del-colca-arequipa-2\/#primaryimage\"},\"thumbnailUrl\":\"https:\/\/www.arequipay-hostel.com\/wp-content\/uploads\/2025\/08\/IMG-20220429-WA0061.jpg\",\"datePublished\":\"2025-08-13T17:32:12+00:00\",\"dateModified\":\"2025-08-13T18:20:11+00:00\",\"breadcrumb\":{\"@id\":\"https:\/\/www.arequipay-hostel.com\/es\/tours-arequipa\/full-day-al-canon-del-colca-arequipa-2\/#breadcrumb\"},\"inLanguage\":\"en-US\",\"potentialAction\":[{\"@type\":\"ReadAction\",\"target\":[\"https:\/\/www.arequipay-hostel.com\/es\/tours-arequipa\/full-day-al-canon-del-colca-arequipa-2\/\"]}]},{\"@type\":\"ImageObject\",\"inLanguage\":\"en-US\",\"@id\":\"https:\/\/www.arequipay-hostel.com\/es\/tours-arequipa\/full-day-al-canon-del-colca-arequipa-2\/#primaryimage\",\"url\":\"https:\/\/www.arequipay-hostel.com\/wp-content\/uploads\/2025\/08\/IMG-20220429-WA0061.jpg\",\"contentUrl\":\"https:\/\/www.arequipay-hostel.com\/wp-content\/uploads\/2025\/08\/IMG-20220429-WA0061.jpg\",\"width\":1600,\"height\":1200},{\"@type\":\"BreadcrumbList\",\"@id\":\"https:\/\/www.arequipay-hostel.com\/es\/tours-arequipa\/full-day-al-canon-del-colca-arequipa-2\/#breadcrumb\",\"itemListElement\":[{\"@type\":\"ListItem\",\"position\":1,\"name\":\"Portada\",\"item\":\"https:\/\/www.arequipay-hostel.com\/es\/\"},{\"@type\":\"ListItem\",\"position\":2,\"name\":\"Tours Arequipa\",\"item\":\"https:\/\/www.arequipay-hostel.com\/tours-arequipa\/\"},{\"@type\":\"ListItem\",\"position\":3,\"name\":\"TOUR CAMPI\u00d1A AREQUIPE\u00d1A\"}]},{\"@type\":\"WebSite\",\"@id\":\"https:\/\/www.arequipay-hostel.com\/#website\",\"url\":\"https:\/\/www.arequipay-hostel.com\/\",\"name\":\"AREQUIPAY HOSTEL | Backpakers House\",\"description\":\"Ingresar\u00e1s como un extra\u00f1o y te ir\u00e1s como un amigo\",\"potentialAction\":[{\"@type\":\"SearchAction\",\"target\":{\"@type\":\"EntryPoint\",\"urlTemplate\":\"https:\/\/www.arequipay-hostel.com\/?s={search_term_string}\"},\"query-input\":{\"@type\":\"PropertyValueSpecification\",\"valueRequired\":true,\"valueName\":\"search_term_string\"}}],\"inLanguage\":\"en-US\"}]}<\/script>\n<!-- \/ Yoast SEO plugin. -->","yoast_head_json":{"title":"CAMPI\u00d1A AREQUIPE\u00d1A TOUR | AREQUIPAY HOSTEL | Backpakers House","robots":{"index":"index","follow":"follow","max-snippet":"max-snippet:-1","max-image-preview":"max-image-preview:large","max-video-preview":"max-video-preview:-1"},"canonical":"https:\/\/www.arequipay-hostel.com\/es\/tours-arequipa\/full-day-al-canon-del-colca-arequipa-2\/","og_locale":"en_US","og_type":"article","og_title":"CAMPI\u00d1A AREQUIPE\u00d1A TOUR | AREQUIPAY HOSTEL | Backpakers House","og_description":"[vc_row][vc_column width=&#8221;2\/3&#8243;][vc_row_inner][vc_column_inner][csw_carousel_slider images=&#8221;127&#8243; imgsize=&#8221;medium&#8221; thumb_height=&#8221;400px&#8221; margin=&#8221;0&#8243; autoheight=&#8221;false&#8221; mobilebig=&#8221;1&#8243; tabletsmall=&#8221;1&#8243; tablet=&#8221;1&#8243; desktopsmall=&#8221;1&#8243; desktopmiddle=&#8221;1&#8243; desktopbig=&#8221;1&#8243;][\/vc_column_inner][\/vc_row_inner][vc_raw_html css=&#8221;&#8221;]JTVCY3N3dGFicyU1RFN1bW1hcnklMjAlN0MlMjBJbmNsdWRlcyUyMCU3QyUyME5vdCUyMGluY2x1ZGVkJTIwJTdDJTIwV2hhdCUyMHRvJTIwYnJpbmclM0YlNUIlMkZjc3d0YWJzJTVE[\/vc_raw_html][vc_row_inner][vc_column_inner el_id=&#8221;csw-tabs&#8221;][csw_icon_container title=&#8221;current&#8221; review=&#8221;true&#8221; extra_class=&#8221;csw-tab csw-tab-green&#8221; summary=&#8221;true&#8221;][csw_icon_tour_options_list [&hellip;]","og_url":"https:\/\/www.arequipay-hostel.com\/es\/tours-arequipa\/full-day-al-canon-del-colca-arequipa-2\/","og_site_name":"AREQUIPAY HOSTEL | Backpakers House","article_modified_time":"2025-08-13T18:20:11+00:00","og_image":[{"width":1600,"height":1200,"url":"https:\/\/www.arequipay-hostel.com\/wp-content\/uploads\/2025\/08\/IMG-20220429-WA0061.jpg","type":"image\/jpeg"}],"twitter_card":"summary_large_image","twitter_misc":{"Est. reading time":"4 minutes"},"schema":{"@context":"https:\/\/schema.org","@graph":[{"@type":"WebPage","@id":"https:\/\/www.arequipay-hostel.com\/es\/tours-arequipa\/full-day-al-canon-del-colca-arequipa-2\/","url":"https:\/\/www.arequipay-hostel.com\/es\/tours-arequipa\/full-day-al-canon-del-colca-arequipa-2\/","name":"CAMPI\u00d1A AREQUIPE\u00d1A TOUR | AREQUIPAY HOSTEL | Backpakers House","isPartOf":{"@id":"https:\/\/www.arequipay-hostel.com\/#website"},"primaryImageOfPage":{"@id":"https:\/\/www.arequipay-hostel.com\/es\/tours-arequipa\/full-day-al-canon-del-colca-arequipa-2\/#primaryimage"},"image":{"@id":"https:\/\/www.arequipay-hostel.com\/es\/tours-arequipa\/full-day-al-canon-del-colca-arequipa-2\/#primaryimage"},"thumbnailUrl":"https:\/\/www.arequipay-hostel.com\/wp-content\/uploads\/2025\/08\/IMG-20220429-WA0061.jpg","datePublished":"2025-08-13T17:32:12+00:00","dateModified":"2025-08-13T18:20:11+00:00","breadcrumb":{"@id":"https:\/\/www.arequipay-hostel.com\/es\/tours-arequipa\/full-day-al-canon-del-colca-arequipa-2\/#breadcrumb"},"inLanguage":"en-US","potentialAction":[{"@type":"ReadAction","target":["https:\/\/www.arequipay-hostel.com\/es\/tours-arequipa\/full-day-al-canon-del-colca-arequipa-2\/"]}]},{"@type":"ImageObject","inLanguage":"en-US","@id":"https:\/\/www.arequipay-hostel.com\/es\/tours-arequipa\/full-day-al-canon-del-colca-arequipa-2\/#primaryimage","url":"https:\/\/www.arequipay-hostel.com\/wp-content\/uploads\/2025\/08\/IMG-20220429-WA0061.jpg","contentUrl":"https:\/\/www.arequipay-hostel.com\/wp-content\/uploads\/2025\/08\/IMG-20220429-WA0061.jpg","width":1600,"height":1200},{"@type":"BreadcrumbList","@id":"https:\/\/www.arequipay-hostel.com\/es\/tours-arequipa\/full-day-al-canon-del-colca-arequipa-2\/#breadcrumb","itemListElement":[{"@type":"ListItem","position":1,"name":"Portada","item":"https:\/\/www.arequipay-hostel.com\/es\/"},{"@type":"ListItem","position":2,"name":"Tours Arequipa","item":"https:\/\/www.arequipay-hostel.com\/tours-arequipa\/"},{"@type":"ListItem","position":3,"name":"TOUR CAMPI\u00d1A AREQUIPE\u00d1A"}]},{"@type":"WebSite","@id":"https:\/\/www.arequipay-hostel.com\/#website","url":"https:\/\/www.arequipay-hostel.com\/","name":"AREQUIPAY HOSTEL | Backpakers House","description":"Ingresar\u00e1s como un extra\u00f1o y te ir\u00e1s como un amigo","potentialAction":[{"@type":"SearchAction","target":{"@type":"EntryPoint","urlTemplate":"https:\/\/www.arequipay-hostel.com\/?s={search_term_string}"},"query-input":{"@type":"PropertyValueSpecification","valueRequired":true,"valueName":"search_term_string"}}],"inLanguage":"en-US"}]}},"_links":{"self":[{"href":"https:\/\/www.arequipay-hostel.com\/en\/wp-json\/wp\/v2\/pages\/472","targetHints":{"allow":["GET"]}}],"collection":[{"href":"https:\/\/www.arequipay-hostel.com\/en\/wp-json\/wp\/v2\/pages"}],"about":[{"href":"https:\/\/www.arequipay-hostel.com\/en\/wp-json\/wp\/v2\/types\/page"}],"author":[{"embeddable":true,"href":"https:\/\/www.arequipay-hostel.com\/en\/wp-json\/wp\/v2\/users\/3"}],"replies":[{"embeddable":true,"href":"https:\/\/www.arequipay-hostel.com\/en\/wp-json\/wp\/v2\/comments?post=472"}],"version-history":[{"count":0,"href":"https:\/\/www.arequipay-hostel.com\/en\/wp-json\/wp\/v2\/pages\/472\/revisions"}],"up":[{"embeddable":true,"href":"https:\/\/www.arequipay-hostel.com\/en\/wp-json\/wp\/v2\/pages\/7"}],"wp:featuredmedia":[{"embeddable":true,"href":"https:\/\/www.arequipay-hostel.com\/en\/wp-json\/wp\/v2\/media\/473"}],"wp:attachment":[{"href":"https:\/\/www.arequipay-hostel.com\/en\/wp-json\/wp\/v2\/media?parent=472"}],"curies":[{"name":"wp","href":"https:\/\/api.w.org\/{rel}","templated":true}]}}