{"id":475,"date":"2025-08-22T23:16:02","date_gmt":"2025-08-22T23:16:02","guid":{"rendered":"https:\/\/www.arequipay-hostel.com\/es\/?page_id=475"},"modified":"2025-08-23T04:20:44","modified_gmt":"2025-08-23T04:20:44","slug":"transporte-chivay-puno","status":"publish","type":"page","link":"https:\/\/www.arequipay-hostel.com\/en\/arequipa-tours\/sillar-route-arequipa-peru-2\/","title":{"rendered":"Chivay to Puno Transportation"},"content":{"rendered":"<div class=\"wpb-content-wrapper\"><\/p>\n<p>[vc_row][vc_column width=&#8221;2\/3&#8243;][vc_row_inner][vc_column_inner][csw_carousel_slider images=&#8221;476,483,482,480,479&#8243; imgsize=&#8221;medium&#8221; thumb_height=&#8221;400px&#8221; margin=&#8221;0&#8243; autoheight=&#8221;false&#8221; mobilebig=&#8221;1&#8243; tabletsmall=&#8221;1&#8243; tablet=&#8221;1&#8243; desktopsmall=&#8221;1&#8243; desktopmiddle=&#8221;1&#8243; desktopbig=&#8221;1&#8243;][\/vc_column_inner][\/vc_row_inner][vc_raw_html css=&#8221;&#8221;]JTVCY3N3dGFicyU1RERlc2NyaXB0aW9uJTIwJTdDJTIwSXRpbmVyYXJ5JTIwJTdDJTIwSW5jbHVkZXMlMjAlN0MlMjBOb3QlMjBpbmNsdWRlZCUyMCU3QyUyMFdoYXQlMjB0byUyMGJyaW5nJTNGJTVCJTJGY3N3dGFicyU1RA==[\/vc_raw_html][vc_row_inner][vc_column_inner el_id=&#8221;csw-tabs&#8221;][csw_icon_container title=&#8221;current&#8221; review=&#8221;true&#8221; extra_class=&#8221;csw-tab csw-tab-green&#8221; summary=&#8221;true&#8221;][csw_icon_tour_options_list options=&#8221;act,not,rep&#8221; summary=&#8221;true&#8221;][csw_icon_item icon_fontawesome=&#8221;fa fa-solid fa-hand-holding-dollar&#8221; title=&#8221;Precio por persona:&#8221; title_size=&#8221;div&#8221; width=&#8221;1\/3&#8243;]<\/p>\n<p><span class=\"csw-price\">S\/ 90.00<\/span><\/p>\n<p>[\/csw_icon_item][csw_icon_item icon_fontawesome=&#8221;fa fa-regular fa-clock&#8221; title=&#8221;Horarios:&#8221; title_size=&#8221;div&#8221; width=&#8221;1\/3&#8243;]<\/p>\n<p><span class=\"csw-times\">1 pm<\/span><\/p>\n<p>[\/csw_icon_item][csw_icon_item icon_fontawesome=&#8221;fa fa-solid fa-clock-rotate-left&#8221; title=&#8221;Duraci\u00f3n:&#8221; title_size=&#8221;div&#8221; width=&#8221;1\/3&#8243;]<\/p>\n<p><span class=\"csw-duration\">7 hours approx.<\/span><\/p>\n<p>[\/csw_icon_item][\/csw_icon_container][vc_column_text css=&#8221;&#8221; el_class=&#8221;csw-tab csw-tab-green&#8221; el_id=&#8221;tab-1-content&#8221;]<\/p>\n<p><span style=\"font-size: 18px;\"><strong>DESCRIPTION:<\/strong><\/span><\/p>\n<p>Travel comfortably from <strong data-start=\"221\" data-end=\"239\">Chivay to Puno<\/strong> without the need to return to Arequipa. This convenient service is designed for travelers visiting the Colca Canyon who wish to continue their journey directly to Puno, saving both time and energy.<\/p>\n<p data-start=\"441\" data-end=\"655\">Our buses depart daily from Chivay after the Colca Canyon tours, ensuring a smooth and timely connection. Enjoy a safe, reliable, and scenic trip across the Andes, arriving in Puno ready to explore Lake Titicaca.<\/p>\n<p>[\/vc_column_text][vc_column_text css=&#8221;&#8221; el_class=&#8221;csw-tab csw-tab-green&#8221; el_id=&#8221;tab-2-content&#8221;]<\/p>\n<p><strong>Chivay \u2013 Puno Itinerary<\/strong><\/p>\n<ul>\n<li><strong>1:00 pm<\/strong> | Boarding in Chivay<\/li>\n<li><strong>1:15 pm<\/strong> | Departure from Chivay towards Puno<\/li>\n<\/ul>\n<p>During the journey, you will enjoy several stops:<\/p>\n<ul>\n<li><strong>Volcanoes Viewpoint:<\/strong> Panoramic views of the Andes and surrounding volcanoes.<\/li>\n<li><strong>Observation of Llamas and Alpacas:<\/strong> A chance to see these emblematic Andean animals.<\/li>\n<li><strong>Patahuasi:<\/strong> Technical stop with restrooms available.<\/li>\n<li><strong>Lagunillas Viewpoint:<\/strong> Beautiful lagoons home to flamingos and highland bird species.<\/li>\n<li><strong>7:00 pm<\/strong> | Arrival in Puno, with drop-off at the Historic Center.<\/li>\n<\/ul>\n<p>[\/vc_column_text][vc_column_text css=&#8221;&#8221; el_class=&#8221;csw-tab csw-tab-green includes&#8221; el_id=&#8221;tab-3-content&#8221;]<\/p>\n<h3>WHAT IS INCLUDED:<\/h3>\n<ul>\n<li>Transportation<\/li>\n<li>Guided tour in English and Spanish<\/li>\n<\/ul>\n<p>[\/vc_column_text][vc_column_text css=&#8221;&#8221; el_class=&#8221;csw-tab csw-tab-green not-included&#8221; el_id=&#8221;tab-4-content&#8221;]<\/p>\n<h3>IT IS NOT INCLUDED:<\/h3>\n<ul>\n<li>Meals<\/li>\n<\/ul>\n<p>[\/vc_column_text][vc_column_text css=&#8221;&#8221; el_class=&#8221;csw-tab csw-tab-green&#8221; el_id=&#8221;tab-5-content&#8221;]<\/p>\n<p><strong>Cancellation Policy<\/strong><\/p>\n<ul>\n<li data-start=\"748\" data-end=\"834\">Published prices apply for payments made via <strong data-start=\"793\" data-end=\"831\">bank transfer, Yape, Plin, or cash<\/strong>.<\/li>\n<li data-start=\"837\" data-end=\"920\">Payments made with <strong data-start=\"856\" data-end=\"881\">credit or debit cards<\/strong> will incur an additional <strong data-start=\"907\" data-end=\"917\">5% fee<\/strong>.<\/li>\n<li data-start=\"923\" data-end=\"1014\">You may <strong data-start=\"931\" data-end=\"970\">reschedule your tour free of charge<\/strong> up to 24 hours before the program begins.<\/li>\n<li data-start=\"1017\" data-end=\"1142\">If you <strong data-start=\"1024\" data-end=\"1063\">cancel at least 24 hours in advance<\/strong>, we will refund the amount paid (minus the 5% credit\/debit card commission).<\/li>\n<li data-start=\"1145\" data-end=\"1215\">After this period, <strong data-start=\"1164\" data-end=\"1212\">no changes or cancellations will be accepted<\/strong>.<\/li>\n<\/ul>\n<p>&nbsp;<\/p>\n<p>[\/vc_column_text][\/vc_column_inner][\/vc_row_inner][\/vc_column][vc_column width=&#8221;1\/3&#8243; el_class=&#8221;sidebar&#8221; el_id=&#8221;sidebar&#8221;][vc_widget_sidebar sidebar_id=&#8221;widget-wtour&#8221;][\/vc_column][\/vc_row]<\/p>\n<p><\/p><\/div>","protected":false},"excerpt":{"rendered":"<p>[vc_row][vc_column width=&#8221;2\/3&#8243;][vc_row_inner][vc_column_inner][csw_carousel_slider images=&#8221;476,483,482,480,479&#8243; imgsize=&#8221;medium&#8221; thumb_height=&#8221;400px&#8221; margin=&#8221;0&#8243; autoheight=&#8221;false&#8221; mobilebig=&#8221;1&#8243; tabletsmall=&#8221;1&#8243; tablet=&#8221;1&#8243; desktopsmall=&#8221;1&#8243; desktopmiddle=&#8221;1&#8243; desktopbig=&#8221;1&#8243;][\/vc_column_inner][\/vc_row_inner][vc_raw_html css=&#8221;&#8221;]JTVCY3N3dGFicyU1RERlc2NyaXB0aW9uJTIwJTdDJTIwSXRpbmVyYXJ5JTIwJTdDJTIwSW5jbHVkZXMlMjAlN0MlMjBOb3QlMjBpbmNsdWRlZCUyMCU3QyUyMFdoYXQlMjB0byUyMGJyaW5nJTNGJTVCJTJGY3N3dGFicyU1RA==[\/vc_raw_html][vc_row_inner][vc_column_inner el_id=&#8221;csw-tabs&#8221;][csw_icon_container title=&#8221;current&#8221; review=&#8221;true&#8221; extra_class=&#8221;csw-tab csw-tab-green&#8221; summary=&#8221;true&#8221;][csw_icon_tour_options_list [&hellip;]<\/p>\n","protected":false},"author":3,"featured_media":480,"parent":7,"menu_order":11,"comment_status":"closed","ping_status":"closed","template":"","meta":{"footnotes":""},"class_list":["post-475","page","type-page","status-publish","has-post-thumbnail","hentry"],"yoast_head":"<!-- This site is optimized with the Yoast SEO plugin v25.2 - https:\/\/yoast.com\/wordpress\/plugins\/seo\/ -->\n<title>Chivay to Puno Transportation | AREQUIPAY HOSTEL | Backpakers House<\/title>\n<meta name=\"robots\" content=\"index, follow, max-snippet:-1, max-image-preview:large, max-video-preview:-1\" \/>\n<link rel=\"canonical\" href=\"https:\/\/www.arequipay-hostel.com\/es\/tours-arequipa\/ruta-del-sillar-arequipa-peru-2\/\" \/>\n<meta property=\"og:locale\" content=\"en_US\" \/>\n<meta property=\"og:type\" content=\"article\" \/>\n<meta property=\"og:title\" content=\"Chivay to Puno Transportation | AREQUIPAY HOSTEL | Backpakers House\" \/>\n<meta property=\"og:description\" content=\"[vc_row][vc_column width=&#8221;2\/3&#8243;][vc_row_inner][vc_column_inner][csw_carousel_slider images=&#8221;476,483,482,480,479&#8243; imgsize=&#8221;medium&#8221; thumb_height=&#8221;400px&#8221; margin=&#8221;0&#8243; autoheight=&#8221;false&#8221; mobilebig=&#8221;1&#8243; tabletsmall=&#8221;1&#8243; tablet=&#8221;1&#8243; desktopsmall=&#8221;1&#8243; desktopmiddle=&#8221;1&#8243; desktopbig=&#8221;1&#8243;][\/vc_column_inner][\/vc_row_inner][vc_raw_html css=&#8221;&#8221;]JTVCY3N3dGFicyU1RERlc2NyaXB0aW9uJTIwJTdDJTIwSXRpbmVyYXJ5JTIwJTdDJTIwSW5jbHVkZXMlMjAlN0MlMjBOb3QlMjBpbmNsdWRlZCUyMCU3QyUyMFdoYXQlMjB0byUyMGJyaW5nJTNGJTVCJTJGY3N3dGFicyU1RA==[\/vc_raw_html][vc_row_inner][vc_column_inner el_id=&#8221;csw-tabs&#8221;][csw_icon_container title=&#8221;current&#8221; review=&#8221;true&#8221; extra_class=&#8221;csw-tab csw-tab-green&#8221; summary=&#8221;true&#8221;][csw_icon_tour_options_list [&hellip;]\" \/>\n<meta property=\"og:url\" content=\"https:\/\/www.arequipay-hostel.com\/es\/tours-arequipa\/ruta-del-sillar-arequipa-peru-2\/\" \/>\n<meta property=\"og:site_name\" content=\"AREQUIPAY HOSTEL | Backpakers House\" \/>\n<meta property=\"article:modified_time\" content=\"2025-08-23T04:20:44+00:00\" \/>\n<meta property=\"og:image\" content=\"https:\/\/www.arequipay-hostel.com\/wp-content\/uploads\/2025\/08\/WhatsApp-Image-2025-08-22-at-8.47.04-PM.jpeg\" \/>\n\t<meta property=\"og:image:width\" content=\"1176\" \/>\n\t<meta property=\"og:image:height\" content=\"1536\" \/>\n\t<meta property=\"og:image:type\" content=\"image\/jpeg\" \/>\n<meta name=\"twitter:card\" content=\"summary_large_image\" \/>\n<meta name=\"twitter:label1\" content=\"Est. reading time\" \/>\n\t<meta name=\"twitter:data1\" content=\"5 minutes\" \/>\n<script type=\"application\/ld+json\" class=\"yoast-schema-graph\">{\"@context\":\"https:\/\/schema.org\",\"@graph\":[{\"@type\":\"WebPage\",\"@id\":\"https:\/\/www.arequipay-hostel.com\/es\/tours-arequipa\/ruta-del-sillar-arequipa-peru-2\/\",\"url\":\"https:\/\/www.arequipay-hostel.com\/es\/tours-arequipa\/ruta-del-sillar-arequipa-peru-2\/\",\"name\":\"Chivay to Puno Transportation | AREQUIPAY HOSTEL | Backpakers House\",\"isPartOf\":{\"@id\":\"https:\/\/www.arequipay-hostel.com\/#website\"},\"primaryImageOfPage\":{\"@id\":\"https:\/\/www.arequipay-hostel.com\/es\/tours-arequipa\/ruta-del-sillar-arequipa-peru-2\/#primaryimage\"},\"image\":{\"@id\":\"https:\/\/www.arequipay-hostel.com\/es\/tours-arequipa\/ruta-del-sillar-arequipa-peru-2\/#primaryimage\"},\"thumbnailUrl\":\"https:\/\/www.arequipay-hostel.com\/wp-content\/uploads\/2025\/08\/WhatsApp-Image-2025-08-22-at-8.47.04-PM.jpeg\",\"datePublished\":\"2025-08-22T23:16:02+00:00\",\"dateModified\":\"2025-08-23T04:20:44+00:00\",\"breadcrumb\":{\"@id\":\"https:\/\/www.arequipay-hostel.com\/es\/tours-arequipa\/ruta-del-sillar-arequipa-peru-2\/#breadcrumb\"},\"inLanguage\":\"en-US\",\"potentialAction\":[{\"@type\":\"ReadAction\",\"target\":[\"https:\/\/www.arequipay-hostel.com\/es\/tours-arequipa\/ruta-del-sillar-arequipa-peru-2\/\"]}]},{\"@type\":\"ImageObject\",\"inLanguage\":\"en-US\",\"@id\":\"https:\/\/www.arequipay-hostel.com\/es\/tours-arequipa\/ruta-del-sillar-arequipa-peru-2\/#primaryimage\",\"url\":\"https:\/\/www.arequipay-hostel.com\/wp-content\/uploads\/2025\/08\/WhatsApp-Image-2025-08-22-at-8.47.04-PM.jpeg\",\"contentUrl\":\"https:\/\/www.arequipay-hostel.com\/wp-content\/uploads\/2025\/08\/WhatsApp-Image-2025-08-22-at-8.47.04-PM.jpeg\",\"width\":1176,\"height\":1536},{\"@type\":\"BreadcrumbList\",\"@id\":\"https:\/\/www.arequipay-hostel.com\/es\/tours-arequipa\/ruta-del-sillar-arequipa-peru-2\/#breadcrumb\",\"itemListElement\":[{\"@type\":\"ListItem\",\"position\":1,\"name\":\"Portada\",\"item\":\"https:\/\/www.arequipay-hostel.com\/es\/\"},{\"@type\":\"ListItem\",\"position\":2,\"name\":\"Tours Arequipa\",\"item\":\"https:\/\/www.arequipay-hostel.com\/tours-arequipa\/\"},{\"@type\":\"ListItem\",\"position\":3,\"name\":\"TRANSPORTE CHIVAY &#8211; PUNO\"}]},{\"@type\":\"WebSite\",\"@id\":\"https:\/\/www.arequipay-hostel.com\/#website\",\"url\":\"https:\/\/www.arequipay-hostel.com\/\",\"name\":\"AREQUIPAY HOSTEL | Backpakers House\",\"description\":\"Ingresar\u00e1s como un extra\u00f1o y te ir\u00e1s como un amigo\",\"potentialAction\":[{\"@type\":\"SearchAction\",\"target\":{\"@type\":\"EntryPoint\",\"urlTemplate\":\"https:\/\/www.arequipay-hostel.com\/?s={search_term_string}\"},\"query-input\":{\"@type\":\"PropertyValueSpecification\",\"valueRequired\":true,\"valueName\":\"search_term_string\"}}],\"inLanguage\":\"en-US\"}]}<\/script>\n<!-- \/ Yoast SEO plugin. -->","yoast_head_json":{"title":"Chivay to Puno Transportation | AREQUIPAY HOSTEL | Backpakers House","robots":{"index":"index","follow":"follow","max-snippet":"max-snippet:-1","max-image-preview":"max-image-preview:large","max-video-preview":"max-video-preview:-1"},"canonical":"https:\/\/www.arequipay-hostel.com\/es\/tours-arequipa\/ruta-del-sillar-arequipa-peru-2\/","og_locale":"en_US","og_type":"article","og_title":"Chivay to Puno Transportation | AREQUIPAY HOSTEL | Backpakers House","og_description":"[vc_row][vc_column width=&#8221;2\/3&#8243;][vc_row_inner][vc_column_inner][csw_carousel_slider images=&#8221;476,483,482,480,479&#8243; imgsize=&#8221;medium&#8221; thumb_height=&#8221;400px&#8221; margin=&#8221;0&#8243; autoheight=&#8221;false&#8221; mobilebig=&#8221;1&#8243; tabletsmall=&#8221;1&#8243; tablet=&#8221;1&#8243; desktopsmall=&#8221;1&#8243; desktopmiddle=&#8221;1&#8243; desktopbig=&#8221;1&#8243;][\/vc_column_inner][\/vc_row_inner][vc_raw_html css=&#8221;&#8221;]JTVCY3N3dGFicyU1RERlc2NyaXB0aW9uJTIwJTdDJTIwSXRpbmVyYXJ5JTIwJTdDJTIwSW5jbHVkZXMlMjAlN0MlMjBOb3QlMjBpbmNsdWRlZCUyMCU3QyUyMFdoYXQlMjB0byUyMGJyaW5nJTNGJTVCJTJGY3N3dGFicyU1RA==[\/vc_raw_html][vc_row_inner][vc_column_inner el_id=&#8221;csw-tabs&#8221;][csw_icon_container title=&#8221;current&#8221; review=&#8221;true&#8221; extra_class=&#8221;csw-tab csw-tab-green&#8221; summary=&#8221;true&#8221;][csw_icon_tour_options_list [&hellip;]","og_url":"https:\/\/www.arequipay-hostel.com\/es\/tours-arequipa\/ruta-del-sillar-arequipa-peru-2\/","og_site_name":"AREQUIPAY HOSTEL | Backpakers House","article_modified_time":"2025-08-23T04:20:44+00:00","og_image":[{"width":1176,"height":1536,"url":"https:\/\/www.arequipay-hostel.com\/wp-content\/uploads\/2025\/08\/WhatsApp-Image-2025-08-22-at-8.47.04-PM.jpeg","type":"image\/jpeg"}],"twitter_card":"summary_large_image","twitter_misc":{"Est. reading time":"5 minutes"},"schema":{"@context":"https:\/\/schema.org","@graph":[{"@type":"WebPage","@id":"https:\/\/www.arequipay-hostel.com\/es\/tours-arequipa\/ruta-del-sillar-arequipa-peru-2\/","url":"https:\/\/www.arequipay-hostel.com\/es\/tours-arequipa\/ruta-del-sillar-arequipa-peru-2\/","name":"Chivay to Puno Transportation | AREQUIPAY HOSTEL | Backpakers House","isPartOf":{"@id":"https:\/\/www.arequipay-hostel.com\/#website"},"primaryImageOfPage":{"@id":"https:\/\/www.arequipay-hostel.com\/es\/tours-arequipa\/ruta-del-sillar-arequipa-peru-2\/#primaryimage"},"image":{"@id":"https:\/\/www.arequipay-hostel.com\/es\/tours-arequipa\/ruta-del-sillar-arequipa-peru-2\/#primaryimage"},"thumbnailUrl":"https:\/\/www.arequipay-hostel.com\/wp-content\/uploads\/2025\/08\/WhatsApp-Image-2025-08-22-at-8.47.04-PM.jpeg","datePublished":"2025-08-22T23:16:02+00:00","dateModified":"2025-08-23T04:20:44+00:00","breadcrumb":{"@id":"https:\/\/www.arequipay-hostel.com\/es\/tours-arequipa\/ruta-del-sillar-arequipa-peru-2\/#breadcrumb"},"inLanguage":"en-US","potentialAction":[{"@type":"ReadAction","target":["https:\/\/www.arequipay-hostel.com\/es\/tours-arequipa\/ruta-del-sillar-arequipa-peru-2\/"]}]},{"@type":"ImageObject","inLanguage":"en-US","@id":"https:\/\/www.arequipay-hostel.com\/es\/tours-arequipa\/ruta-del-sillar-arequipa-peru-2\/#primaryimage","url":"https:\/\/www.arequipay-hostel.com\/wp-content\/uploads\/2025\/08\/WhatsApp-Image-2025-08-22-at-8.47.04-PM.jpeg","contentUrl":"https:\/\/www.arequipay-hostel.com\/wp-content\/uploads\/2025\/08\/WhatsApp-Image-2025-08-22-at-8.47.04-PM.jpeg","width":1176,"height":1536},{"@type":"BreadcrumbList","@id":"https:\/\/www.arequipay-hostel.com\/es\/tours-arequipa\/ruta-del-sillar-arequipa-peru-2\/#breadcrumb","itemListElement":[{"@type":"ListItem","position":1,"name":"Portada","item":"https:\/\/www.arequipay-hostel.com\/es\/"},{"@type":"ListItem","position":2,"name":"Tours Arequipa","item":"https:\/\/www.arequipay-hostel.com\/tours-arequipa\/"},{"@type":"ListItem","position":3,"name":"TRANSPORTE CHIVAY &#8211; PUNO"}]},{"@type":"WebSite","@id":"https:\/\/www.arequipay-hostel.com\/#website","url":"https:\/\/www.arequipay-hostel.com\/","name":"AREQUIPAY HOSTEL | Backpakers House","description":"Ingresar\u00e1s como un extra\u00f1o y te ir\u00e1s como un amigo","potentialAction":[{"@type":"SearchAction","target":{"@type":"EntryPoint","urlTemplate":"https:\/\/www.arequipay-hostel.com\/?s={search_term_string}"},"query-input":{"@type":"PropertyValueSpecification","valueRequired":true,"valueName":"search_term_string"}}],"inLanguage":"en-US"}]}},"_links":{"self":[{"href":"https:\/\/www.arequipay-hostel.com\/en\/wp-json\/wp\/v2\/pages\/475","targetHints":{"allow":["GET"]}}],"collection":[{"href":"https:\/\/www.arequipay-hostel.com\/en\/wp-json\/wp\/v2\/pages"}],"about":[{"href":"https:\/\/www.arequipay-hostel.com\/en\/wp-json\/wp\/v2\/types\/page"}],"author":[{"embeddable":true,"href":"https:\/\/www.arequipay-hostel.com\/en\/wp-json\/wp\/v2\/users\/3"}],"replies":[{"embeddable":true,"href":"https:\/\/www.arequipay-hostel.com\/en\/wp-json\/wp\/v2\/comments?post=475"}],"version-history":[{"count":0,"href":"https:\/\/www.arequipay-hostel.com\/en\/wp-json\/wp\/v2\/pages\/475\/revisions"}],"up":[{"embeddable":true,"href":"https:\/\/www.arequipay-hostel.com\/en\/wp-json\/wp\/v2\/pages\/7"}],"wp:featuredmedia":[{"embeddable":true,"href":"https:\/\/www.arequipay-hostel.com\/en\/wp-json\/wp\/v2\/media\/480"}],"wp:attachment":[{"href":"https:\/\/www.arequipay-hostel.com\/en\/wp-json\/wp\/v2\/media?parent=475"}],"curies":[{"name":"wp","href":"https:\/\/api.w.org\/{rel}","templated":true}]}}