{"id":5,"date":"2021-02-18T16:21:46","date_gmt":"2021-02-18T16:21:46","guid":{"rendered":"https:\/\/www.arequipay-hostel.com\/sin-categoria\/2-revision-v1\/"},"modified":"2025-09-07T16:57:17","modified_gmt":"2025-09-07T16:57:17","slug":"nosotros","status":"publish","type":"page","link":"https:\/\/www.arequipay-hostel.com\/en\/about-us\/","title":{"rendered":"About us"},"content":{"rendered":"<div class=\"wpb-content-wrapper\"><\/p>\n<p>[vc_row][vc_column][vc_column_text css=&#8221;&#8221;]<\/p>\n<section class=\"block box-wrap\">\n<div class=\"container-fluid\">\n<div class=\"row\">\n<div class=\" col-sm-6\">\n<p>At Arequipay Hostel, you\u2019ll find the perfect mix of social vibes and cozy spaces to relax. Our warm, community-focused hostel feels just like home and is ideal for budget travelers, backpackers, and digital nomads.<\/p>\n<p>Enjoy <strong>free yoga<\/strong>, hammocks, and indoor\/outdoor chill areas \ud83c\udf3f, <strong>breakfast included<\/strong> \ud83e\udd50\u2615, two shared kitchens \ud83c\udf73, plus games like pool \ud83c\udfb1 and ping pong \ud83c\udfd3. We also offer a small gym, a Netflix lounge \ud83c\udfac, free luggage storage \ud83c\udf92, hot showers \ud83d\udebf, clean rooms, and tours at fair prices \ud83c\udf0d.<\/p>\n<p>\ud83d\udccd Located just 5 blocks from Plaza de Armas, close to everything but in a quiet spot for a good night\u2019s sleep.<\/p>\n<p>\ud83d\udca1 With us, all facilities are included \u2013 no extra fees, no surprises.<\/p>\n<p>\ud83d\udc9b Come for a night, stay for a week \u2013 you might not want to leave!<\/p>\n<p>&nbsp;<\/p>\n<\/div>\n<div class=\" col-sm-6\">\n<p>&nbsp;<\/p>\n<p><img loading=\"lazy\" decoding=\"async\" class=\"size-medium wp-image-20 aligncenter\" src=\"https:\/\/www.arequipay-hostel.com\/wp-content\/uploads\/2021\/02\/slider1final2-820x444.jpg\" alt=\"\" width=\"820\" height=\"444\" srcset=\"https:\/\/www.arequipay-hostel.com\/wp-content\/uploads\/2021\/02\/slider1final2-820x444.jpg 820w, https:\/\/www.arequipay-hostel.com\/wp-content\/uploads\/2021\/02\/slider1final2-600x325.jpg 600w, https:\/\/www.arequipay-hostel.com\/wp-content\/uploads\/2021\/02\/slider1final2-768x416.jpg 768w, https:\/\/www.arequipay-hostel.com\/wp-content\/uploads\/2021\/02\/slider1final2-60x32.jpg 60w, https:\/\/www.arequipay-hostel.com\/wp-content\/uploads\/2021\/02\/slider1final2.jpg 1478w\" sizes=\"auto, (max-width: 820px) 100vw, 820px\" \/><\/p>\n<\/div>\n<\/div>\n<\/div>\n<\/section>\n<p>&nbsp;<\/p>\n<section class=\"block box-wrap bg-gray\">\n<div class=\"container-fluid\">\n<div class=\"row\">\n<h2 style=\"text-align: center;\">Some of the benefits<br \/>\n<span style=\"background-color: #4ab280; color: #ffffff;\">of booking with us<\/span><\/h2>\n<div class=\" col-sm-4\">\n<ul>\n<li>Cocinas completamente equipada.<\/li>\n<li>Trotadora y pesas<\/li>\n<li>Mate y te 24h<\/li>\n<li>Espacios de coworking<\/li>\n<li>Wifi de alta velocidad<\/li>\n<\/ul>\n<p class=\"mb-10 subtitle\"><\/div>\n<div class=\" col-sm-4\">\n<ul>\n<li>Yoga<\/li>\n<li>Ducha agua caliente 24h<\/li>\n<li>\u00c1rea chillout de hamacas<\/li>\n<li>Mesa de ping pong<\/li>\n<li>Sala de billar<\/li>\n<li>Fulbito de mano<\/li>\n<\/ul>\n<p class=\"mb-10 subtitle\"><\/div>\n<div class=\" col-sm-4\">\n<ul>\n<li>\u00c1rea de parrilla<\/li>\n<li>Terraza<\/li>\n<li>Netflix<\/li>\n<li>Cuarto de equipaje<\/li>\n<li>Armarios en dormitorios<\/li>\n<\/ul>\n<p class=\"mb-10 subtitle\"><\/div>\n<\/div>\n<\/div>\n<\/section>\n<p>[\/vc_column_text][\/vc_column][\/vc_row]<\/p>\n<p><\/p><\/div>","protected":false},"excerpt":{"rendered":"<p>[vc_row][vc_column][vc_column_text css=&#8221;&#8221;] &nbsp; [\/vc_column_text][\/vc_column][\/vc_row]<\/p>\n","protected":false},"author":1,"featured_media":0,"parent":0,"menu_order":4,"comment_status":"closed","ping_status":"closed","template":"page-full.php","meta":{"footnotes":""},"class_list":["post-5","page","type-page","status-publish","hentry"],"yoast_head":"<!-- This site is optimized with the Yoast SEO plugin v25.2 - https:\/\/yoast.com\/wordpress\/plugins\/seo\/ -->\n<title>About us | AREQUIPAY HOSTEL | Backpakers House<\/title>\n<meta name=\"robots\" content=\"index, follow, max-snippet:-1, max-image-preview:large, max-video-preview:-1\" \/>\n<link rel=\"canonical\" href=\"https:\/\/www.arequipay-hostel.com\/en\/about-us\/\" \/>\n<meta property=\"og:locale\" content=\"en_US\" \/>\n<meta property=\"og:type\" content=\"article\" \/>\n<meta property=\"og:title\" content=\"About us | AREQUIPAY HOSTEL | Backpakers House\" \/>\n<meta property=\"og:description\" content=\"[vc_row][vc_column][vc_column_text css=&#8221;&#8221;] &nbsp; [\/vc_column_text][\/vc_column][\/vc_row]\" \/>\n<meta property=\"og:url\" content=\"https:\/\/www.arequipay-hostel.com\/en\/about-us\/\" \/>\n<meta property=\"og:site_name\" content=\"AREQUIPAY HOSTEL | Backpakers House\" \/>\n<meta property=\"article:modified_time\" content=\"2025-09-07T16:57:17+00:00\" \/>\n<meta property=\"og:image\" content=\"https:\/\/www.arequipay-hostel.com\/wp-content\/uploads\/2021\/02\/slider1final2.jpg\" \/>\n\t<meta property=\"og:image:width\" content=\"1478\" \/>\n\t<meta property=\"og:image:height\" content=\"800\" \/>\n\t<meta property=\"og:image:type\" content=\"image\/jpeg\" \/>\n<meta name=\"twitter:card\" content=\"summary_large_image\" \/>\n<meta name=\"twitter:label1\" content=\"Est. reading time\" \/>\n\t<meta name=\"twitter:data1\" content=\"2 minutes\" \/>\n<script type=\"application\/ld+json\" class=\"yoast-schema-graph\">{\"@context\":\"https:\/\/schema.org\",\"@graph\":[{\"@type\":\"WebPage\",\"@id\":\"https:\/\/www.arequipay-hostel.com\/en\/about-us\/\",\"url\":\"https:\/\/www.arequipay-hostel.com\/en\/about-us\/\",\"name\":\"About us | AREQUIPAY HOSTEL | Backpakers House\",\"isPartOf\":{\"@id\":\"https:\/\/www.arequipay-hostel.com\/#website\"},\"primaryImageOfPage\":{\"@id\":\"https:\/\/www.arequipay-hostel.com\/en\/about-us\/#primaryimage\"},\"image\":{\"@id\":\"https:\/\/www.arequipay-hostel.com\/en\/about-us\/#primaryimage\"},\"thumbnailUrl\":\"https:\/\/www.arequipay-hostel.com\/wp-content\/uploads\/2021\/02\/slider1final2-820x444.jpg\",\"datePublished\":\"2021-02-18T16:21:46+00:00\",\"dateModified\":\"2025-09-07T16:57:17+00:00\",\"breadcrumb\":{\"@id\":\"https:\/\/www.arequipay-hostel.com\/en\/about-us\/#breadcrumb\"},\"inLanguage\":\"en-US\",\"potentialAction\":[{\"@type\":\"ReadAction\",\"target\":[\"https:\/\/www.arequipay-hostel.com\/en\/about-us\/\"]}]},{\"@type\":\"ImageObject\",\"inLanguage\":\"en-US\",\"@id\":\"https:\/\/www.arequipay-hostel.com\/en\/about-us\/#primaryimage\",\"url\":\"https:\/\/www.arequipay-hostel.com\/wp-content\/uploads\/2021\/02\/slider1final2-820x444.jpg\",\"contentUrl\":\"https:\/\/www.arequipay-hostel.com\/wp-content\/uploads\/2021\/02\/slider1final2-820x444.jpg\"},{\"@type\":\"BreadcrumbList\",\"@id\":\"https:\/\/www.arequipay-hostel.com\/en\/about-us\/#breadcrumb\",\"itemListElement\":[{\"@type\":\"ListItem\",\"position\":1,\"name\":\"Portada\",\"item\":\"https:\/\/www.arequipay-hostel.com\/es\/\"},{\"@type\":\"ListItem\",\"position\":2,\"name\":\"About us\"}]},{\"@type\":\"WebSite\",\"@id\":\"https:\/\/www.arequipay-hostel.com\/#website\",\"url\":\"https:\/\/www.arequipay-hostel.com\/\",\"name\":\"AREQUIPAY HOSTEL | Backpakers House\",\"description\":\"Ingresar\u00e1s como un extra\u00f1o y te ir\u00e1s como un amigo\",\"potentialAction\":[{\"@type\":\"SearchAction\",\"target\":{\"@type\":\"EntryPoint\",\"urlTemplate\":\"https:\/\/www.arequipay-hostel.com\/?s={search_term_string}\"},\"query-input\":{\"@type\":\"PropertyValueSpecification\",\"valueRequired\":true,\"valueName\":\"search_term_string\"}}],\"inLanguage\":\"en-US\"}]}<\/script>\n<!-- \/ Yoast SEO plugin. -->","yoast_head_json":{"title":"About us | AREQUIPAY HOSTEL | Backpakers House","robots":{"index":"index","follow":"follow","max-snippet":"max-snippet:-1","max-image-preview":"max-image-preview:large","max-video-preview":"max-video-preview:-1"},"canonical":"https:\/\/www.arequipay-hostel.com\/en\/about-us\/","og_locale":"en_US","og_type":"article","og_title":"About us | AREQUIPAY HOSTEL | Backpakers House","og_description":"[vc_row][vc_column][vc_column_text css=&#8221;&#8221;] &nbsp; [\/vc_column_text][\/vc_column][\/vc_row]","og_url":"https:\/\/www.arequipay-hostel.com\/en\/about-us\/","og_site_name":"AREQUIPAY HOSTEL | Backpakers House","article_modified_time":"2025-09-07T16:57:17+00:00","og_image":[{"width":1478,"height":800,"url":"https:\/\/www.arequipay-hostel.com\/wp-content\/uploads\/2021\/02\/slider1final2.jpg","type":"image\/jpeg"}],"twitter_card":"summary_large_image","twitter_misc":{"Est. reading time":"2 minutes"},"schema":{"@context":"https:\/\/schema.org","@graph":[{"@type":"WebPage","@id":"https:\/\/www.arequipay-hostel.com\/en\/about-us\/","url":"https:\/\/www.arequipay-hostel.com\/en\/about-us\/","name":"About us | AREQUIPAY HOSTEL | Backpakers House","isPartOf":{"@id":"https:\/\/www.arequipay-hostel.com\/#website"},"primaryImageOfPage":{"@id":"https:\/\/www.arequipay-hostel.com\/en\/about-us\/#primaryimage"},"image":{"@id":"https:\/\/www.arequipay-hostel.com\/en\/about-us\/#primaryimage"},"thumbnailUrl":"https:\/\/www.arequipay-hostel.com\/wp-content\/uploads\/2021\/02\/slider1final2-820x444.jpg","datePublished":"2021-02-18T16:21:46+00:00","dateModified":"2025-09-07T16:57:17+00:00","breadcrumb":{"@id":"https:\/\/www.arequipay-hostel.com\/en\/about-us\/#breadcrumb"},"inLanguage":"en-US","potentialAction":[{"@type":"ReadAction","target":["https:\/\/www.arequipay-hostel.com\/en\/about-us\/"]}]},{"@type":"ImageObject","inLanguage":"en-US","@id":"https:\/\/www.arequipay-hostel.com\/en\/about-us\/#primaryimage","url":"https:\/\/www.arequipay-hostel.com\/wp-content\/uploads\/2021\/02\/slider1final2-820x444.jpg","contentUrl":"https:\/\/www.arequipay-hostel.com\/wp-content\/uploads\/2021\/02\/slider1final2-820x444.jpg"},{"@type":"BreadcrumbList","@id":"https:\/\/www.arequipay-hostel.com\/en\/about-us\/#breadcrumb","itemListElement":[{"@type":"ListItem","position":1,"name":"Portada","item":"https:\/\/www.arequipay-hostel.com\/es\/"},{"@type":"ListItem","position":2,"name":"About us"}]},{"@type":"WebSite","@id":"https:\/\/www.arequipay-hostel.com\/#website","url":"https:\/\/www.arequipay-hostel.com\/","name":"AREQUIPAY HOSTEL | Backpakers House","description":"Ingresar\u00e1s como un extra\u00f1o y te ir\u00e1s como un amigo","potentialAction":[{"@type":"SearchAction","target":{"@type":"EntryPoint","urlTemplate":"https:\/\/www.arequipay-hostel.com\/?s={search_term_string}"},"query-input":{"@type":"PropertyValueSpecification","valueRequired":true,"valueName":"search_term_string"}}],"inLanguage":"en-US"}]}},"_links":{"self":[{"href":"https:\/\/www.arequipay-hostel.com\/en\/wp-json\/wp\/v2\/pages\/5","targetHints":{"allow":["GET"]}}],"collection":[{"href":"https:\/\/www.arequipay-hostel.com\/en\/wp-json\/wp\/v2\/pages"}],"about":[{"href":"https:\/\/www.arequipay-hostel.com\/en\/wp-json\/wp\/v2\/types\/page"}],"author":[{"embeddable":true,"href":"https:\/\/www.arequipay-hostel.com\/en\/wp-json\/wp\/v2\/users\/1"}],"replies":[{"embeddable":true,"href":"https:\/\/www.arequipay-hostel.com\/en\/wp-json\/wp\/v2\/comments?post=5"}],"version-history":[{"count":0,"href":"https:\/\/www.arequipay-hostel.com\/en\/wp-json\/wp\/v2\/pages\/5\/revisions"}],"wp:attachment":[{"href":"https:\/\/www.arequipay-hostel.com\/en\/wp-json\/wp\/v2\/media?parent=5"}],"curies":[{"name":"wp","href":"https:\/\/api.w.org\/{rel}","templated":true}]}}