{"id":101,"date":"2021-02-23T18:56:06","date_gmt":"2021-02-23T18:56:06","guid":{"rendered":"https:\/\/www.arequipay-hostel.com\/?page_id=101"},"modified":"2026-03-23T17:37:23","modified_gmt":"2026-03-23T17:37:23","slug":"trekking-canon-del-colca-2-dias","status":"publish","type":"page","link":"https:\/\/www.arequipay-hostel.com\/es\/tours-arequipa\/trekking-canon-del-colca-2-dias-2\/","title":{"rendered":"CA\u00d1ON DEL COLCA TREKKING 2 DIAS"},"content":{"rendered":"<div class=\"wpb-content-wrapper\"><\/p>\n<p>[vc_row][vc_column width=\u00bb2\/3&#8243;][vc_row_inner][vc_column_inner][csw_carousel_slider images=\u00bb126&#8243; imgsize=\u00bbmedium\u00bb thumb_height=\u00bb400px\u00bb margin=\u00bb0&#8243; autoheight=\u00bbfalse\u00bb mobilebig=\u00bb1&#8243; tabletsmall=\u00bb1&#8243; tablet=\u00bb1&#8243; desktopsmall=\u00bb1&#8243; desktopmiddle=\u00bb1&#8243; desktopbig=\u00bb1&#8243;][\/vc_column_inner][\/vc_row_inner][vc_raw_html css=\u00bb\u00bb]JTVCY3N3dGFicyU1REl0aW5ldGFyaW8lMjAlN0MlMjBJbmNsdXllJTIwJTdDJTIwTm8lMjBpbmNsdXllJTIwJTdDJTIwUXUlQzMlQTklMjBsbGV2YXIlM0YlNUIlMkZjc3d0YWJzJTVE[\/vc_raw_html][vc_row_inner][vc_column_inner el_id=\u00bbcsw-tabs\u00bb][csw_icon_container title=\u00bbcurrent\u00bb review=\u00bbtrue\u00bb extra_class=\u00bbcsw-tab csw-tab-green\u00bb summary=\u00bbtrue\u00bb][csw_icon_tour_options_list options=\u00bbact,not,rep\u00bb][csw_icon_item icon_fontawesome=\u00bbfa fa-solid fa-hand-holding-dollar\u00bb title=\u00bbPrecio por persona:\u00bb title_size=\u00bbdiv\u00bb width=\u00bb1\/3&#8243;]<\/p>\n<p><span class=\"csw-price\">S\/ 280.00<\/span><\/p>\n<p>[\/csw_icon_item][csw_icon_item icon_fontawesome=\u00bbfa fa-regular fa-clock\u00bb title=\u00bbHorarios:\u00bb title_size=\u00bbdiv\u00bb width=\u00bb1\/3&#8243;]<\/p>\n<p><span class=\"csw-times\">2: 45am<\/span><\/p>\n<p>[\/csw_icon_item][csw_icon_item icon_fontawesome=\u00bbfa fa-solid fa-clock-rotate-left\u00bb title=\u00bbDuraci\u00f3n:\u00bb title_size=\u00bbdiv\u00bb width=\u00bb1\/3&#8243;]<\/p>\n<p><span class=\"csw-duration\">2 d\u00edas - 1 noche<\/span><\/p>\n<p>[\/csw_icon_item][csw_icon_item icon_fontawesome=\u00bbfa fa-solid fa-person-hiking\u00bb title=\u00bbInformaci\u00f3n de la expedici\u00f3n:\u00bb csw_css=\u00bb.vc_custom_1748540755024{margin-top: 20px !important;border-top-width: 1px !important;padding-top: 20px !important;border-top-style: solid !important;border-color: #EEEEEE !important;}\u00bb]<\/p>\n<ul>\n<li>Hora de inicio: 3:00 a. m.<\/li>\n<li>Hora de finalizaci\u00f3n: 5:00 p. m. &#8211; 5:30 p. m. (d\u00eda siguiente)<\/li>\n<li>Tiempo y distancia en coche: 8 horas \/ 410 km (ida y vuelta)<\/li>\n<li>Altitud: M\u00ednimo 2100 m (caminata a Sangalle) &#8211; M\u00e1ximo 4910 m (Patapampa en veh\u00edculo)<\/li>\n<li>Distancia y tiempo de caminata: 21 km (D\u00eda 1: 15 km, D\u00eda 2: 6 km).<\/li>\n<li>Desnivel: Aproximadamente 1100 m de descenso y 1200 m de ascenso (ver informaci\u00f3n para m\u00e1s detalles).<\/li>\n<li>6 horas de caminata el primer d\u00eda.<\/li>\n<li>3 horas de caminata el segundo d\u00eda.<\/li>\n<li>Nivel de dificultad: Desafiante 2.<\/li>\n<li>Grupos de m\u00e1ximo 10 personas (grupos no masivos).<\/li>\n<\/ul>\n<p>[\/csw_icon_item][\/csw_icon_container][vc_column_text css=\u00bb\u00bb el_class=\u00bbcsw-tab csw-tab-green\u00bb el_id=\u00bbtab-1-content\u00bb]<\/p>\n<p><strong>ITINERARIO:<\/strong><\/p>\n<p>D\u00eda 1<br \/>\n&#8211; 2:45 : Recogida en hotel\/hostal (centro de la ciudad) o plaza principal. Transferencia privada de 2.5 horas a \u00abLa Bruja\u00bb Mirador (4900 m). Incluye una ceremonia tradicional de \u00abPago a la Pachamama\u00bb.<br \/>\n&#8211; 6:20 am: Mirador de AGOTREK, con vistas a terrazas preincaicas y los Andes occidentales, cerca de la fuente m\u00e1s alta y remota del r\u00edo Amazonas.<br \/>\n&#8211; 6:40 am: Continuar en veh\u00edculo hacia el Mirador Cruz del C\u00f3ndor.<br \/>\n&#8211; 7:20 am: Breve parada de 10-20 minutos en este popular mirador.<br \/>\n&#8211; 7:40 am: Desayuno buffet campestre con vistas incre\u00edbles cerca del Mirador Tapay (a 5 minutos de distancia).<br \/>\n&#8211; 8:30 am: Parada en el Mirador Tapay para disfrutar de avistamientos de c\u00f3ndores y paisajes del ca\u00f1\u00f3n.<br \/>\n&#8211; 9:00 am: Llegada a Pampa San Miguel, punto de partida para la caminata. Preparaci\u00f3n y briefing de trekking.<br \/>\n&#8211; 9:30 am: Comenzar la caminata de descenso a trav\u00e9s de senderos rocosos y de tierra (1-2 metros de ancho) con vistas impresionantes del ca\u00f1\u00f3n y formaciones de basalto.<br \/>\n&#8211; 12:30 pm: Cruzar un puente colgante para llegar a San Juan de Chuccho. Disfrutar de un almuerzo tradicional en una casa familiar local.<br \/>\n&#8211; 2:00 pm: Comenzar la segunda etapa de la caminata (7 km) con ascensos y descensos suaves (ganancia\/p\u00e9rdida de elevaci\u00f3n m\u00e1xima de 400 m).<br \/>\n&#8211; 5:00 pm: Llegada al Valle de Sangalle (2200 m) &#8211; tiempo para relajarse en la piscina (agua fr\u00eda) y registrarse en el eco-lodge.<br \/>\n&#8211; 7:00 pm: Cena y pernoctaci\u00f3n.<\/p>\n<p>D\u00eda 2<br \/>\n&#8211; 5:00 am (aprox.): Comenzar la desafiante caminata de ascenso en una ladera rocosa (ganancia de elevaci\u00f3n de 1100 m) en senderos de 0.80 a 2 metros de ancho.<br \/>\n&#8211; 8:00 am: Llegar a Sejana (parte superior de la ladera). Despu\u00e9s de un breve descanso, continuar hacia el pueblo de Cabanaconde para un merecido desayuno.<br \/>\n&#8211; 9:20 am: Fin de la caminata. Viajar en veh\u00edculo a Yanque.<br \/>\n&#8211; 10:20 am: Visitar las aguas termales de La Chimpa (temperatura del agua entre 30\u00b0C &#8211; 50\u00b0C, 1 hora).<br \/>\n&#8211; 11:20 am: Continuar a un restaurante familiar en el campo.<br \/>\n&#8211; 1:20 pm: Regresar a Arequipa, pasando por la Reserva Nacional Salinas y Aguada Blanca, observando cam\u00e9lidos sudamericanos en su h\u00e1bitat natural.<br \/>\n&#8211; 5:00 pm (aprox.): Llegada al centro de la ciudad de Arequipa.<\/p>\n<p>[\/vc_column_text][vc_column_text css=\u00bb\u00bb el_class=\u00bbcsw-tab csw-tab-green includes\u00bb el_id=\u00bbtab-2-content\u00bb]<\/p>\n<h3>NUESTRO SERVICIO INCLUYE:<\/h3>\n<ul>\n<li>Charla informativa y orientaci\u00f3n previa al tour<\/li>\n<li>Recogida en el hotel\/hostal del centro hist\u00f3rico<\/li>\n<li>Gu\u00eda de senderismo certificado por GERCETUR, biling\u00fce (ingles &#8211; espa\u00f1ol) con capacitaci\u00f3n en primeros auxilios de la CRUZ ROJA PERUANA<\/li>\n<li>Transporte tur\u00edstico<\/li>\n<li>1 noche de alojamiento en el Oasis de Sangalle en base a habitacion compartida. El lodge tiene piscina.<\/li>\n<li>Ba\u00f1o compartido con ducha de agua fr\u00eda<\/li>\n<li>Comidas:\n<ul>\n<li>Desayuno 1ero\u00a0 y 2do dia.<\/li>\n<li>Almuerzo (el primer d\u00eda)<\/li>\n<li>Cena (el primer d\u00eda)<\/li>\n<\/ul>\n<\/li>\n<li>Botiqu\u00edn de primeros auxilios y asistencia<\/li>\n<li>Pago tradicional a la Pachamama<\/li>\n<\/ul>\n<p>[\/vc_column_text][vc_column_text css=\u00bb\u00bb el_class=\u00bbcsw-tab csw-tab-green not-included\u00bb el_id=\u00bbtab-3-content\u00bb]<\/p>\n<h3>NO INCLUYE:<\/h3>\n<ul>\n<li>Almuerzo (segundo d\u00eda: Buffet S\/. 45 por persona)<\/li>\n<li>Entrada a las Termas de Chacapi (S\/ 15 por persona, pago en efectivo en soles)<\/li>\n<li>Boleto tur\u00edstico:\u00a0S\/ 70 por persona para extranjeros,\u00a0S\/ 40 por persona para latinoamericanos,\u00a0S\/ 20 por persona para peruanos.<\/li>\n<li>Alquiler de mula (opcional para quienes tengan dificultad para la caminata).<\/li>\n<li>Agua.<\/li>\n<li>Seguro de viaje.<\/li>\n<\/ul>\n<p>[\/vc_column_text][vc_column_text css=\u00bb\u00bb el_class=\u00bbcsw-tab csw-tab-green\u00bb el_id=\u00bbtab-4-content\u00bb]<\/p>\n<h3>RECOMENDAMOS LLEVAR:<\/h3>\n<ul>\n<li>Mochila de 40 litros para llevar el equipo necesario durante la caminata.<\/li>\n<li>Primera capa (camisetas y pantalones sint\u00e9ticos).<\/li>\n<li>Camisetas de manga corta y larga.<\/li>\n<li>Chaqueta abrigada.<\/li>\n<li>Ropa impermeable (chaqueta y pantal\u00f3n, o poncho de lluvia en temporada de lluvias, de diciembre a marzo).<\/li>\n<li>Traje de ba\u00f1o.<\/li>\n<li>Toalla.<\/li>\n<li>Zapatos de trekking (muy importante)<\/li>\n<li>Sandalias (para piscina y duchas)<\/li>\n<li>Gorro y guantes para el fr\u00edo.<\/li>\n<li>Gorro para el sol.<\/li>\n<li>Lentes de sol.<\/li>\n<li>Art\u00edculos de aseo.<\/li>\n<li>Papel higi\u00e9nico.<\/li>\n<li>Protector solar.<\/li>\n<li>Repelente de insectos.<\/li>\n<li>Linterna frontal.<\/li>\n<li>Cargadores port\u00e1tiles.<\/li>\n<li>Agua.<\/li>\n<li>Refrigerio para la caminata, especialmente la ma\u00f1ana del segundo d\u00eda, ya que el desayuno ser\u00e1 en Cabanaconde despu\u00e9s de ascender el ca\u00f1\u00f3n.<\/li>\n<li>Al menos S\/. 150 para gastos no contemplados en la caminata.<\/li>\n<\/ul>\n<hr \/>\n<h4>Servicios opcionales:<\/h4>\n<ul>\n<li>Habitaci\u00f3n privada con ba\u00f1o privado:\n<ul>\n<li>1 persona: S\/. 50.<\/li>\n<li>Grupo de 2 o m\u00e1s personas: S\/. 30 por persona.<\/li>\n<\/ul>\n<\/li>\n<\/ul>\n<hr \/>\n<h4>Precios y Pol\u00edtica de cancelaci\u00f3n:<\/h4>\n<ul>\n<li>Los precios publicados aplican para pagos mediante <strong data-start=\"214\" data-end=\"254\">transferencia, Yape, Plin o efectivo<\/strong>.<\/li>\n<li data-start=\"260\" data-end=\"337\">Los pagos con <strong data-start=\"274\" data-end=\"305\">tarjeta de cr\u00e9dito o d\u00e9bito<\/strong> tienen un recargo del <strong data-start=\"328\" data-end=\"334\">5%<\/strong>.<\/li>\n<li data-start=\"340\" data-end=\"427\">Podr\u00e1 <strong data-start=\"346\" data-end=\"379\">reprogramar su tour sin costo<\/strong> hasta 24 horas antes del inicio del programa.<\/li>\n<li data-start=\"430\" data-end=\"596\">En caso de <strong data-start=\"441\" data-end=\"485\">cancelaci\u00f3n con 24 horas de anticipaci\u00f3n<\/strong>, se reembolsar\u00e1 el monto pagado (menos el 5% correspondiente a la comisi\u00f3n por tarjeta de cr\u00e9dito o d\u00e9bito).<\/li>\n<li data-start=\"599\" data-end=\"674\">Pasado este plazo, <strong data-start=\"618\" data-end=\"671\">no ser\u00e1 posible realizar cambios ni cancelaciones<\/strong>.<\/li>\n<\/ul>\n<p>[\/vc_column_text][vc_column_text css=\u00bb\u00bb el_class=\u00bbcsw-tab csw-tab-green\u00bb el_id=\u00bbtab-5-content\u00bb][\/vc_column_text][\/vc_column_inner][\/vc_row_inner][\/vc_column][vc_column width=\u00bb1\/3&#8243; el_class=\u00bbsidebar\u00bb el_id=\u00bbsidebar\u00bb][vc_widget_sidebar sidebar_id=\u00bbwidget-wtour\u00bb][\/vc_column][\/vc_row]<\/p>\n<p><\/p><\/div>","protected":false},"excerpt":{"rendered":"<p>Paradas y Lugares Visitados en la Expedici\u00f3n: Mirador de los Volcanes &#8211; 4.910m (Actividad m\u00edstica: Pago a la Pachamama), Mirador del Valle del Colca &#8211; Desayuno buffet, Cruz del C\u00f3ndor &#8211; Avistamiento del majestuoso c\u00f3ndor andino y mucho m\u00e1s&#8230;<\/p>\n","protected":false},"author":1,"featured_media":126,"parent":7,"menu_order":1,"comment_status":"closed","ping_status":"closed","template":"","meta":{"footnotes":""},"class_list":["post-101","page","type-page","status-publish","has-post-thumbnail","hentry"],"yoast_head":"<!-- This site is optimized with the Yoast SEO plugin v25.2 - https:\/\/yoast.com\/wordpress\/plugins\/seo\/ -->\n<title>CA\u00d1ON DEL COLCA TREKKING 2 DIAS | AREQUIPAY HOSTEL | Backpakers House<\/title>\n<meta name=\"robots\" content=\"index, follow, max-snippet:-1, max-image-preview:large, max-video-preview:-1\" \/>\n<link rel=\"canonical\" href=\"https:\/\/www.arequipay-hostel.com\/es\/tours-arequipa\/trekking-canon-del-colca-2-dias-2\/\" \/>\n<meta property=\"og:locale\" content=\"es_ES\" \/>\n<meta property=\"og:type\" content=\"article\" \/>\n<meta property=\"og:title\" content=\"CA\u00d1ON DEL COLCA TREKKING 2 DIAS | AREQUIPAY HOSTEL | Backpakers House\" \/>\n<meta property=\"og:description\" content=\"[:es]Paradas y Lugares Visitados en la Expedici\u00f3n: Mirador de los Volcanes - 4.910m (Actividad m\u00edstica: Pago a la Pachamama), Mirador del Valle del Colca - Desayuno buffet, Cruz del C\u00f3ndor - Avistamiento del majestuoso c\u00f3ndor andino y mucho m\u00e1s...[:en]Stops and Places Visited on the Expedition: Mirador de los Volcanes (Volcano Viewpoint) - 4,910m (Mystical activity: Payment to the Pachamama), Mirador del Valle del Colca (Colca Valley Viewpoint) - Buffet breakfast, Cruz del C\u00f3ndor (Condor Cross) - Spotting of the majestic Andean condor and a lot more...[:]\" \/>\n<meta property=\"og:url\" content=\"https:\/\/www.arequipay-hostel.com\/es\/tours-arequipa\/trekking-canon-del-colca-2-dias-2\/\" \/>\n<meta property=\"og:site_name\" content=\"AREQUIPAY HOSTEL | Backpakers House\" \/>\n<meta property=\"article:modified_time\" content=\"2026-03-23T17:37:23+00:00\" \/>\n<meta property=\"og:image\" content=\"https:\/\/www.arequipay-hostel.com\/wp-content\/uploads\/2021\/02\/arequipay-hostel-colca-3-days.jpg\" \/>\n\t<meta property=\"og:image:width\" content=\"720\" \/>\n\t<meta property=\"og:image:height\" content=\"480\" \/>\n\t<meta property=\"og:image:type\" content=\"image\/jpeg\" \/>\n<meta name=\"twitter:card\" content=\"summary_large_image\" \/>\n<meta name=\"twitter:label1\" content=\"Tiempo de lectura\" \/>\n\t<meta name=\"twitter:data1\" content=\"10 minutos\" \/>\n<script type=\"application\/ld+json\" class=\"yoast-schema-graph\">{\"@context\":\"https:\/\/schema.org\",\"@graph\":[{\"@type\":\"WebPage\",\"@id\":\"https:\/\/www.arequipay-hostel.com\/es\/tours-arequipa\/trekking-canon-del-colca-2-dias-2\/\",\"url\":\"https:\/\/www.arequipay-hostel.com\/es\/tours-arequipa\/trekking-canon-del-colca-2-dias-2\/\",\"name\":\"CA\u00d1ON DEL COLCA TREKKING 2 DIAS | AREQUIPAY HOSTEL | Backpakers House\",\"isPartOf\":{\"@id\":\"https:\/\/www.arequipay-hostel.com\/#website\"},\"primaryImageOfPage\":{\"@id\":\"https:\/\/www.arequipay-hostel.com\/es\/tours-arequipa\/trekking-canon-del-colca-2-dias-2\/#primaryimage\"},\"image\":{\"@id\":\"https:\/\/www.arequipay-hostel.com\/es\/tours-arequipa\/trekking-canon-del-colca-2-dias-2\/#primaryimage\"},\"thumbnailUrl\":\"https:\/\/www.arequipay-hostel.com\/wp-content\/uploads\/2021\/02\/arequipay-hostel-colca-3-days.jpg\",\"datePublished\":\"2021-02-23T18:56:06+00:00\",\"dateModified\":\"2026-03-23T17:37:23+00:00\",\"breadcrumb\":{\"@id\":\"https:\/\/www.arequipay-hostel.com\/es\/tours-arequipa\/trekking-canon-del-colca-2-dias-2\/#breadcrumb\"},\"inLanguage\":\"es\",\"potentialAction\":[{\"@type\":\"ReadAction\",\"target\":[\"https:\/\/www.arequipay-hostel.com\/es\/tours-arequipa\/trekking-canon-del-colca-2-dias-2\/\"]}]},{\"@type\":\"ImageObject\",\"inLanguage\":\"es\",\"@id\":\"https:\/\/www.arequipay-hostel.com\/es\/tours-arequipa\/trekking-canon-del-colca-2-dias-2\/#primaryimage\",\"url\":\"https:\/\/www.arequipay-hostel.com\/wp-content\/uploads\/2021\/02\/arequipay-hostel-colca-3-days.jpg\",\"contentUrl\":\"https:\/\/www.arequipay-hostel.com\/wp-content\/uploads\/2021\/02\/arequipay-hostel-colca-3-days.jpg\",\"width\":720,\"height\":480},{\"@type\":\"BreadcrumbList\",\"@id\":\"https:\/\/www.arequipay-hostel.com\/es\/tours-arequipa\/trekking-canon-del-colca-2-dias-2\/#breadcrumb\",\"itemListElement\":[{\"@type\":\"ListItem\",\"position\":1,\"name\":\"Portada\",\"item\":\"https:\/\/www.arequipay-hostel.com\/es\/\"},{\"@type\":\"ListItem\",\"position\":2,\"name\":\"Tours Arequipa\",\"item\":\"https:\/\/www.arequipay-hostel.com\/tours-arequipa\/\"},{\"@type\":\"ListItem\",\"position\":3,\"name\":\"CA\u00d1ON DEL COLCA TREKKING 2 DIAS\"}]},{\"@type\":\"WebSite\",\"@id\":\"https:\/\/www.arequipay-hostel.com\/#website\",\"url\":\"https:\/\/www.arequipay-hostel.com\/\",\"name\":\"AREQUIPAY HOSTEL | Backpakers House\",\"description\":\"Ingresar\u00e1s como un extra\u00f1o y te ir\u00e1s como un amigo\",\"potentialAction\":[{\"@type\":\"SearchAction\",\"target\":{\"@type\":\"EntryPoint\",\"urlTemplate\":\"https:\/\/www.arequipay-hostel.com\/?s={search_term_string}\"},\"query-input\":{\"@type\":\"PropertyValueSpecification\",\"valueRequired\":true,\"valueName\":\"search_term_string\"}}],\"inLanguage\":\"es\"}]}<\/script>\n<!-- \/ Yoast SEO plugin. -->","yoast_head_json":{"title":"CA\u00d1ON DEL COLCA TREKKING 2 DIAS | AREQUIPAY HOSTEL | Backpakers House","robots":{"index":"index","follow":"follow","max-snippet":"max-snippet:-1","max-image-preview":"max-image-preview:large","max-video-preview":"max-video-preview:-1"},"canonical":"https:\/\/www.arequipay-hostel.com\/es\/tours-arequipa\/trekking-canon-del-colca-2-dias-2\/","og_locale":"es_ES","og_type":"article","og_title":"CA\u00d1ON DEL COLCA TREKKING 2 DIAS | AREQUIPAY HOSTEL | Backpakers House","og_description":"[:es]Paradas y Lugares Visitados en la Expedici\u00f3n: Mirador de los Volcanes - 4.910m (Actividad m\u00edstica: Pago a la Pachamama), Mirador del Valle del Colca - Desayuno buffet, Cruz del C\u00f3ndor - Avistamiento del majestuoso c\u00f3ndor andino y mucho m\u00e1s...[:en]Stops and Places Visited on the Expedition: Mirador de los Volcanes (Volcano Viewpoint) - 4,910m (Mystical activity: Payment to the Pachamama), Mirador del Valle del Colca (Colca Valley Viewpoint) - Buffet breakfast, Cruz del C\u00f3ndor (Condor Cross) - Spotting of the majestic Andean condor and a lot more...[:]","og_url":"https:\/\/www.arequipay-hostel.com\/es\/tours-arequipa\/trekking-canon-del-colca-2-dias-2\/","og_site_name":"AREQUIPAY HOSTEL | Backpakers House","article_modified_time":"2026-03-23T17:37:23+00:00","og_image":[{"width":720,"height":480,"url":"https:\/\/www.arequipay-hostel.com\/wp-content\/uploads\/2021\/02\/arequipay-hostel-colca-3-days.jpg","type":"image\/jpeg"}],"twitter_card":"summary_large_image","twitter_misc":{"Tiempo de lectura":"10 minutos"},"schema":{"@context":"https:\/\/schema.org","@graph":[{"@type":"WebPage","@id":"https:\/\/www.arequipay-hostel.com\/es\/tours-arequipa\/trekking-canon-del-colca-2-dias-2\/","url":"https:\/\/www.arequipay-hostel.com\/es\/tours-arequipa\/trekking-canon-del-colca-2-dias-2\/","name":"CA\u00d1ON DEL COLCA TREKKING 2 DIAS | AREQUIPAY HOSTEL | Backpakers House","isPartOf":{"@id":"https:\/\/www.arequipay-hostel.com\/#website"},"primaryImageOfPage":{"@id":"https:\/\/www.arequipay-hostel.com\/es\/tours-arequipa\/trekking-canon-del-colca-2-dias-2\/#primaryimage"},"image":{"@id":"https:\/\/www.arequipay-hostel.com\/es\/tours-arequipa\/trekking-canon-del-colca-2-dias-2\/#primaryimage"},"thumbnailUrl":"https:\/\/www.arequipay-hostel.com\/wp-content\/uploads\/2021\/02\/arequipay-hostel-colca-3-days.jpg","datePublished":"2021-02-23T18:56:06+00:00","dateModified":"2026-03-23T17:37:23+00:00","breadcrumb":{"@id":"https:\/\/www.arequipay-hostel.com\/es\/tours-arequipa\/trekking-canon-del-colca-2-dias-2\/#breadcrumb"},"inLanguage":"es","potentialAction":[{"@type":"ReadAction","target":["https:\/\/www.arequipay-hostel.com\/es\/tours-arequipa\/trekking-canon-del-colca-2-dias-2\/"]}]},{"@type":"ImageObject","inLanguage":"es","@id":"https:\/\/www.arequipay-hostel.com\/es\/tours-arequipa\/trekking-canon-del-colca-2-dias-2\/#primaryimage","url":"https:\/\/www.arequipay-hostel.com\/wp-content\/uploads\/2021\/02\/arequipay-hostel-colca-3-days.jpg","contentUrl":"https:\/\/www.arequipay-hostel.com\/wp-content\/uploads\/2021\/02\/arequipay-hostel-colca-3-days.jpg","width":720,"height":480},{"@type":"BreadcrumbList","@id":"https:\/\/www.arequipay-hostel.com\/es\/tours-arequipa\/trekking-canon-del-colca-2-dias-2\/#breadcrumb","itemListElement":[{"@type":"ListItem","position":1,"name":"Portada","item":"https:\/\/www.arequipay-hostel.com\/es\/"},{"@type":"ListItem","position":2,"name":"Tours Arequipa","item":"https:\/\/www.arequipay-hostel.com\/tours-arequipa\/"},{"@type":"ListItem","position":3,"name":"CA\u00d1ON DEL COLCA TREKKING 2 DIAS"}]},{"@type":"WebSite","@id":"https:\/\/www.arequipay-hostel.com\/#website","url":"https:\/\/www.arequipay-hostel.com\/","name":"AREQUIPAY HOSTEL | Backpakers House","description":"Ingresar\u00e1s como un extra\u00f1o y te ir\u00e1s como un amigo","potentialAction":[{"@type":"SearchAction","target":{"@type":"EntryPoint","urlTemplate":"https:\/\/www.arequipay-hostel.com\/?s={search_term_string}"},"query-input":{"@type":"PropertyValueSpecification","valueRequired":true,"valueName":"search_term_string"}}],"inLanguage":"es"}]}},"_links":{"self":[{"href":"https:\/\/www.arequipay-hostel.com\/es\/wp-json\/wp\/v2\/pages\/101","targetHints":{"allow":["GET"]}}],"collection":[{"href":"https:\/\/www.arequipay-hostel.com\/es\/wp-json\/wp\/v2\/pages"}],"about":[{"href":"https:\/\/www.arequipay-hostel.com\/es\/wp-json\/wp\/v2\/types\/page"}],"author":[{"embeddable":true,"href":"https:\/\/www.arequipay-hostel.com\/es\/wp-json\/wp\/v2\/users\/1"}],"replies":[{"embeddable":true,"href":"https:\/\/www.arequipay-hostel.com\/es\/wp-json\/wp\/v2\/comments?post=101"}],"version-history":[{"count":0,"href":"https:\/\/www.arequipay-hostel.com\/es\/wp-json\/wp\/v2\/pages\/101\/revisions"}],"up":[{"embeddable":true,"href":"https:\/\/www.arequipay-hostel.com\/es\/wp-json\/wp\/v2\/pages\/7"}],"wp:featuredmedia":[{"embeddable":true,"href":"https:\/\/www.arequipay-hostel.com\/es\/wp-json\/wp\/v2\/media\/126"}],"wp:attachment":[{"href":"https:\/\/www.arequipay-hostel.com\/es\/wp-json\/wp\/v2\/media?parent=101"}],"curies":[{"name":"wp","href":"https:\/\/api.w.org\/{rel}","templated":true}]}}