{"id":172,"date":"2021-04-27T23:11:00","date_gmt":"2021-04-27T23:11:00","guid":{"rendered":"https:\/\/www.arequipay-hostel.com\/?page_id=172"},"modified":"2025-08-23T04:10:16","modified_gmt":"2025-08-23T04:10:16","slug":"ruta-del-sillar-arequipa-peru","status":"publish","type":"page","link":"https:\/\/www.arequipay-hostel.com\/es\/tours-arequipa\/ruta-del-sillar-arequipa-peru\/","title":{"rendered":"RUTA DEL SILLAR AREQUIPA &#8211; PERU"},"content":{"rendered":"<div class=\"wpb-content-wrapper\"><\/p>\n<p>[vc_row][vc_column width=\u00bb2\/3&#8243;][vc_row_inner][vc_column_inner][csw_carousel_slider images=\u00bb174,217,216,219&#8243; imgsize=\u00bbmedium\u00bb thumb_height=\u00bb400px\u00bb margin=\u00bb0&#8243; autoheight=\u00bbfalse\u00bb mobilebig=\u00bb1&#8243; tabletsmall=\u00bb1&#8243; tablet=\u00bb1&#8243; desktopsmall=\u00bb1&#8243; desktopmiddle=\u00bb1&#8243; desktopbig=\u00bb1&#8243;][\/vc_column_inner][\/vc_row_inner][vc_raw_html css=\u00bb\u00bb]JTVCY3N3dGFicyU1RERlc2NyaXBjaSVDMyVCM24lMjAlN0MlMjBJdGluZXJhcmlvJTIwJTdDJTIwSW5jbHV5ZSUyMCU3QyUyME5vJTIwaW5jbHV5ZSUyMCU3QyUyMFF1JUMzJUE5JTIwbGxldmFyJTNGJTVCJTJGY3N3dGFicyU1RA==[\/vc_raw_html][vc_row_inner][vc_column_inner el_id=\u00bbcsw-tabs\u00bb][csw_icon_container title=\u00bbcurrent\u00bb review=\u00bbtrue\u00bb extra_class=\u00bbcsw-tab csw-tab-green\u00bb summary=\u00bbtrue\u00bb][csw_icon_tour_options_list options=\u00bbact,not,rep\u00bb summary=\u00bbtrue\u00bb][csw_icon_item icon_fontawesome=\u00bbfa fa-solid fa-hand-holding-dollar\u00bb title=\u00bbPrecio por persona:\u00bb title_size=\u00bbdiv\u00bb width=\u00bb1\/3&#8243;]<\/p>\n<p><span class=\"csw-price\">S\/ 25.00<\/span><\/p>\n<p>[\/csw_icon_item][csw_icon_item icon_fontawesome=\u00bbfa fa-regular fa-clock\u00bb title=\u00bbHorarios:\u00bb title_size=\u00bbdiv\u00bb width=\u00bb1\/3&#8243;]<\/p>\n<p><span class=\"csw-times\">9:00am || 2:00pm<\/span><\/p>\n<p>[\/csw_icon_item][csw_icon_item icon_fontawesome=\u00bbfa fa-solid fa-clock-rotate-left\u00bb title=\u00bbDuraci\u00f3n:\u00bb title_size=\u00bbdiv\u00bb width=\u00bb1\/3&#8243;]<\/p>\n<p><span class=\"csw-duration\">4 horas aprox.<\/span><\/p>\n<p>[\/csw_icon_item][\/csw_icon_container][vc_column_text css=\u00bb\u00bb el_class=\u00bbcsw-tab csw-tab-green\u00bb el_id=\u00bbtab-1-content\u00bb]<\/p>\n<h3>DESCRIPCI\u00d3N:<\/h3>\n<p>Tu viaje a Arequipa no puede estar completo sin una visita a sus canteras de sillar. La ruta tur\u00edstica se realiza en el distrito de Cerro Colorado, a 14 kil\u00f3metros al noreste de <b>Arequipa<\/b> (45 minutos en auto). Durante la traves\u00eda no solo tendr\u00e1s la oportunidad de ver c\u00f3mo se trabaja el principal material arquitect\u00f3nico de la \u2018Ciudad Blanca\u2019, sino que apreciar\u00e1s impresionantes paisajes naturales.<\/p>\n<p>El tour comprende una longitud de 2 mil metros, y permite a los visitantes conocer las canteras de <b>A\u00f1ashuayco,<\/b> Cortadores y Culebrillas. Los paseos son organizados por el Centro de Investigaci\u00f3n, Educaci\u00f3n y Desarrollo de <b>Arequipa<\/b> (CIED). El recorrido toma aproximadamente 3 horas.<\/p>\n<p>Aunque no hay una edad recomendada para ser parte de la <b>Ruta del Sillar<\/b>; se debe tomar en cuenta que se realizan caminatas seguidas de hasta 40 minutos para realizar el recorrido de las canteras. En la cantera de <b>A\u00f1ashuayco<\/b>, por ejemplo, podr\u00e1s ver peque\u00f1as esculturas, escudos y muchas m\u00e1s piezas trabajadas en sillar. Asimismo, ver\u00e1s de cerca c\u00f3mo se extraen los grandes bloques de piedra. La experiencia se complementa con una demostraci\u00f3n de cortado y labrado de un bloque de sillar.<\/p>\n<p>Otra de las paradas es Culebrillas. Los turistas realizar\u00e1n una caminata por el interior de la quebrada y apreciar\u00e1n petroglifos grabados en los farallones. Es recomendable que uses ropa deportiva, zapatillas c\u00f3modas y lentes de sol para el trekking.<\/p>\n<p>[\/vc_column_text][vc_column_text css=\u00bb\u00bb el_class=\u00bbcsw-tab csw-tab-green\u00bb el_id=\u00bbtab-2-content\u00bb]<\/p>\n<h3>ITINERARIO<\/h3>\n<ul>\n<li aria-level=\"1\"><b>Horario Ma\u00f1ana:\u00a0 9 am \/ Horario tarde: 2 pm<\/b>\u00a0Recojo de hotel seleccionado (centro hist\u00f3rico)<\/li>\n<li aria-level=\"1\">Primera parada en el mirador de Zamacola para observar los tres volcanes: Misti, Chachani, Picchu Picchu.<\/li>\n<li aria-level=\"1\">Continuaras con el recorrido hacia las canteras; el lugar donde dio origen a la ciudad blanca. Ingresaremos a las canteras donde observaremos los inmensos farallones trabajados por la mano del hombre.<\/li>\n<li aria-level=\"1\">Continuando con nuestro recorrido abordaremos en el transporte para visitar la CANTERA V\u00cdRGEN DE CULEBRILLAS donde realizaremos una fascinante caminata. Dentro de culebrillas sentiremos un ambiente misterioso y \u00fanico donde podremos ver presencia de petroglifos que nos trasladar\u00e1n a la vida y creencias del hombre antiguo al ser \u00e9ste un lugar sagrado con paredes rosadas<\/li>\n<\/ul>\n<p>[\/vc_column_text][vc_column_text css=\u00bb\u00bb el_class=\u00bbcsw-tab csw-tab-green includes\u00bb el_id=\u00bbtab-3-content\u00bb]<\/p>\n<h3>NUESTRO SERVICIO INCLUYE:<\/h3>\n<ul>\n<li>Transporte<\/li>\n<li>Gu\u00eda bilingue (ingles &#8211; espa\u00f1ol)<\/li>\n<\/ul>\n<p>[\/vc_column_text][vc_column_text css=\u00bb\u00bb el_class=\u00bbcsw-tab csw-tab-green not-included\u00bb el_id=\u00bbtab-4-content\u00bb]<\/p>\n<h3>NO INCLUYE:<\/h3>\n<ul>\n<li>Ingreso a culebrillas S\/. 5.00<\/li>\n<li>Ingreso a las Canteras S\/. 10.00<\/li>\n<\/ul>\n<p>[\/vc_column_text][vc_column_text css=\u00bb\u00bb el_class=\u00bbcsw-tab csw-tab-green\u00bb el_id=\u00bbtab-5-content\u00bb]<\/p>\n<h3>RECOMENDAMOS LLEVAR:<\/h3>\n<ul>\n<li>Llevar ropa ligera, zapatillas c\u00f3modas\u00a0 agua, bloqueador, repelente, lentes de sol, mascarilla, gorra.<\/li>\n<li>Dinero en efectivo (No hay opci\u00f3n para pagar con tarjeta).<\/li>\n<\/ul>\n<h4>PRECIO Y POLITICA DE CANCELACION:<\/h4>\n<ul>\n<li>Los precios publicados aplican para pagos mediante <strong data-start=\"214\" data-end=\"254\">transferencia, Yape, Plin o efectivo<\/strong>.<\/li>\n<li data-start=\"260\" data-end=\"337\">Los pagos con <strong data-start=\"274\" data-end=\"305\">tarjeta de cr\u00e9dito o d\u00e9bito<\/strong> tienen un recargo del <strong data-start=\"328\" data-end=\"334\">5%<\/strong>.<\/li>\n<li data-start=\"340\" data-end=\"427\">Podr\u00e1 <strong data-start=\"346\" data-end=\"379\">reprogramar su tour sin costo<\/strong> hasta 24 horas antes del inicio del programa.<\/li>\n<li data-start=\"430\" data-end=\"596\">En caso de <strong data-start=\"441\" data-end=\"485\">cancelaci\u00f3n con 24 horas de anticipaci\u00f3n<\/strong>, se reembolsar\u00e1 el monto pagado (menos el 5% correspondiente a la comisi\u00f3n por tarjeta de cr\u00e9dito o d\u00e9bito).<\/li>\n<li data-start=\"599\" data-end=\"674\">Pasado este plazo, <strong data-start=\"618\" data-end=\"671\">no ser\u00e1 posible realizar cambios ni cancelaciones<\/strong>.<\/li>\n<\/ul>\n<p>[\/vc_column_text][\/vc_column_inner][\/vc_row_inner][\/vc_column][vc_column width=\u00bb1\/3&#8243; el_class=\u00bbsidebar\u00bb el_id=\u00bbsidebar\u00bb][vc_widget_sidebar sidebar_id=\u00bbwidget-wtour\u00bb][\/vc_column][\/vc_row]<\/p>\n<p><\/p><\/div>","protected":false},"excerpt":{"rendered":"<p>[vc_row][vc_column width=\u00bb2\/3&#8243;][vc_row_inner][vc_column_inner][csw_carousel_slider images=\u00bb174,217,216,219&#8243; imgsize=\u00bbmedium\u00bb thumb_height=\u00bb400px\u00bb margin=\u00bb0&#8243; autoheight=\u00bbfalse\u00bb mobilebig=\u00bb1&#8243; tabletsmall=\u00bb1&#8243; tablet=\u00bb1&#8243; desktopsmall=\u00bb1&#8243; desktopmiddle=\u00bb1&#8243; desktopbig=\u00bb1&#8243;][\/vc_column_inner][\/vc_row_inner][vc_raw_html css=\u00bb\u00bb]JTVCY3N3dGFicyU1RERlc2NyaXBjaSVDMyVCM24lMjAlN0MlMjBJdGluZXJhcmlvJTIwJTdDJTIwSW5jbHV5ZSUyMCU3QyUyME5vJTIwaW5jbHV5ZSUyMCU3QyUyMFF1JUMzJUE5JTIwbGxldmFyJTNGJTVCJTJGY3N3dGFicyU1RA==[\/vc_raw_html][vc_row_inner][vc_column_inner el_id=\u00bbcsw-tabs\u00bb][csw_icon_container title=\u00bbcurrent\u00bb review=\u00bbtrue\u00bb extra_class=\u00bbcsw-tab csw-tab-green\u00bb summary=\u00bbtrue\u00bb][csw_icon_tour_options_list [&hellip;]<\/p>\n","protected":false},"author":1,"featured_media":174,"parent":7,"menu_order":8,"comment_status":"closed","ping_status":"closed","template":"","meta":{"footnotes":""},"class_list":["post-172","page","type-page","status-publish","has-post-thumbnail","hentry"],"yoast_head":"<!-- This site is optimized with the Yoast SEO plugin v25.2 - https:\/\/yoast.com\/wordpress\/plugins\/seo\/ -->\n<title>RUTA DEL SILLAR AREQUIPA - PERU | AREQUIPAY HOSTEL | Backpakers House<\/title>\n<meta name=\"robots\" content=\"index, follow, max-snippet:-1, max-image-preview:large, max-video-preview:-1\" \/>\n<link rel=\"canonical\" href=\"https:\/\/www.arequipay-hostel.com\/es\/tours-arequipa\/ruta-del-sillar-arequipa-peru\/\" \/>\n<meta property=\"og:locale\" content=\"es_ES\" \/>\n<meta property=\"og:type\" content=\"article\" \/>\n<meta property=\"og:title\" content=\"RUTA DEL SILLAR AREQUIPA - PERU | AREQUIPAY HOSTEL | Backpakers House\" \/>\n<meta property=\"og:description\" content=\"[vc_row][vc_column width=\u00bb2\/3&#8243;][vc_row_inner][vc_column_inner][csw_carousel_slider images=\u00bb174,217,216,219&#8243; imgsize=\u00bbmedium\u00bb thumb_height=\u00bb400px\u00bb margin=\u00bb0&#8243; autoheight=\u00bbfalse\u00bb mobilebig=\u00bb1&#8243; tabletsmall=\u00bb1&#8243; tablet=\u00bb1&#8243; desktopsmall=\u00bb1&#8243; desktopmiddle=\u00bb1&#8243; desktopbig=\u00bb1&#8243;][\/vc_column_inner][\/vc_row_inner][vc_raw_html css=\u00bb\u00bb]JTVCY3N3dGFicyU1RERlc2NyaXBjaSVDMyVCM24lMjAlN0MlMjBJdGluZXJhcmlvJTIwJTdDJTIwSW5jbHV5ZSUyMCU3QyUyME5vJTIwaW5jbHV5ZSUyMCU3QyUyMFF1JUMzJUE5JTIwbGxldmFyJTNGJTVCJTJGY3N3dGFicyU1RA==[\/vc_raw_html][vc_row_inner][vc_column_inner el_id=\u00bbcsw-tabs\u00bb][csw_icon_container title=\u00bbcurrent\u00bb review=\u00bbtrue\u00bb extra_class=\u00bbcsw-tab csw-tab-green\u00bb summary=\u00bbtrue\u00bb][csw_icon_tour_options_list [&hellip;]\" \/>\n<meta property=\"og:url\" content=\"https:\/\/www.arequipay-hostel.com\/es\/tours-arequipa\/ruta-del-sillar-arequipa-peru\/\" \/>\n<meta property=\"og:site_name\" content=\"AREQUIPAY HOSTEL | Backpakers House\" \/>\n<meta property=\"article:modified_time\" content=\"2025-08-23T04:10:16+00:00\" \/>\n<meta property=\"og:image\" content=\"https:\/\/www.arequipay-hostel.com\/wp-content\/uploads\/2021\/04\/foto-ruta-del-sillar-scaled.jpg\" \/>\n\t<meta property=\"og:image:width\" content=\"2560\" \/>\n\t<meta property=\"og:image:height\" content=\"1706\" \/>\n\t<meta property=\"og:image:type\" content=\"image\/jpeg\" \/>\n<meta name=\"twitter:card\" content=\"summary_large_image\" \/>\n<meta name=\"twitter:label1\" content=\"Tiempo de lectura\" \/>\n\t<meta name=\"twitter:data1\" content=\"7 minutos\" \/>\n<script type=\"application\/ld+json\" class=\"yoast-schema-graph\">{\"@context\":\"https:\/\/schema.org\",\"@graph\":[{\"@type\":\"WebPage\",\"@id\":\"https:\/\/www.arequipay-hostel.com\/es\/tours-arequipa\/ruta-del-sillar-arequipa-peru\/\",\"url\":\"https:\/\/www.arequipay-hostel.com\/es\/tours-arequipa\/ruta-del-sillar-arequipa-peru\/\",\"name\":\"RUTA DEL SILLAR AREQUIPA - PERU | AREQUIPAY HOSTEL | Backpakers House\",\"isPartOf\":{\"@id\":\"https:\/\/www.arequipay-hostel.com\/#website\"},\"primaryImageOfPage\":{\"@id\":\"https:\/\/www.arequipay-hostel.com\/es\/tours-arequipa\/ruta-del-sillar-arequipa-peru\/#primaryimage\"},\"image\":{\"@id\":\"https:\/\/www.arequipay-hostel.com\/es\/tours-arequipa\/ruta-del-sillar-arequipa-peru\/#primaryimage\"},\"thumbnailUrl\":\"https:\/\/www.arequipay-hostel.com\/wp-content\/uploads\/2021\/04\/foto-ruta-del-sillar-scaled.jpg\",\"datePublished\":\"2021-04-27T23:11:00+00:00\",\"dateModified\":\"2025-08-23T04:10:16+00:00\",\"breadcrumb\":{\"@id\":\"https:\/\/www.arequipay-hostel.com\/es\/tours-arequipa\/ruta-del-sillar-arequipa-peru\/#breadcrumb\"},\"inLanguage\":\"es\",\"potentialAction\":[{\"@type\":\"ReadAction\",\"target\":[\"https:\/\/www.arequipay-hostel.com\/es\/tours-arequipa\/ruta-del-sillar-arequipa-peru\/\"]}]},{\"@type\":\"ImageObject\",\"inLanguage\":\"es\",\"@id\":\"https:\/\/www.arequipay-hostel.com\/es\/tours-arequipa\/ruta-del-sillar-arequipa-peru\/#primaryimage\",\"url\":\"https:\/\/www.arequipay-hostel.com\/wp-content\/uploads\/2021\/04\/foto-ruta-del-sillar-scaled.jpg\",\"contentUrl\":\"https:\/\/www.arequipay-hostel.com\/wp-content\/uploads\/2021\/04\/foto-ruta-del-sillar-scaled.jpg\",\"width\":2560,\"height\":1706,\"caption\":\"ruta del sillar arequipa\"},{\"@type\":\"BreadcrumbList\",\"@id\":\"https:\/\/www.arequipay-hostel.com\/es\/tours-arequipa\/ruta-del-sillar-arequipa-peru\/#breadcrumb\",\"itemListElement\":[{\"@type\":\"ListItem\",\"position\":1,\"name\":\"Portada\",\"item\":\"https:\/\/www.arequipay-hostel.com\/es\/\"},{\"@type\":\"ListItem\",\"position\":2,\"name\":\"Tours Arequipa\",\"item\":\"https:\/\/www.arequipay-hostel.com\/tours-arequipa\/\"},{\"@type\":\"ListItem\",\"position\":3,\"name\":\"RUTA DEL SILLAR AREQUIPA &#8211; PERU\"}]},{\"@type\":\"WebSite\",\"@id\":\"https:\/\/www.arequipay-hostel.com\/#website\",\"url\":\"https:\/\/www.arequipay-hostel.com\/\",\"name\":\"AREQUIPAY HOSTEL | Backpakers House\",\"description\":\"Ingresar\u00e1s como un extra\u00f1o y te ir\u00e1s como un amigo\",\"potentialAction\":[{\"@type\":\"SearchAction\",\"target\":{\"@type\":\"EntryPoint\",\"urlTemplate\":\"https:\/\/www.arequipay-hostel.com\/?s={search_term_string}\"},\"query-input\":{\"@type\":\"PropertyValueSpecification\",\"valueRequired\":true,\"valueName\":\"search_term_string\"}}],\"inLanguage\":\"es\"}]}<\/script>\n<!-- \/ Yoast SEO plugin. -->","yoast_head_json":{"title":"RUTA DEL SILLAR AREQUIPA - PERU | AREQUIPAY HOSTEL | Backpakers House","robots":{"index":"index","follow":"follow","max-snippet":"max-snippet:-1","max-image-preview":"max-image-preview:large","max-video-preview":"max-video-preview:-1"},"canonical":"https:\/\/www.arequipay-hostel.com\/es\/tours-arequipa\/ruta-del-sillar-arequipa-peru\/","og_locale":"es_ES","og_type":"article","og_title":"RUTA DEL SILLAR AREQUIPA - PERU | AREQUIPAY HOSTEL | Backpakers House","og_description":"[vc_row][vc_column width=\u00bb2\/3&#8243;][vc_row_inner][vc_column_inner][csw_carousel_slider images=\u00bb174,217,216,219&#8243; imgsize=\u00bbmedium\u00bb thumb_height=\u00bb400px\u00bb margin=\u00bb0&#8243; autoheight=\u00bbfalse\u00bb mobilebig=\u00bb1&#8243; tabletsmall=\u00bb1&#8243; tablet=\u00bb1&#8243; desktopsmall=\u00bb1&#8243; desktopmiddle=\u00bb1&#8243; desktopbig=\u00bb1&#8243;][\/vc_column_inner][\/vc_row_inner][vc_raw_html css=\u00bb\u00bb]JTVCY3N3dGFicyU1RERlc2NyaXBjaSVDMyVCM24lMjAlN0MlMjBJdGluZXJhcmlvJTIwJTdDJTIwSW5jbHV5ZSUyMCU3QyUyME5vJTIwaW5jbHV5ZSUyMCU3QyUyMFF1JUMzJUE5JTIwbGxldmFyJTNGJTVCJTJGY3N3dGFicyU1RA==[\/vc_raw_html][vc_row_inner][vc_column_inner el_id=\u00bbcsw-tabs\u00bb][csw_icon_container title=\u00bbcurrent\u00bb review=\u00bbtrue\u00bb extra_class=\u00bbcsw-tab csw-tab-green\u00bb summary=\u00bbtrue\u00bb][csw_icon_tour_options_list [&hellip;]","og_url":"https:\/\/www.arequipay-hostel.com\/es\/tours-arequipa\/ruta-del-sillar-arequipa-peru\/","og_site_name":"AREQUIPAY HOSTEL | Backpakers House","article_modified_time":"2025-08-23T04:10:16+00:00","og_image":[{"width":2560,"height":1706,"url":"https:\/\/www.arequipay-hostel.com\/wp-content\/uploads\/2021\/04\/foto-ruta-del-sillar-scaled.jpg","type":"image\/jpeg"}],"twitter_card":"summary_large_image","twitter_misc":{"Tiempo de lectura":"7 minutos"},"schema":{"@context":"https:\/\/schema.org","@graph":[{"@type":"WebPage","@id":"https:\/\/www.arequipay-hostel.com\/es\/tours-arequipa\/ruta-del-sillar-arequipa-peru\/","url":"https:\/\/www.arequipay-hostel.com\/es\/tours-arequipa\/ruta-del-sillar-arequipa-peru\/","name":"RUTA DEL SILLAR AREQUIPA - PERU | AREQUIPAY HOSTEL | Backpakers House","isPartOf":{"@id":"https:\/\/www.arequipay-hostel.com\/#website"},"primaryImageOfPage":{"@id":"https:\/\/www.arequipay-hostel.com\/es\/tours-arequipa\/ruta-del-sillar-arequipa-peru\/#primaryimage"},"image":{"@id":"https:\/\/www.arequipay-hostel.com\/es\/tours-arequipa\/ruta-del-sillar-arequipa-peru\/#primaryimage"},"thumbnailUrl":"https:\/\/www.arequipay-hostel.com\/wp-content\/uploads\/2021\/04\/foto-ruta-del-sillar-scaled.jpg","datePublished":"2021-04-27T23:11:00+00:00","dateModified":"2025-08-23T04:10:16+00:00","breadcrumb":{"@id":"https:\/\/www.arequipay-hostel.com\/es\/tours-arequipa\/ruta-del-sillar-arequipa-peru\/#breadcrumb"},"inLanguage":"es","potentialAction":[{"@type":"ReadAction","target":["https:\/\/www.arequipay-hostel.com\/es\/tours-arequipa\/ruta-del-sillar-arequipa-peru\/"]}]},{"@type":"ImageObject","inLanguage":"es","@id":"https:\/\/www.arequipay-hostel.com\/es\/tours-arequipa\/ruta-del-sillar-arequipa-peru\/#primaryimage","url":"https:\/\/www.arequipay-hostel.com\/wp-content\/uploads\/2021\/04\/foto-ruta-del-sillar-scaled.jpg","contentUrl":"https:\/\/www.arequipay-hostel.com\/wp-content\/uploads\/2021\/04\/foto-ruta-del-sillar-scaled.jpg","width":2560,"height":1706,"caption":"ruta del sillar arequipa"},{"@type":"BreadcrumbList","@id":"https:\/\/www.arequipay-hostel.com\/es\/tours-arequipa\/ruta-del-sillar-arequipa-peru\/#breadcrumb","itemListElement":[{"@type":"ListItem","position":1,"name":"Portada","item":"https:\/\/www.arequipay-hostel.com\/es\/"},{"@type":"ListItem","position":2,"name":"Tours Arequipa","item":"https:\/\/www.arequipay-hostel.com\/tours-arequipa\/"},{"@type":"ListItem","position":3,"name":"RUTA DEL SILLAR AREQUIPA &#8211; PERU"}]},{"@type":"WebSite","@id":"https:\/\/www.arequipay-hostel.com\/#website","url":"https:\/\/www.arequipay-hostel.com\/","name":"AREQUIPAY HOSTEL | Backpakers House","description":"Ingresar\u00e1s como un extra\u00f1o y te ir\u00e1s como un amigo","potentialAction":[{"@type":"SearchAction","target":{"@type":"EntryPoint","urlTemplate":"https:\/\/www.arequipay-hostel.com\/?s={search_term_string}"},"query-input":{"@type":"PropertyValueSpecification","valueRequired":true,"valueName":"search_term_string"}}],"inLanguage":"es"}]}},"_links":{"self":[{"href":"https:\/\/www.arequipay-hostel.com\/es\/wp-json\/wp\/v2\/pages\/172","targetHints":{"allow":["GET"]}}],"collection":[{"href":"https:\/\/www.arequipay-hostel.com\/es\/wp-json\/wp\/v2\/pages"}],"about":[{"href":"https:\/\/www.arequipay-hostel.com\/es\/wp-json\/wp\/v2\/types\/page"}],"author":[{"embeddable":true,"href":"https:\/\/www.arequipay-hostel.com\/es\/wp-json\/wp\/v2\/users\/1"}],"replies":[{"embeddable":true,"href":"https:\/\/www.arequipay-hostel.com\/es\/wp-json\/wp\/v2\/comments?post=172"}],"version-history":[{"count":0,"href":"https:\/\/www.arequipay-hostel.com\/es\/wp-json\/wp\/v2\/pages\/172\/revisions"}],"up":[{"embeddable":true,"href":"https:\/\/www.arequipay-hostel.com\/es\/wp-json\/wp\/v2\/pages\/7"}],"wp:featuredmedia":[{"embeddable":true,"href":"https:\/\/www.arequipay-hostel.com\/es\/wp-json\/wp\/v2\/media\/174"}],"wp:attachment":[{"href":"https:\/\/www.arequipay-hostel.com\/es\/wp-json\/wp\/v2\/media?parent=172"}],"curies":[{"name":"wp","href":"https:\/\/api.w.org\/{rel}","templated":true}]}}