{"id":183,"date":"2021-04-28T04:58:08","date_gmt":"2021-04-28T04:58:08","guid":{"rendered":"https:\/\/www.arequipay-hostel.com\/?page_id=183"},"modified":"2026-03-19T21:34:14","modified_gmt":"2026-03-19T21:34:14","slug":"full-day-al-canon-del-colca-arequipa","status":"publish","type":"page","link":"https:\/\/www.arequipay-hostel.com\/es\/tours-arequipa\/full-day-al-canon-del-colca-arequipa\/","title":{"rendered":"CA\u00d1ON DEL COLCA FULL DAY &#8211; NO TREK"},"content":{"rendered":"<div class=\"wpb-content-wrapper\"><\/p>\n<p>[vc_row][vc_column width=\u00bb2\/3&#8243;][vc_row_inner][vc_column_inner][csw_carousel_slider images=\u00bb127&#8243; imgsize=\u00bbmedium\u00bb thumb_height=\u00bb400px\u00bb margin=\u00bb0&#8243; autoheight=\u00bbfalse\u00bb mobilebig=\u00bb1&#8243; tabletsmall=\u00bb1&#8243; tablet=\u00bb1&#8243; desktopsmall=\u00bb1&#8243; desktopmiddle=\u00bb1&#8243; desktopbig=\u00bb1&#8243;][\/vc_column_inner][\/vc_row_inner][vc_raw_html css=\u00bb\u00bb]JTVCY3N3dGFicyU1RFJlc3VtZW4lMjAlN0MlMjBRdSVDMyVBOSUyMGluY2x1eWUlMjAlN0MlMjBObyUyMGluY2x1eWUlMjAlN0MlMjBRdSVDMyVBOSUyMGxsZXZhciUzRiU1QiUyRmNzd3RhYnMlNUQ=[\/vc_raw_html][vc_row_inner][vc_column_inner el_id=\u00bbcsw-tabs\u00bb][csw_icon_container title=\u00bbcurrent\u00bb review=\u00bbtrue\u00bb extra_class=\u00bbcsw-tab csw-tab-green\u00bb summary=\u00bbtrue\u00bb][csw_icon_tour_options_list options=\u00bbact,not,rep\u00bb summary=\u00bbtrue\u00bb][csw_icon_item icon_fontawesome=\u00bbfa fa-solid fa-hand-holding-dollar\u00bb title=\u00bbPrecio por persona:\u00bb title_size=\u00bbdiv\u00bb width=\u00bb1\/3&#8243;]<\/p>\n<p><span class=\"csw-price\">S\/ 70.00<\/span><\/p>\n<p>[\/csw_icon_item][csw_icon_item icon_fontawesome=\u00bbfa fa-regular fa-clock\u00bb title=\u00bbHorarios:\u00bb title_size=\u00bbdiv\u00bb width=\u00bb1\/3&#8243;]<\/p>\n<p><span class=\"csw-times\">3:00am a 5:30pm<\/span><\/p>\n<p>[\/csw_icon_item][csw_icon_item icon_fontawesome=\u00bbfa fa-solid fa-clock-rotate-left\u00bb title=\u00bbDuraci\u00f3n:\u00bb title_size=\u00bbdiv\u00bb width=\u00bb1\/3&#8243;]<\/p>\n<p><span class=\"csw-duration\">Full day<\/span><\/p>\n<p>[\/csw_icon_item][\/csw_icon_container][vc_column_text css=\u00bb\u00bb el_class=\u00bbcsw-tab csw-tab-green\u00bb el_id=\u00bbtab-1-content\u00bb]<\/p>\n<h3>RESUMEN:<\/h3>\n<ul>\n<li>Hora de recojo desde hospedajes en el centro hist\u00f3rico 3 am.<\/li>\n<li>Hora de retorno a la Arequipa\u00a0 17:00 A 17: 30 pm<\/li>\n<li>Importante: este es un tour que no es TREKKING.<\/li>\n<\/ul>\n<h4>\u00bfQU\u00c9\u00a0 CONOCEREMOS?<\/h4>\n<ul>\n<li aria-level=\"1\">Pueblo de Chivay &#8211; esta sera la primera parada donde se desayunara aproximadamente 6:30 am)<\/li>\n<li>Mirador y Cruz del C\u00f3ndor &#8211; donde se veran condores y la profundidad del ca\u00f1on (se llegara aproximadamente a las 7:45 am y aqui se permanecera maximo 45 minutos)<\/li>\n<li aria-level=\"1\">Miradores de la andener\u00eda del valle<\/li>\n<li aria-level=\"1\">Mirador y lagunas de antahuilque<\/li>\n<li>Visita aguas termales<\/li>\n<li aria-level=\"1\">Mirador de los Volcanes (Patapamapa)<\/li>\n<li aria-level=\"1\">Cam\u00e9lidos andinos (llamas, alpacas y vicu\u00f1as)<\/li>\n<\/ul>\n<p>[\/vc_column_text][vc_column_text css=\u00bb\u00bb el_class=\u00bbcsw-tab csw-tab-green includes\u00bb el_id=\u00bbtab-2-content\u00bb]<\/p>\n<h3>NUESTRO SERVICIO INCLUYE:<\/h3>\n<ul>\n<li aria-level=\"1\">Recojo desde su Hotel en el centro hist\u00f3rico (entre 3 am a 3 15 am)<\/li>\n<li aria-level=\"1\">Desayuno<\/li>\n<li aria-level=\"1\">Transporte tur\u00edstico<\/li>\n<li aria-level=\"1\">Guiado profesional espa\u00f1ol \/ ingl\u00e9s<\/li>\n<li aria-level=\"1\">Asistencia personalizada<\/li>\n<\/ul>\n<p>[\/vc_column_text][vc_column_text css=\u00bb\u00bb el_class=\u00bbcsw-tab csw-tab-green not-included\u00bb el_id=\u00bbtab-3-content\u00bb]<\/p>\n<h3>NO INCLUYE:<\/h3>\n<ul>\n<li aria-level=\"1\">Almuerzo\u00a0 (buffet 42 soles)<\/li>\n<li aria-level=\"1\">Ingreso a ba\u00f1os termales S\/. 15.00<\/li>\n<li aria-level=\"1\">Gastos extras de bebidas y otros<\/li>\n<li aria-level=\"1\">Ticket de ingreso al Ca\u00f1\u00f3n S\/. 20 peruanos\u00a0 s\/ 40 sudamericanos s\/. 70 resto del mundo<\/li>\n<\/ul>\n<p>[\/vc_column_text][vc_column_text css=\u00bb\u00bb el_class=\u00bbcsw-tab csw-tab-green\u00bb el_id=\u00bbtab-4-content\u00bb]<\/p>\n<h3>RECOMENDAMOS LLEVAR:<\/h3>\n<ul>\n<li>Sombrero, Lentes de sol, protector solar, poco equipaje, Ropa abrigadora, dinero en efectivo, toalla y ropa de ba\u00f1o.<\/li>\n<li>Pastillas para dolor de cabeza y v\u00f3mitos<\/li>\n<\/ul>\n<p><strong>PRECIOS Y POLITICA DE CANCELACION:\u00a0<\/strong><\/p>\n<ul>\n<li>Los precios publicados aplican para pagos mediante <strong data-start=\"214\" data-end=\"254\">transferencia, Yape, Plin o efectivo<\/strong>.<\/li>\n<li data-start=\"260\" data-end=\"337\">Los pagos con <strong data-start=\"274\" data-end=\"305\">tarjeta de cr\u00e9dito o d\u00e9bito<\/strong> tienen un recargo del <strong data-start=\"328\" data-end=\"334\">5%<\/strong>.<\/li>\n<li data-start=\"340\" data-end=\"427\">Podr\u00e1 <strong data-start=\"346\" data-end=\"379\">reprogramar su tour sin costo<\/strong> hasta 24 horas antes del inicio del programa.<\/li>\n<li data-start=\"430\" data-end=\"596\">En caso de <strong data-start=\"441\" data-end=\"485\">cancelaci\u00f3n con 24 horas de anticipaci\u00f3n<\/strong>, se reembolsar\u00e1 el monto pagado (menos el 5% correspondiente a la comisi\u00f3n por tarjeta de cr\u00e9dito o d\u00e9bito).<\/li>\n<li data-start=\"599\" data-end=\"674\">Pasado este plazo, <strong data-start=\"618\" data-end=\"671\">no ser\u00e1 posible realizar cambios ni cancelaciones<\/strong>.<\/li>\n<\/ul>\n<p>&nbsp;<\/p>\n<p>[\/vc_column_text][\/vc_column_inner][\/vc_row_inner][\/vc_column][vc_column width=\u00bb1\/3&#8243; el_class=\u00bbsidebar\u00bb el_id=\u00bbsidebar\u00bb][vc_widget_sidebar sidebar_id=\u00bbwidget-wtour\u00bb][\/vc_column][\/vc_row]<\/p>\n<p><\/p><\/div>","protected":false},"excerpt":{"rendered":"<p>Conoceremos el  Pueblo de Chivay &#8211; esta sera la primera parada donde se desayunara aproximadamente 6:30 am). Mirador y Cruz del C\u00f3ndor &#8211; donde se veran condores y la profundidad del ca\u00f1on (se llegara aproximadamente a las 7:45 am y aqui se permanecera maximo 45 minutos).<\/p>\n","protected":false},"author":1,"featured_media":127,"parent":7,"menu_order":4,"comment_status":"closed","ping_status":"closed","template":"","meta":{"footnotes":""},"class_list":["post-183","page","type-page","status-publish","has-post-thumbnail","hentry"],"yoast_head":"<!-- This site is optimized with the Yoast SEO plugin v25.2 - https:\/\/yoast.com\/wordpress\/plugins\/seo\/ -->\n<title>CA\u00d1ON DEL COLCA FULL DAY - NO TREK | AREQUIPAY HOSTEL | Backpakers House<\/title>\n<meta name=\"robots\" content=\"index, follow, max-snippet:-1, max-image-preview:large, max-video-preview:-1\" \/>\n<link rel=\"canonical\" href=\"https:\/\/www.arequipay-hostel.com\/es\/tours-arequipa\/full-day-al-canon-del-colca-arequipa\/\" \/>\n<meta property=\"og:locale\" content=\"es_ES\" \/>\n<meta property=\"og:type\" content=\"article\" \/>\n<meta property=\"og:title\" content=\"CA\u00d1ON DEL COLCA FULL DAY - NO TREK | AREQUIPAY HOSTEL | Backpakers House\" \/>\n<meta property=\"og:description\" content=\"Conoceremos el Pueblo de Chivay - esta sera la primera parada donde se desayunara aproximadamente 6:30 am). Mirador y Cruz del C\u00f3ndor - donde se veran condores y la profundidad del ca\u00f1on (se llegara aproximadamente a las 7:45 am y aqui se permanecera maximo 45 minutos).\" \/>\n<meta property=\"og:url\" content=\"https:\/\/www.arequipay-hostel.com\/es\/tours-arequipa\/full-day-al-canon-del-colca-arequipa\/\" \/>\n<meta property=\"og:site_name\" content=\"AREQUIPAY HOSTEL | Backpakers House\" \/>\n<meta property=\"article:modified_time\" content=\"2026-03-19T21:34:14+00:00\" \/>\n<meta property=\"og:image\" content=\"https:\/\/www.arequipay-hostel.com\/wp-content\/uploads\/2021\/02\/arequipay-hostel-colca-canyon.jpg\" \/>\n\t<meta property=\"og:image:width\" content=\"669\" \/>\n\t<meta property=\"og:image:height\" content=\"446\" \/>\n\t<meta property=\"og:image:type\" content=\"image\/jpeg\" \/>\n<meta name=\"twitter:card\" content=\"summary_large_image\" \/>\n<meta name=\"twitter:label1\" content=\"Tiempo de lectura\" \/>\n\t<meta name=\"twitter:data1\" content=\"5 minutos\" \/>\n<script type=\"application\/ld+json\" class=\"yoast-schema-graph\">{\"@context\":\"https:\/\/schema.org\",\"@graph\":[{\"@type\":\"WebPage\",\"@id\":\"https:\/\/www.arequipay-hostel.com\/es\/tours-arequipa\/full-day-al-canon-del-colca-arequipa\/\",\"url\":\"https:\/\/www.arequipay-hostel.com\/es\/tours-arequipa\/full-day-al-canon-del-colca-arequipa\/\",\"name\":\"CA\u00d1ON DEL COLCA FULL DAY - NO TREK | AREQUIPAY HOSTEL | Backpakers House\",\"isPartOf\":{\"@id\":\"https:\/\/www.arequipay-hostel.com\/#website\"},\"primaryImageOfPage\":{\"@id\":\"https:\/\/www.arequipay-hostel.com\/es\/tours-arequipa\/full-day-al-canon-del-colca-arequipa\/#primaryimage\"},\"image\":{\"@id\":\"https:\/\/www.arequipay-hostel.com\/es\/tours-arequipa\/full-day-al-canon-del-colca-arequipa\/#primaryimage\"},\"thumbnailUrl\":\"https:\/\/www.arequipay-hostel.com\/wp-content\/uploads\/2021\/02\/arequipay-hostel-colca-canyon.jpg\",\"datePublished\":\"2021-04-28T04:58:08+00:00\",\"dateModified\":\"2026-03-19T21:34:14+00:00\",\"breadcrumb\":{\"@id\":\"https:\/\/www.arequipay-hostel.com\/es\/tours-arequipa\/full-day-al-canon-del-colca-arequipa\/#breadcrumb\"},\"inLanguage\":\"es\",\"potentialAction\":[{\"@type\":\"ReadAction\",\"target\":[\"https:\/\/www.arequipay-hostel.com\/es\/tours-arequipa\/full-day-al-canon-del-colca-arequipa\/\"]}]},{\"@type\":\"ImageObject\",\"inLanguage\":\"es\",\"@id\":\"https:\/\/www.arequipay-hostel.com\/es\/tours-arequipa\/full-day-al-canon-del-colca-arequipa\/#primaryimage\",\"url\":\"https:\/\/www.arequipay-hostel.com\/wp-content\/uploads\/2021\/02\/arequipay-hostel-colca-canyon.jpg\",\"contentUrl\":\"https:\/\/www.arequipay-hostel.com\/wp-content\/uploads\/2021\/02\/arequipay-hostel-colca-canyon.jpg\",\"width\":669,\"height\":446},{\"@type\":\"BreadcrumbList\",\"@id\":\"https:\/\/www.arequipay-hostel.com\/es\/tours-arequipa\/full-day-al-canon-del-colca-arequipa\/#breadcrumb\",\"itemListElement\":[{\"@type\":\"ListItem\",\"position\":1,\"name\":\"Portada\",\"item\":\"https:\/\/www.arequipay-hostel.com\/es\/\"},{\"@type\":\"ListItem\",\"position\":2,\"name\":\"Tours Arequipa\",\"item\":\"https:\/\/www.arequipay-hostel.com\/tours-arequipa\/\"},{\"@type\":\"ListItem\",\"position\":3,\"name\":\"CA\u00d1ON DEL COLCA FULL DAY &#8211; NO TREK\"}]},{\"@type\":\"WebSite\",\"@id\":\"https:\/\/www.arequipay-hostel.com\/#website\",\"url\":\"https:\/\/www.arequipay-hostel.com\/\",\"name\":\"AREQUIPAY HOSTEL | Backpakers House\",\"description\":\"Ingresar\u00e1s como un extra\u00f1o y te ir\u00e1s como un amigo\",\"potentialAction\":[{\"@type\":\"SearchAction\",\"target\":{\"@type\":\"EntryPoint\",\"urlTemplate\":\"https:\/\/www.arequipay-hostel.com\/?s={search_term_string}\"},\"query-input\":{\"@type\":\"PropertyValueSpecification\",\"valueRequired\":true,\"valueName\":\"search_term_string\"}}],\"inLanguage\":\"es\"}]}<\/script>\n<!-- \/ Yoast SEO plugin. -->","yoast_head_json":{"title":"CA\u00d1ON DEL COLCA FULL DAY - NO TREK | AREQUIPAY HOSTEL | Backpakers House","robots":{"index":"index","follow":"follow","max-snippet":"max-snippet:-1","max-image-preview":"max-image-preview:large","max-video-preview":"max-video-preview:-1"},"canonical":"https:\/\/www.arequipay-hostel.com\/es\/tours-arequipa\/full-day-al-canon-del-colca-arequipa\/","og_locale":"es_ES","og_type":"article","og_title":"CA\u00d1ON DEL COLCA FULL DAY - NO TREK | AREQUIPAY HOSTEL | Backpakers House","og_description":"Conoceremos el Pueblo de Chivay - esta sera la primera parada donde se desayunara aproximadamente 6:30 am). Mirador y Cruz del C\u00f3ndor - donde se veran condores y la profundidad del ca\u00f1on (se llegara aproximadamente a las 7:45 am y aqui se permanecera maximo 45 minutos).","og_url":"https:\/\/www.arequipay-hostel.com\/es\/tours-arequipa\/full-day-al-canon-del-colca-arequipa\/","og_site_name":"AREQUIPAY HOSTEL | Backpakers House","article_modified_time":"2026-03-19T21:34:14+00:00","og_image":[{"width":669,"height":446,"url":"https:\/\/www.arequipay-hostel.com\/wp-content\/uploads\/2021\/02\/arequipay-hostel-colca-canyon.jpg","type":"image\/jpeg"}],"twitter_card":"summary_large_image","twitter_misc":{"Tiempo de lectura":"5 minutos"},"schema":{"@context":"https:\/\/schema.org","@graph":[{"@type":"WebPage","@id":"https:\/\/www.arequipay-hostel.com\/es\/tours-arequipa\/full-day-al-canon-del-colca-arequipa\/","url":"https:\/\/www.arequipay-hostel.com\/es\/tours-arequipa\/full-day-al-canon-del-colca-arequipa\/","name":"CA\u00d1ON DEL COLCA FULL DAY - NO TREK | AREQUIPAY HOSTEL | Backpakers House","isPartOf":{"@id":"https:\/\/www.arequipay-hostel.com\/#website"},"primaryImageOfPage":{"@id":"https:\/\/www.arequipay-hostel.com\/es\/tours-arequipa\/full-day-al-canon-del-colca-arequipa\/#primaryimage"},"image":{"@id":"https:\/\/www.arequipay-hostel.com\/es\/tours-arequipa\/full-day-al-canon-del-colca-arequipa\/#primaryimage"},"thumbnailUrl":"https:\/\/www.arequipay-hostel.com\/wp-content\/uploads\/2021\/02\/arequipay-hostel-colca-canyon.jpg","datePublished":"2021-04-28T04:58:08+00:00","dateModified":"2026-03-19T21:34:14+00:00","breadcrumb":{"@id":"https:\/\/www.arequipay-hostel.com\/es\/tours-arequipa\/full-day-al-canon-del-colca-arequipa\/#breadcrumb"},"inLanguage":"es","potentialAction":[{"@type":"ReadAction","target":["https:\/\/www.arequipay-hostel.com\/es\/tours-arequipa\/full-day-al-canon-del-colca-arequipa\/"]}]},{"@type":"ImageObject","inLanguage":"es","@id":"https:\/\/www.arequipay-hostel.com\/es\/tours-arequipa\/full-day-al-canon-del-colca-arequipa\/#primaryimage","url":"https:\/\/www.arequipay-hostel.com\/wp-content\/uploads\/2021\/02\/arequipay-hostel-colca-canyon.jpg","contentUrl":"https:\/\/www.arequipay-hostel.com\/wp-content\/uploads\/2021\/02\/arequipay-hostel-colca-canyon.jpg","width":669,"height":446},{"@type":"BreadcrumbList","@id":"https:\/\/www.arequipay-hostel.com\/es\/tours-arequipa\/full-day-al-canon-del-colca-arequipa\/#breadcrumb","itemListElement":[{"@type":"ListItem","position":1,"name":"Portada","item":"https:\/\/www.arequipay-hostel.com\/es\/"},{"@type":"ListItem","position":2,"name":"Tours Arequipa","item":"https:\/\/www.arequipay-hostel.com\/tours-arequipa\/"},{"@type":"ListItem","position":3,"name":"CA\u00d1ON DEL COLCA FULL DAY &#8211; NO TREK"}]},{"@type":"WebSite","@id":"https:\/\/www.arequipay-hostel.com\/#website","url":"https:\/\/www.arequipay-hostel.com\/","name":"AREQUIPAY HOSTEL | Backpakers House","description":"Ingresar\u00e1s como un extra\u00f1o y te ir\u00e1s como un amigo","potentialAction":[{"@type":"SearchAction","target":{"@type":"EntryPoint","urlTemplate":"https:\/\/www.arequipay-hostel.com\/?s={search_term_string}"},"query-input":{"@type":"PropertyValueSpecification","valueRequired":true,"valueName":"search_term_string"}}],"inLanguage":"es"}]}},"_links":{"self":[{"href":"https:\/\/www.arequipay-hostel.com\/es\/wp-json\/wp\/v2\/pages\/183","targetHints":{"allow":["GET"]}}],"collection":[{"href":"https:\/\/www.arequipay-hostel.com\/es\/wp-json\/wp\/v2\/pages"}],"about":[{"href":"https:\/\/www.arequipay-hostel.com\/es\/wp-json\/wp\/v2\/types\/page"}],"author":[{"embeddable":true,"href":"https:\/\/www.arequipay-hostel.com\/es\/wp-json\/wp\/v2\/users\/1"}],"replies":[{"embeddable":true,"href":"https:\/\/www.arequipay-hostel.com\/es\/wp-json\/wp\/v2\/comments?post=183"}],"version-history":[{"count":0,"href":"https:\/\/www.arequipay-hostel.com\/es\/wp-json\/wp\/v2\/pages\/183\/revisions"}],"up":[{"embeddable":true,"href":"https:\/\/www.arequipay-hostel.com\/es\/wp-json\/wp\/v2\/pages\/7"}],"wp:featuredmedia":[{"embeddable":true,"href":"https:\/\/www.arequipay-hostel.com\/es\/wp-json\/wp\/v2\/media\/127"}],"wp:attachment":[{"href":"https:\/\/www.arequipay-hostel.com\/es\/wp-json\/wp\/v2\/media?parent=183"}],"curies":[{"name":"wp","href":"https:\/\/api.w.org\/{rel}","templated":true}]}}