{"id":4,"date":"2021-02-18T16:17:22","date_gmt":"2021-02-18T16:17:22","guid":{"rendered":"https:\/\/www.arequipay-hostel.com\/?p=4"},"modified":"2025-06-03T17:44:44","modified_gmt":"2025-06-03T17:44:44","slug":"habitaciones","status":"publish","type":"page","link":"https:\/\/www.arequipay-hostel.com\/es\/habitaciones\/","title":{"rendered":"Habitaciones"},"content":{"rendered":"<p><\/p>\n<h1 style=\"text-align: center;\"><span style=\"color: #a53692;\">HABITACIONES<\/span><\/h1>\n<p style=\"text-align: center;\">Todas las tarifas incluyen desayuno y clases de yoga. Acceso a todas las facilidades: cocina, sala de billar, \u00e1rea de tv con Netflix, patio con hamacas, fulbito de mano, ping pong, parrilla, corredora.<\/p>\n<p><\/p>","protected":false},"excerpt":{"rendered":"<h3 style=\"text-align: center;\"><span style=\"font-size: 36px; color: #a53692;\"><strong>N O T I C E :<\/strong><\/span><\/h3>\n<p style=\"text-align: center;\"><span style=\"font-size: 18px;\"><strong>El Check-in empieza a las 12:00 pm. <\/strong><\/span><\/p>\n<p style=\"text-align: center;\"><span style=\"font-size: 18px;\"><strong>El Check-out es hasta las 10:30 am. <\/strong><\/span><\/p>\n<p style=\"text-align: center;\"><span style=\"font-size: 18px;\"><strong>IMPUESTOS:<\/strong> \u200b Los precios mencionados no incluyen el impuesto IGV (18%). De acuerdo al decreto de ley n\u00famero 919, art\u00edculo 33 de la Ley Peruana, los extranjeros viajando por menos de 60 d\u00edas consecutivos est\u00e1n exonerados a pagar dicho impuesto en servicios de alojamiento. Si eres extranjero deber\u00e1s presentar tu pasaporte y tu Tarjeta Andina de Migraci\u00f3n para poder acceder a esta exoneraci\u00f3n.<\/span><\/p>\n<p style=\"text-align: center;\"><span style=\"font-size: 18px;\"><strong>RESERVA DE GRUPOS:<\/strong> \u200b Para reservas grupales en cuartos compartidos, Arequipay Hostel no garantiza que todos los miembros del grupo estar\u00e1n en el mismo cuarto. Tampoco garantiza que un cuarto ser\u00e1 de uso exclusivo del grupo.<\/span><\/p>\n<p style=\"text-align: center;\"><span style=\"font-size: 18px;\">Sin embargo, haremos lo posible para lograrlo.<\/span><\/p>\n<p style=\"text-align: center;\"><span style=\"font-size: 18px;\"><strong>PAGOS:<\/strong> \u200b Aceptamos pagos en (Soles Peruanos S\/), \u00a1Tarjetas Visa, MasterCard, Amex, Dinners, CMR, Ripley, Cencosud, Oh!, Provis, JCB, (con recargo).<\/span><\/p>\n<h4 style=\"text-align: center;\"><span style=\"color: #a53692; font-size: 24px;\">IMPORTANTE:<\/span><\/h4>\n<p style=\"text-align: center;\"><span style=\"font-size: 18px;\">Los pagos se completar\u00e1n al 100% al momento del check in sin excepci\u00f3n.<\/span><\/p>\n","protected":false},"author":1,"featured_media":0,"parent":0,"menu_order":3,"comment_status":"closed","ping_status":"closed","template":"page-items.php","meta":{"footnotes":""},"class_list":["post-4","page","type-page","status-publish","hentry"],"yoast_head":"<!-- This site is optimized with the Yoast SEO plugin v25.2 - https:\/\/yoast.com\/wordpress\/plugins\/seo\/ -->\n<title>Habitaciones | AREQUIPAY HOSTEL | Backpakers House<\/title>\n<meta name=\"robots\" content=\"index, follow, max-snippet:-1, max-image-preview:large, max-video-preview:-1\" \/>\n<link rel=\"canonical\" href=\"https:\/\/www.arequipay-hostel.com\/es\/habitaciones\/\" \/>\n<meta property=\"og:locale\" content=\"es_ES\" \/>\n<meta property=\"og:type\" content=\"article\" \/>\n<meta property=\"og:title\" content=\"Habitaciones | AREQUIPAY HOSTEL | Backpakers House\" \/>\n<meta property=\"og:description\" content=\"N O T I C E : El Check-in empieza a las 12:00 pm.  El Check-out es hasta las 10:30 am.  IMPUESTOS: \u200b Los precios mencionados no incluyen el impuesto IGV (18%). De acuerdo al decreto de ley n\u00famero 919, art\u00edculo 33 de la Ley Peruana, los extranjeros viajando por menos de 60 d\u00edas consecutivos est\u00e1n exonerados a pagar dicho impuesto en servicios de alojamiento. Si eres extranjero deber\u00e1s presentar tu pasaporte y tu Tarjeta Andina de Migraci\u00f3n para poder acceder a esta exoneraci\u00f3n. RESERVA DE GRUPOS: \u200b Para reservas grupales en cuartos compartidos, Arequipay Hostel no garantiza que todos los miembros del grupo estar\u00e1n en el mismo cuarto. Tampoco garantiza que un cuarto ser\u00e1 de uso exclusivo del grupo. Sin embargo, haremos lo posible para lograrlo. PAGOS: \u200b Aceptamos pagos en (Soles Peruanos S\/), \u00a1Tarjetas Visa, MasterCard, Amex, Dinners, CMR, Ripley, Cencosud, Oh!, Provis, JCB, (con recargo). IMPORTANTE: Los pagos se completar\u00e1n al 100% al momento del check in sin excepci\u00f3n.\" \/>\n<meta property=\"og:url\" content=\"https:\/\/www.arequipay-hostel.com\/es\/habitaciones\/\" \/>\n<meta property=\"og:site_name\" content=\"AREQUIPAY HOSTEL | Backpakers House\" \/>\n<meta property=\"article:modified_time\" content=\"2025-06-03T17:44:44+00:00\" \/>\n<meta name=\"twitter:card\" content=\"summary_large_image\" \/>\n<meta name=\"twitter:label1\" content=\"Tiempo de lectura\" \/>\n\t<meta name=\"twitter:data1\" content=\"2 minutos\" \/>\n<script type=\"application\/ld+json\" class=\"yoast-schema-graph\">{\"@context\":\"https:\/\/schema.org\",\"@graph\":[{\"@type\":\"WebPage\",\"@id\":\"https:\/\/www.arequipay-hostel.com\/es\/habitaciones\/\",\"url\":\"https:\/\/www.arequipay-hostel.com\/es\/habitaciones\/\",\"name\":\"Habitaciones | AREQUIPAY HOSTEL | Backpakers House\",\"isPartOf\":{\"@id\":\"https:\/\/www.arequipay-hostel.com\/#website\"},\"datePublished\":\"2021-02-18T16:17:22+00:00\",\"dateModified\":\"2025-06-03T17:44:44+00:00\",\"breadcrumb\":{\"@id\":\"https:\/\/www.arequipay-hostel.com\/es\/habitaciones\/#breadcrumb\"},\"inLanguage\":\"es\",\"potentialAction\":[{\"@type\":\"ReadAction\",\"target\":[\"https:\/\/www.arequipay-hostel.com\/es\/habitaciones\/\"]}]},{\"@type\":\"BreadcrumbList\",\"@id\":\"https:\/\/www.arequipay-hostel.com\/es\/habitaciones\/#breadcrumb\",\"itemListElement\":[{\"@type\":\"ListItem\",\"position\":1,\"name\":\"Portada\",\"item\":\"https:\/\/www.arequipay-hostel.com\/es\/\"},{\"@type\":\"ListItem\",\"position\":2,\"name\":\"Habitaciones\"}]},{\"@type\":\"WebSite\",\"@id\":\"https:\/\/www.arequipay-hostel.com\/#website\",\"url\":\"https:\/\/www.arequipay-hostel.com\/\",\"name\":\"AREQUIPAY HOSTEL | Backpakers House\",\"description\":\"Ingresar\u00e1s como un extra\u00f1o y te ir\u00e1s como un amigo\",\"potentialAction\":[{\"@type\":\"SearchAction\",\"target\":{\"@type\":\"EntryPoint\",\"urlTemplate\":\"https:\/\/www.arequipay-hostel.com\/?s={search_term_string}\"},\"query-input\":{\"@type\":\"PropertyValueSpecification\",\"valueRequired\":true,\"valueName\":\"search_term_string\"}}],\"inLanguage\":\"es\"}]}<\/script>\n<!-- \/ Yoast SEO plugin. -->","yoast_head_json":{"title":"Habitaciones | AREQUIPAY HOSTEL | Backpakers House","robots":{"index":"index","follow":"follow","max-snippet":"max-snippet:-1","max-image-preview":"max-image-preview:large","max-video-preview":"max-video-preview:-1"},"canonical":"https:\/\/www.arequipay-hostel.com\/es\/habitaciones\/","og_locale":"es_ES","og_type":"article","og_title":"Habitaciones | AREQUIPAY HOSTEL | Backpakers House","og_description":"N O T I C E : El Check-in empieza a las 12:00 pm.  El Check-out es hasta las 10:30 am.  IMPUESTOS: \u200b Los precios mencionados no incluyen el impuesto IGV (18%). De acuerdo al decreto de ley n\u00famero 919, art\u00edculo 33 de la Ley Peruana, los extranjeros viajando por menos de 60 d\u00edas consecutivos est\u00e1n exonerados a pagar dicho impuesto en servicios de alojamiento. Si eres extranjero deber\u00e1s presentar tu pasaporte y tu Tarjeta Andina de Migraci\u00f3n para poder acceder a esta exoneraci\u00f3n. RESERVA DE GRUPOS: \u200b Para reservas grupales en cuartos compartidos, Arequipay Hostel no garantiza que todos los miembros del grupo estar\u00e1n en el mismo cuarto. Tampoco garantiza que un cuarto ser\u00e1 de uso exclusivo del grupo. Sin embargo, haremos lo posible para lograrlo. PAGOS: \u200b Aceptamos pagos en (Soles Peruanos S\/), \u00a1Tarjetas Visa, MasterCard, Amex, Dinners, CMR, Ripley, Cencosud, Oh!, Provis, JCB, (con recargo). IMPORTANTE: Los pagos se completar\u00e1n al 100% al momento del check in sin excepci\u00f3n.","og_url":"https:\/\/www.arequipay-hostel.com\/es\/habitaciones\/","og_site_name":"AREQUIPAY HOSTEL | Backpakers House","article_modified_time":"2025-06-03T17:44:44+00:00","twitter_card":"summary_large_image","twitter_misc":{"Tiempo de lectura":"2 minutos"},"schema":{"@context":"https:\/\/schema.org","@graph":[{"@type":"WebPage","@id":"https:\/\/www.arequipay-hostel.com\/es\/habitaciones\/","url":"https:\/\/www.arequipay-hostel.com\/es\/habitaciones\/","name":"Habitaciones | AREQUIPAY HOSTEL | Backpakers House","isPartOf":{"@id":"https:\/\/www.arequipay-hostel.com\/#website"},"datePublished":"2021-02-18T16:17:22+00:00","dateModified":"2025-06-03T17:44:44+00:00","breadcrumb":{"@id":"https:\/\/www.arequipay-hostel.com\/es\/habitaciones\/#breadcrumb"},"inLanguage":"es","potentialAction":[{"@type":"ReadAction","target":["https:\/\/www.arequipay-hostel.com\/es\/habitaciones\/"]}]},{"@type":"BreadcrumbList","@id":"https:\/\/www.arequipay-hostel.com\/es\/habitaciones\/#breadcrumb","itemListElement":[{"@type":"ListItem","position":1,"name":"Portada","item":"https:\/\/www.arequipay-hostel.com\/es\/"},{"@type":"ListItem","position":2,"name":"Habitaciones"}]},{"@type":"WebSite","@id":"https:\/\/www.arequipay-hostel.com\/#website","url":"https:\/\/www.arequipay-hostel.com\/","name":"AREQUIPAY HOSTEL | Backpakers House","description":"Ingresar\u00e1s como un extra\u00f1o y te ir\u00e1s como un amigo","potentialAction":[{"@type":"SearchAction","target":{"@type":"EntryPoint","urlTemplate":"https:\/\/www.arequipay-hostel.com\/?s={search_term_string}"},"query-input":{"@type":"PropertyValueSpecification","valueRequired":true,"valueName":"search_term_string"}}],"inLanguage":"es"}]}},"_links":{"self":[{"href":"https:\/\/www.arequipay-hostel.com\/es\/wp-json\/wp\/v2\/pages\/4","targetHints":{"allow":["GET"]}}],"collection":[{"href":"https:\/\/www.arequipay-hostel.com\/es\/wp-json\/wp\/v2\/pages"}],"about":[{"href":"https:\/\/www.arequipay-hostel.com\/es\/wp-json\/wp\/v2\/types\/page"}],"author":[{"embeddable":true,"href":"https:\/\/www.arequipay-hostel.com\/es\/wp-json\/wp\/v2\/users\/1"}],"replies":[{"embeddable":true,"href":"https:\/\/www.arequipay-hostel.com\/es\/wp-json\/wp\/v2\/comments?post=4"}],"version-history":[{"count":0,"href":"https:\/\/www.arequipay-hostel.com\/es\/wp-json\/wp\/v2\/pages\/4\/revisions"}],"wp:attachment":[{"href":"https:\/\/www.arequipay-hostel.com\/es\/wp-json\/wp\/v2\/media?parent=4"}],"curies":[{"name":"wp","href":"https:\/\/api.w.org\/{rel}","templated":true}]}}