{"id":455,"date":"2025-05-29T21:51:02","date_gmt":"2025-05-29T21:51:02","guid":{"rendered":"https:\/\/www.arequipay-hostel.com\/en\/?page_id=455"},"modified":"2026-03-23T17:39:42","modified_gmt":"2026-03-23T17:39:42","slug":"copia_-canon-del-colca-trekking-3-dias","status":"publish","type":"page","link":"https:\/\/www.arequipay-hostel.com\/es\/tours-arequipa\/canon-del-colca-full-day-trek\/","title":{"rendered":"CA\u00d1ON DEL COLCA FULL DAY TREK"},"content":{"rendered":"<div class=\"wpb-content-wrapper\"><\/p>\n<p>[vc_row][vc_column width=\u00bb2\/3&#8243;][vc_row_inner][vc_column_inner][csw_carousel_slider images=\u00bb126&#8243; imgsize=\u00bbmedium\u00bb thumb_height=\u00bb400px\u00bb margin=\u00bb0&#8243; autoheight=\u00bbfalse\u00bb mobilebig=\u00bb1&#8243; tabletsmall=\u00bb1&#8243; tablet=\u00bb1&#8243; desktopsmall=\u00bb1&#8243; desktopmiddle=\u00bb1&#8243; desktopbig=\u00bb1&#8243;][\/vc_column_inner][\/vc_row_inner][vc_raw_html css=\u00bb\u00bb]JTVCY3N3dGFicyU1REl0aW5ldGFyaW8lMjAlN0MlMjBJbmNsdXllJTIwJTdDJTIwTm8lMjBpbmNsdXllJTIwJTdDJTIwUXUlQzMlQTklMjBsbGV2YXIlM0YlNUIlMkZjc3d0YWJzJTVE[\/vc_raw_html][vc_row_inner][vc_column_inner el_id=\u00bbcsw-tabs\u00bb][csw_icon_container title=\u00bbcurrent\u00bb review=\u00bbtrue\u00bb extra_class=\u00bbcsw-tab csw-tab-green\u00bb summary=\u00bbtrue\u00bb][csw_icon_tour_options_list options=\u00bbact,not,rep\u00bb][csw_icon_item icon_fontawesome=\u00bbfa fa-solid fa-hand-holding-dollar\u00bb title=\u00bbPrecio por persona:\u00bb title_size=\u00bbdiv\u00bb width=\u00bb1\/3&#8243;]<\/p>\n<p><span class=\"csw-price\">S\/ 130<\/span><\/p>\n<p>[\/csw_icon_item][csw_icon_item icon_fontawesome=\u00bbfa fa-regular fa-clock\u00bb title=\u00bbHorarios:\u00bb title_size=\u00bbdiv\u00bb width=\u00bb1\/3&#8243;]<\/p>\n<p><span class=\"csw-times\">2: 45 am<\/span><\/p>\n<p>[\/csw_icon_item][csw_icon_item icon_fontawesome=\u00bbfa fa-solid fa-clock-rotate-left\u00bb title=\u00bbDuraci\u00f3n:\u00bb title_size=\u00bbdiv\u00bb width=\u00bb1\/3&#8243;]<\/p>\n<p><span class=\"csw-duration\">Full day<\/span><\/p>\n<p>[\/csw_icon_item][csw_icon_item icon_fontawesome=\u00bbfa fa-solid fa-person-hiking\u00bb title=\u00bbInformaci\u00f3n de la expedici\u00f3n:\u00bb csw_css=\u00bb.vc_custom_1748653781729{margin-top: 20px !important;border-top-width: 1px !important;padding-top: 20px !important;border-top-style: solid !important;border-color: #EEEEEE !important;}\u00bb]<\/p>\n<p>&#8211; Hora de Inicio: 3:00 am<br \/>\n&#8211; Hora de Finalizaci\u00f3n: 5:00 &#8211; 5:30 pm el mismo d\u00eda<br \/>\n&#8211; Tiempo y Distancia en Veh\u00edculo: 8 horas \/ 410 km (ida y vuelta)<br \/>\n&#8211; Distancia y Tiempo de Caminata: hasta 3 millas &#8211; 1-2 horas<br \/>\n&#8211; Nivel de Dificultad: Moderado (hasta 700 pies)<br \/>\n&#8211; Tama\u00f1o del Grupo: M\u00e1ximo 10 personas &#8211; Grupos no masivos<\/p>\n<p>[\/csw_icon_item][\/csw_icon_container][vc_column_text css=\u00bb\u00bb el_class=\u00bbcsw-tab csw-tab-green\u00bb el_id=\u00bbtab-1-content\u00bb]<\/p>\n<p>Nuestra caminata de un d\u00eda es una oportunidad para experimentar el Ca\u00f1\u00f3n del Colca de una manera diferente, desafiarte en una caminata significativa con varias vistas panor\u00e1micas y asombrosas. Una caminata no cl\u00e1sica de un d\u00eda con un picnic puede ser una excelente manera de disfrutar de la naturaleza y el aire libre sin grupos masivos. Esta excursi\u00f3n te permitir\u00e1 explorar lo magn\u00edfico del Ca\u00f1\u00f3n del Colca a trav\u00e9s de un sendero Capac \u00d1an (senderos inca y preinca).<\/p>\n<p>ITINEARARIO<\/p>\n<p>&#8211;\u00a0 2: 45 AM Recogida en tu hotel en el centro o la plaza principal. 2 horas y media en veh\u00edculo privado hasta \u00abLa Bruja Mirador\u00bb 4900m. (Pago tradicional a la Pachamama)<br \/>\n&#8211; 6:30 am. Mirador AGOTREK, para apreciar terrazas preincaicas y la cordillera Mismi, donde se encuentra la fuente del r\u00edo Amazonas.<br \/>\n&#8211; 6:45 am. Continuamos en nuestro veh\u00edculo durante unos 40 minutos m\u00e1s hasta el Mirador La Cruz del C\u00f3ndor<br \/>\n&#8211; 7:30 am. La Cruz del C\u00f3ndor es el mirador m\u00e1s popular y tur\u00edstico del Ca\u00f1\u00f3n del Colca, nos quedamos aqu\u00ed durante unos 15 minutos solamente.<br \/>\n&#8211; 8:00 am. Mirador Tapay, (se tarda solo 5 minutos m\u00e1s en llegar aqu\u00ed) es otro mirador para ver c\u00f3ndores. Desayuno campestre con vista espectacular del ca\u00f1\u00f3n<br \/>\n&#8211; INICIO DE LA CAMINATA<br \/>\n&#8211; 8:40 am. Disfrutamos de un hermoso paisaje profundo en el ca\u00f1\u00f3n, con vistas de c\u00f3ndores y varios tipos de flora local. Una caminata de 1:30 minutos cubre 3,3 millas\/5,3 km.<br \/>\n&#8211; 10:20 am. Llegamos a Pampa San Miguel, donde nuestro veh\u00edculo nos recoger\u00e1 y conduciremos durante 30 minutos hasta llegar al pueblo de Pinchollo.<br \/>\n&#8211; 10:50 am. Llegamos a Pinchollo 3600m. Donde degustaremos diferentes frutas nativas de la zona y un nuevo t\u00edpico trago llamado Colca sour. Luego continuamos a las aguas termales.<br \/>\n&#8211; 11:30 am. Llegamos a las aguas termales, donde disfrutaremos de aguas termales entre 30 y 50 grados Celsius. (1h.)<br \/>\n&#8211; 12:30 pm. Continuamos en veh\u00edculo a un restaurante familiar en el campo.<br \/>\n&#8211; 1:30 pm. Regresamos a Arequipa.<br \/>\n&#8211; 5:30 pm. Llegada al centro de la ciudad.<\/p>\n<p>[\/vc_column_text][vc_column_text css=\u00bb\u00bb el_class=\u00bbcsw-tab csw-tab-green includes\u00bb el_id=\u00bbtab-2-content\u00bb]<\/p>\n<p><strong>NUESTRO SERVICIO INCLUYE:<\/strong><\/p>\n<ul>\n<li>Charla de orientaci\u00f3n o briefing para turistas<\/li>\n<li>Recogida en hotel\/hostal (centro de la ciudad)Transporte tur\u00edstico autorizado y equipado<\/li>\n<li>Gu\u00eda de trekking que habla ingl\u00e9s y certificado en primeros auxilios (cruz roja del Per\u00fa)<\/li>\n<li>Desayuno Picnic<\/li>\n<li>Kit de primeros auxilios equipado y asistencia<\/li>\n<li>Tradicional \u00abPago a la Pachamama\u00bb<\/li>\n<\/ul>\n<p>[\/vc_column_text][vc_column_text css=\u00bb\u00bb el_class=\u00bbcsw-tab csw-tab-green not-included\u00bb el_id=\u00bbtab-3-content\u00bb]<\/p>\n<h3>NO INCLUYE:<\/h3>\n<ul>\n<li>Almuerzo (tercer dia: Buffet S\/. 45 por persona)<\/li>\n<li>Entrada a las Termas de Chacapi (S\/ 15 por persona, pago en efectivo en soles)<\/li>\n<li>Boleto tur\u00edstico:\u00a0S\/ 70 por persona para extranjeros,\u00a0S\/ 40 por persona para latinoamericanos,\u00a0S\/ 20 por persona para peruanos.<\/li>\n<li>Agua.<\/li>\n<li>Seguro de viaje<\/li>\n<li>Seguro de viaje.<\/li>\n<\/ul>\n<p>[\/vc_column_text][vc_column_text css=\u00bb\u00bb el_class=\u00bbcsw-tab csw-tab-green\u00bb el_id=\u00bbtab-4-content\u00bb]<\/p>\n<h3>RECOMENDAMOS LLEVAR:<\/h3>\n<ul>\n<li>Camisetas de manga corta y larga.<\/li>\n<li>Chaqueta abrigada.<\/li>\n<li>Ropa impermeable (chaqueta y pantal\u00f3n, o poncho de lluvia en temporada de lluvias, de diciembre a marzo).<\/li>\n<li>Traje de ba\u00f1o.<\/li>\n<li>Toalla.<\/li>\n<li>Zapatos de trekking (muy importante)<\/li>\n<li>Sandalias (para piscina y duchas)<\/li>\n<li>Gorro para el sol.<\/li>\n<li>Lentes de sol.<\/li>\n<li>Papel higi\u00e9nico.<\/li>\n<li>Protector solar.<\/li>\n<li>Repelente de insectos.<\/li>\n<li>Agua.<\/li>\n<\/ul>\n<hr \/>\n<h4>Precio y Pol\u00edtica de cancelaci\u00f3n:<\/h4>\n<ul>\n<li>Los precios publicados aplican para pagos mediante <strong data-start=\"214\" data-end=\"254\">transferencia, Yape, Plin o efectivo<\/strong>.<\/li>\n<li data-start=\"260\" data-end=\"337\">Los pagos con <strong data-start=\"274\" data-end=\"305\">tarjeta de cr\u00e9dito o d\u00e9bito<\/strong> tienen un recargo del <strong data-start=\"328\" data-end=\"334\">5%<\/strong>.<\/li>\n<li data-start=\"340\" data-end=\"427\">Podr\u00e1 <strong data-start=\"346\" data-end=\"379\">reprogramar su tour sin costo<\/strong> hasta 24 horas antes del inicio del programa.<\/li>\n<li data-start=\"430\" data-end=\"596\">En caso de <strong data-start=\"441\" data-end=\"485\">cancelaci\u00f3n con 24 horas de anticipaci\u00f3n<\/strong>, se reembolsar\u00e1 el monto pagado (menos el 5% correspondiente a la comisi\u00f3n por tarjeta de cr\u00e9dito o d\u00e9bito).<\/li>\n<li data-start=\"599\" data-end=\"674\">Pasado este plazo, <strong data-start=\"618\" data-end=\"671\">no ser\u00e1 posible realizar cambios ni cancelaciones<\/strong>.<\/li>\n<\/ul>\n<p>[\/vc_column_text][vc_column_text css=\u00bb\u00bb el_class=\u00bbcsw-tab csw-tab-green\u00bb el_id=\u00bbtab-5-content\u00bb][\/vc_column_text][\/vc_column_inner][\/vc_row_inner][\/vc_column][vc_column width=\u00bb1\/3&#8243; el_class=\u00bbsidebar\u00bb el_id=\u00bbsidebar\u00bb][vc_widget_sidebar sidebar_id=\u00bbwidget-wtour\u00bb][\/vc_column][\/vc_row]<\/p>\n<p><\/p><\/div>","protected":false},"excerpt":{"rendered":"<p>[vc_row][vc_column width=\u00bb2\/3&#8243;][vc_row_inner][vc_column_inner][csw_carousel_slider images=\u00bb126&#8243; imgsize=\u00bbmedium\u00bb thumb_height=\u00bb400px\u00bb margin=\u00bb0&#8243; autoheight=\u00bbfalse\u00bb mobilebig=\u00bb1&#8243; tabletsmall=\u00bb1&#8243; tablet=\u00bb1&#8243; desktopsmall=\u00bb1&#8243; desktopmiddle=\u00bb1&#8243; desktopbig=\u00bb1&#8243;][\/vc_column_inner][\/vc_row_inner][vc_raw_html css=\u00bb\u00bb]JTVCY3N3dGFicyU1REl0aW5ldGFyaW8lMjAlN0MlMjBJbmNsdXllJTIwJTdDJTIwTm8lMjBpbmNsdXllJTIwJTdDJTIwUXUlQzMlQTklMjBsbGV2YXIlM0YlNUIlMkZjc3d0YWJzJTVE[\/vc_raw_html][vc_row_inner][vc_column_inner el_id=\u00bbcsw-tabs\u00bb][csw_icon_container title=\u00bbcurrent\u00bb review=\u00bbtrue\u00bb extra_class=\u00bbcsw-tab csw-tab-green\u00bb summary=\u00bbtrue\u00bb][csw_icon_tour_options_list [&hellip;]<\/p>\n","protected":false},"author":3,"featured_media":126,"parent":7,"menu_order":3,"comment_status":"closed","ping_status":"closed","template":"","meta":{"footnotes":""},"class_list":["post-455","page","type-page","status-publish","has-post-thumbnail","hentry"],"yoast_head":"<!-- This site is optimized with the Yoast SEO plugin v25.2 - https:\/\/yoast.com\/wordpress\/plugins\/seo\/ -->\n<title>CA\u00d1ON DEL COLCA FULL DAY TREK | AREQUIPAY HOSTEL | Backpakers House<\/title>\n<meta name=\"robots\" content=\"index, follow, max-snippet:-1, max-image-preview:large, max-video-preview:-1\" \/>\n<link rel=\"canonical\" href=\"https:\/\/www.arequipay-hostel.com\/es\/tours-arequipa\/canon-del-colca-full-day-trek\/\" \/>\n<meta property=\"og:locale\" content=\"es_ES\" \/>\n<meta property=\"og:type\" content=\"article\" \/>\n<meta property=\"og:title\" content=\"CA\u00d1ON DEL COLCA FULL DAY TREK | AREQUIPAY HOSTEL | Backpakers House\" \/>\n<meta property=\"og:description\" content=\"[vc_row][vc_column width=\u00bb2\/3&#8243;][vc_row_inner][vc_column_inner][csw_carousel_slider images=\u00bb126&#8243; imgsize=\u00bbmedium\u00bb thumb_height=\u00bb400px\u00bb margin=\u00bb0&#8243; autoheight=\u00bbfalse\u00bb mobilebig=\u00bb1&#8243; tabletsmall=\u00bb1&#8243; tablet=\u00bb1&#8243; desktopsmall=\u00bb1&#8243; desktopmiddle=\u00bb1&#8243; desktopbig=\u00bb1&#8243;][\/vc_column_inner][\/vc_row_inner][vc_raw_html css=\u00bb\u00bb]JTVCY3N3dGFicyU1REl0aW5ldGFyaW8lMjAlN0MlMjBJbmNsdXllJTIwJTdDJTIwTm8lMjBpbmNsdXllJTIwJTdDJTIwUXUlQzMlQTklMjBsbGV2YXIlM0YlNUIlMkZjc3d0YWJzJTVE[\/vc_raw_html][vc_row_inner][vc_column_inner el_id=\u00bbcsw-tabs\u00bb][csw_icon_container title=\u00bbcurrent\u00bb review=\u00bbtrue\u00bb extra_class=\u00bbcsw-tab csw-tab-green\u00bb summary=\u00bbtrue\u00bb][csw_icon_tour_options_list [&hellip;]\" \/>\n<meta property=\"og:url\" content=\"https:\/\/www.arequipay-hostel.com\/es\/tours-arequipa\/canon-del-colca-full-day-trek\/\" \/>\n<meta property=\"og:site_name\" content=\"AREQUIPAY HOSTEL | Backpakers House\" \/>\n<meta property=\"article:modified_time\" content=\"2026-03-23T17:39:42+00:00\" \/>\n<meta property=\"og:image\" content=\"https:\/\/www.arequipay-hostel.com\/wp-content\/uploads\/2021\/02\/arequipay-hostel-colca-3-days.jpg\" \/>\n\t<meta property=\"og:image:width\" content=\"720\" \/>\n\t<meta property=\"og:image:height\" content=\"480\" \/>\n\t<meta property=\"og:image:type\" content=\"image\/jpeg\" \/>\n<meta name=\"twitter:card\" content=\"summary_large_image\" \/>\n<meta name=\"twitter:label1\" content=\"Tiempo de lectura\" \/>\n\t<meta name=\"twitter:data1\" content=\"9 minutos\" \/>\n<script type=\"application\/ld+json\" class=\"yoast-schema-graph\">{\"@context\":\"https:\/\/schema.org\",\"@graph\":[{\"@type\":\"WebPage\",\"@id\":\"https:\/\/www.arequipay-hostel.com\/es\/tours-arequipa\/canon-del-colca-full-day-trek\/\",\"url\":\"https:\/\/www.arequipay-hostel.com\/es\/tours-arequipa\/canon-del-colca-full-day-trek\/\",\"name\":\"CA\u00d1ON DEL COLCA FULL DAY TREK | AREQUIPAY HOSTEL | Backpakers House\",\"isPartOf\":{\"@id\":\"https:\/\/www.arequipay-hostel.com\/#website\"},\"primaryImageOfPage\":{\"@id\":\"https:\/\/www.arequipay-hostel.com\/es\/tours-arequipa\/canon-del-colca-full-day-trek\/#primaryimage\"},\"image\":{\"@id\":\"https:\/\/www.arequipay-hostel.com\/es\/tours-arequipa\/canon-del-colca-full-day-trek\/#primaryimage\"},\"thumbnailUrl\":\"https:\/\/www.arequipay-hostel.com\/wp-content\/uploads\/2021\/02\/arequipay-hostel-colca-3-days.jpg\",\"datePublished\":\"2025-05-29T21:51:02+00:00\",\"dateModified\":\"2026-03-23T17:39:42+00:00\",\"breadcrumb\":{\"@id\":\"https:\/\/www.arequipay-hostel.com\/es\/tours-arequipa\/canon-del-colca-full-day-trek\/#breadcrumb\"},\"inLanguage\":\"es\",\"potentialAction\":[{\"@type\":\"ReadAction\",\"target\":[\"https:\/\/www.arequipay-hostel.com\/es\/tours-arequipa\/canon-del-colca-full-day-trek\/\"]}]},{\"@type\":\"ImageObject\",\"inLanguage\":\"es\",\"@id\":\"https:\/\/www.arequipay-hostel.com\/es\/tours-arequipa\/canon-del-colca-full-day-trek\/#primaryimage\",\"url\":\"https:\/\/www.arequipay-hostel.com\/wp-content\/uploads\/2021\/02\/arequipay-hostel-colca-3-days.jpg\",\"contentUrl\":\"https:\/\/www.arequipay-hostel.com\/wp-content\/uploads\/2021\/02\/arequipay-hostel-colca-3-days.jpg\",\"width\":720,\"height\":480},{\"@type\":\"BreadcrumbList\",\"@id\":\"https:\/\/www.arequipay-hostel.com\/es\/tours-arequipa\/canon-del-colca-full-day-trek\/#breadcrumb\",\"itemListElement\":[{\"@type\":\"ListItem\",\"position\":1,\"name\":\"Portada\",\"item\":\"https:\/\/www.arequipay-hostel.com\/es\/\"},{\"@type\":\"ListItem\",\"position\":2,\"name\":\"Tours Arequipa\",\"item\":\"https:\/\/www.arequipay-hostel.com\/tours-arequipa\/\"},{\"@type\":\"ListItem\",\"position\":3,\"name\":\"CA\u00d1ON DEL COLCA FULL DAY TREK\"}]},{\"@type\":\"WebSite\",\"@id\":\"https:\/\/www.arequipay-hostel.com\/#website\",\"url\":\"https:\/\/www.arequipay-hostel.com\/\",\"name\":\"AREQUIPAY HOSTEL | Backpakers House\",\"description\":\"Ingresar\u00e1s como un extra\u00f1o y te ir\u00e1s como un amigo\",\"potentialAction\":[{\"@type\":\"SearchAction\",\"target\":{\"@type\":\"EntryPoint\",\"urlTemplate\":\"https:\/\/www.arequipay-hostel.com\/?s={search_term_string}\"},\"query-input\":{\"@type\":\"PropertyValueSpecification\",\"valueRequired\":true,\"valueName\":\"search_term_string\"}}],\"inLanguage\":\"es\"}]}<\/script>\n<!-- \/ Yoast SEO plugin. -->","yoast_head_json":{"title":"CA\u00d1ON DEL COLCA FULL DAY TREK | AREQUIPAY HOSTEL | Backpakers House","robots":{"index":"index","follow":"follow","max-snippet":"max-snippet:-1","max-image-preview":"max-image-preview:large","max-video-preview":"max-video-preview:-1"},"canonical":"https:\/\/www.arequipay-hostel.com\/es\/tours-arequipa\/canon-del-colca-full-day-trek\/","og_locale":"es_ES","og_type":"article","og_title":"CA\u00d1ON DEL COLCA FULL DAY TREK | AREQUIPAY HOSTEL | Backpakers House","og_description":"[vc_row][vc_column width=\u00bb2\/3&#8243;][vc_row_inner][vc_column_inner][csw_carousel_slider images=\u00bb126&#8243; imgsize=\u00bbmedium\u00bb thumb_height=\u00bb400px\u00bb margin=\u00bb0&#8243; autoheight=\u00bbfalse\u00bb mobilebig=\u00bb1&#8243; tabletsmall=\u00bb1&#8243; tablet=\u00bb1&#8243; desktopsmall=\u00bb1&#8243; desktopmiddle=\u00bb1&#8243; desktopbig=\u00bb1&#8243;][\/vc_column_inner][\/vc_row_inner][vc_raw_html css=\u00bb\u00bb]JTVCY3N3dGFicyU1REl0aW5ldGFyaW8lMjAlN0MlMjBJbmNsdXllJTIwJTdDJTIwTm8lMjBpbmNsdXllJTIwJTdDJTIwUXUlQzMlQTklMjBsbGV2YXIlM0YlNUIlMkZjc3d0YWJzJTVE[\/vc_raw_html][vc_row_inner][vc_column_inner el_id=\u00bbcsw-tabs\u00bb][csw_icon_container title=\u00bbcurrent\u00bb review=\u00bbtrue\u00bb extra_class=\u00bbcsw-tab csw-tab-green\u00bb summary=\u00bbtrue\u00bb][csw_icon_tour_options_list [&hellip;]","og_url":"https:\/\/www.arequipay-hostel.com\/es\/tours-arequipa\/canon-del-colca-full-day-trek\/","og_site_name":"AREQUIPAY HOSTEL | Backpakers House","article_modified_time":"2026-03-23T17:39:42+00:00","og_image":[{"width":720,"height":480,"url":"https:\/\/www.arequipay-hostel.com\/wp-content\/uploads\/2021\/02\/arequipay-hostel-colca-3-days.jpg","type":"image\/jpeg"}],"twitter_card":"summary_large_image","twitter_misc":{"Tiempo de lectura":"9 minutos"},"schema":{"@context":"https:\/\/schema.org","@graph":[{"@type":"WebPage","@id":"https:\/\/www.arequipay-hostel.com\/es\/tours-arequipa\/canon-del-colca-full-day-trek\/","url":"https:\/\/www.arequipay-hostel.com\/es\/tours-arequipa\/canon-del-colca-full-day-trek\/","name":"CA\u00d1ON DEL COLCA FULL DAY TREK | AREQUIPAY HOSTEL | Backpakers House","isPartOf":{"@id":"https:\/\/www.arequipay-hostel.com\/#website"},"primaryImageOfPage":{"@id":"https:\/\/www.arequipay-hostel.com\/es\/tours-arequipa\/canon-del-colca-full-day-trek\/#primaryimage"},"image":{"@id":"https:\/\/www.arequipay-hostel.com\/es\/tours-arequipa\/canon-del-colca-full-day-trek\/#primaryimage"},"thumbnailUrl":"https:\/\/www.arequipay-hostel.com\/wp-content\/uploads\/2021\/02\/arequipay-hostel-colca-3-days.jpg","datePublished":"2025-05-29T21:51:02+00:00","dateModified":"2026-03-23T17:39:42+00:00","breadcrumb":{"@id":"https:\/\/www.arequipay-hostel.com\/es\/tours-arequipa\/canon-del-colca-full-day-trek\/#breadcrumb"},"inLanguage":"es","potentialAction":[{"@type":"ReadAction","target":["https:\/\/www.arequipay-hostel.com\/es\/tours-arequipa\/canon-del-colca-full-day-trek\/"]}]},{"@type":"ImageObject","inLanguage":"es","@id":"https:\/\/www.arequipay-hostel.com\/es\/tours-arequipa\/canon-del-colca-full-day-trek\/#primaryimage","url":"https:\/\/www.arequipay-hostel.com\/wp-content\/uploads\/2021\/02\/arequipay-hostel-colca-3-days.jpg","contentUrl":"https:\/\/www.arequipay-hostel.com\/wp-content\/uploads\/2021\/02\/arequipay-hostel-colca-3-days.jpg","width":720,"height":480},{"@type":"BreadcrumbList","@id":"https:\/\/www.arequipay-hostel.com\/es\/tours-arequipa\/canon-del-colca-full-day-trek\/#breadcrumb","itemListElement":[{"@type":"ListItem","position":1,"name":"Portada","item":"https:\/\/www.arequipay-hostel.com\/es\/"},{"@type":"ListItem","position":2,"name":"Tours Arequipa","item":"https:\/\/www.arequipay-hostel.com\/tours-arequipa\/"},{"@type":"ListItem","position":3,"name":"CA\u00d1ON DEL COLCA FULL DAY TREK"}]},{"@type":"WebSite","@id":"https:\/\/www.arequipay-hostel.com\/#website","url":"https:\/\/www.arequipay-hostel.com\/","name":"AREQUIPAY HOSTEL | Backpakers House","description":"Ingresar\u00e1s como un extra\u00f1o y te ir\u00e1s como un amigo","potentialAction":[{"@type":"SearchAction","target":{"@type":"EntryPoint","urlTemplate":"https:\/\/www.arequipay-hostel.com\/?s={search_term_string}"},"query-input":{"@type":"PropertyValueSpecification","valueRequired":true,"valueName":"search_term_string"}}],"inLanguage":"es"}]}},"_links":{"self":[{"href":"https:\/\/www.arequipay-hostel.com\/es\/wp-json\/wp\/v2\/pages\/455","targetHints":{"allow":["GET"]}}],"collection":[{"href":"https:\/\/www.arequipay-hostel.com\/es\/wp-json\/wp\/v2\/pages"}],"about":[{"href":"https:\/\/www.arequipay-hostel.com\/es\/wp-json\/wp\/v2\/types\/page"}],"author":[{"embeddable":true,"href":"https:\/\/www.arequipay-hostel.com\/es\/wp-json\/wp\/v2\/users\/3"}],"replies":[{"embeddable":true,"href":"https:\/\/www.arequipay-hostel.com\/es\/wp-json\/wp\/v2\/comments?post=455"}],"version-history":[{"count":0,"href":"https:\/\/www.arequipay-hostel.com\/es\/wp-json\/wp\/v2\/pages\/455\/revisions"}],"up":[{"embeddable":true,"href":"https:\/\/www.arequipay-hostel.com\/es\/wp-json\/wp\/v2\/pages\/7"}],"wp:featuredmedia":[{"embeddable":true,"href":"https:\/\/www.arequipay-hostel.com\/es\/wp-json\/wp\/v2\/media\/126"}],"wp:attachment":[{"href":"https:\/\/www.arequipay-hostel.com\/es\/wp-json\/wp\/v2\/media?parent=455"}],"curies":[{"name":"wp","href":"https:\/\/api.w.org\/{rel}","templated":true}]}}