{"id":475,"date":"2025-08-22T23:16:02","date_gmt":"2025-08-22T23:16:02","guid":{"rendered":"https:\/\/www.arequipay-hostel.com\/es\/?page_id=475"},"modified":"2025-08-23T04:20:44","modified_gmt":"2025-08-23T04:20:44","slug":"transporte-chivay-puno","status":"publish","type":"page","link":"https:\/\/www.arequipay-hostel.com\/es\/tours-arequipa\/ruta-del-sillar-arequipa-peru-2\/","title":{"rendered":"TRANSPORTE CHIVAY &#8211; PUNO"},"content":{"rendered":"<div class=\"wpb-content-wrapper\"><\/p>\n<p>[vc_row][vc_column width=\u00bb2\/3&#8243;][vc_row_inner][vc_column_inner][csw_carousel_slider images=\u00bb476,479,480,481,483&#8243; imgsize=\u00bbmedium\u00bb thumb_height=\u00bb400px\u00bb margin=\u00bb0&#8243; autoheight=\u00bbfalse\u00bb mobilebig=\u00bb1&#8243; tabletsmall=\u00bb1&#8243; tablet=\u00bb1&#8243; desktopsmall=\u00bb1&#8243; desktopmiddle=\u00bb1&#8243; desktopbig=\u00bb1&#8243;][\/vc_column_inner][\/vc_row_inner][vc_raw_html css=\u00bb\u00bb]JTVCY3N3dGFicyU1RERlc2NyaXBjaSVDMyVCM24lMjAlN0MlMjBJdGluZXJhcmlvJTIwJTdDJTIwSW5jbHV5ZSUyMCU3QyUyME5vJTIwaW5jbHV5ZSUyMCU3QyUyMCU1QiUyRmNzd3RhYnMlNUQ=[\/vc_raw_html][vc_row_inner][vc_column_inner el_id=\u00bbcsw-tabs\u00bb][csw_icon_container title=\u00bbcurrent\u00bb review=\u00bbtrue\u00bb extra_class=\u00bbcsw-tab csw-tab-green\u00bb summary=\u00bbtrue\u00bb][csw_icon_tour_options_list options=\u00bbact,not,rep\u00bb summary=\u00bbtrue\u00bb][csw_icon_item icon_fontawesome=\u00bbfa fa-solid fa-hand-holding-dollar\u00bb title=\u00bbPrecio por persona:\u00bb title_size=\u00bbdiv\u00bb width=\u00bb1\/3&#8243;]<\/p>\n<p><span class=\"csw-price\">S\/ 90.00<\/span><\/p>\n<p>[\/csw_icon_item][csw_icon_item icon_fontawesome=\u00bbfa fa-regular fa-clock\u00bb title=\u00bbHorarios:\u00bb title_size=\u00bbdiv\u00bb width=\u00bb1\/3&#8243;]<\/p>\n<p><span class=\"csw-times\">1 pm<\/span><\/p>\n<p>[\/csw_icon_item][csw_icon_item icon_fontawesome=\u00bbfa fa-solid fa-clock-rotate-left\u00bb title=\u00bbDuraci\u00f3n:\u00bb title_size=\u00bbdiv\u00bb width=\u00bb1\/3&#8243;]<\/p>\n<p><span class=\"csw-duration\">7 horas<\/span><\/p>\n<p>[\/csw_icon_item][\/csw_icon_container][vc_column_text css=\u00bb\u00bb el_class=\u00bbcsw-tab csw-tab-green\u00bb el_id=\u00bbtab-1-content\u00bb]<\/p>\n<p>Viaja c\u00f3modamente de <strong>Chivay a Puno<\/strong> sin necesidad de regresar a Arequipa. Este servicio conveniente est\u00e1 pensado para los viajeros que visitan el Ca\u00f1\u00f3n del Colca y desean continuar su ruta directamente hacia Puno, ahorrando tiempo y energ\u00eda.<\/p>\n<p>Nuestros buses salen diariamente desde Chivay despu\u00e9s de los tours al Ca\u00f1\u00f3n del Colca, garantizando una conexi\u00f3n fluida y puntual. Disfruta de un viaje seguro, confiable y panor\u00e1mico a trav\u00e9s de los Andes, llegando a Puno listo para explorar el majestuoso Lago Titicaca.<\/p>\n<p>&nbsp;<\/p>\n<p>&nbsp;<\/p>\n<p>[\/vc_column_text][vc_column_text css=\u00bb\u00bb el_class=\u00bbcsw-tab csw-tab-green\u00bb el_id=\u00bbtab-2-content\u00bb]<\/p>\n<h3>Itinerario Chivay \u2013 Puno<\/h3>\n<ul>\n<li data-start=\"144\" data-end=\"178\"><strong data-start=\"144\" data-end=\"176\">1:00 pm | Embarque en Chivay<\/strong><\/li>\n<li data-start=\"181\" data-end=\"226\"><strong data-start=\"181\" data-end=\"224\">1:15 pm | Salida de Chivay rumbo a Puno<\/strong><\/li>\n<\/ul>\n<p data-start=\"228\" data-end=\"281\">Durante el trayecto, disfrutar\u00e1s de varias paradas:<\/p>\n<ul>\n<li data-start=\"284\" data-end=\"358\"><strong data-start=\"284\" data-end=\"312\">Mirador de los Volcanes:<\/strong> Vistas panor\u00e1micas de los Andes y volcanes.<\/li>\n<li data-start=\"361\" data-end=\"463\"><strong data-start=\"361\" data-end=\"397\">Observaci\u00f3n de llamas y alpacas:<\/strong> Una oportunidad para ver a estos emblem\u00e1ticos animales andinos.<\/li>\n<li data-start=\"466\" data-end=\"535\"><strong data-start=\"466\" data-end=\"480\">Patahuasi:<\/strong> Parada t\u00e9cnica con servicios higi\u00e9nicos disponibles.<\/li>\n<li data-start=\"538\" data-end=\"626\"><strong data-start=\"538\" data-end=\"564\">Mirador de Lagunillas:<\/strong> Hermosas lagunas que albergan flamencos y aves altoandinas.<\/li>\n<li data-start=\"630\" data-end=\"701\"><strong data-start=\"630\" data-end=\"658\">7:00 pm | Llegada a Puno<\/strong>, con desembarque en el Centro Hist\u00f3rico.<\/li>\n<\/ul>\n<p>[\/vc_column_text][vc_column_text css=\u00bb\u00bb el_class=\u00bbcsw-tab csw-tab-green includes\u00bb el_id=\u00bbtab-3-content\u00bb]<\/p>\n<p data-start=\"105\" data-end=\"132\"><strong data-start=\"105\" data-end=\"130\">Our Service Includes:<\/strong><\/p>\n<ul data-start=\"133\" data-end=\"256\">\n<li data-start=\"133\" data-end=\"216\">\n<p data-start=\"135\" data-end=\"216\">Transportation<\/p>\n<\/li>\n<li data-start=\"217\" data-end=\"256\">\n<p data-start=\"219\" data-end=\"256\">Bilingual guide (Spanish \u2013 English)<\/p>\n<\/li>\n<\/ul>\n<p>[\/vc_column_text][vc_column_text css=\u00bb\u00bb el_class=\u00bbcsw-tab csw-tab-green not-included\u00bb el_id=\u00bbtab-4-content\u00bb]<\/p>\n<p><strong>NO INCLUYE:<\/strong><\/p>\n<ul>\n<li>Alimentacion<\/li>\n<\/ul>\n<p>[\/vc_column_text][vc_column_text css=\u00bb\u00bb el_class=\u00bbcsw-tab csw-tab-green\u00bb el_id=\u00bbtab-5-content\u00bb]<\/p>\n<h3>Pol\u00edtica de Cancelaci\u00f3n<\/h3>\n<ul>\n<li data-start=\"163\" data-end=\"257\">Los precios publicados aplican para pagos mediante <strong data-start=\"214\" data-end=\"254\">transferencia, Yape, Plin o efectivo<\/strong>.<\/li>\n<li data-start=\"260\" data-end=\"337\">Los pagos con <strong data-start=\"274\" data-end=\"305\">tarjeta de cr\u00e9dito o d\u00e9bito<\/strong> tienen un recargo del <strong data-start=\"328\" data-end=\"334\">5%<\/strong>.<\/li>\n<li data-start=\"340\" data-end=\"427\">Podr\u00e1 <strong data-start=\"346\" data-end=\"379\">reprogramar su tour sin costo<\/strong> hasta 24 horas antes del inicio del programa.<\/li>\n<li data-start=\"430\" data-end=\"596\">En caso de <strong data-start=\"441\" data-end=\"485\">cancelaci\u00f3n con 24 horas de anticipaci\u00f3n<\/strong>, se reembolsar\u00e1 el monto pagado (menos el 5% correspondiente a la comisi\u00f3n por tarjeta de cr\u00e9dito o d\u00e9bito).<\/li>\n<li data-start=\"599\" data-end=\"674\">Pasado este plazo, <strong data-start=\"618\" data-end=\"671\">no ser\u00e1 posible realizar cambios ni cancelaciones<\/strong>.<\/li>\n<\/ul>\n<p>[\/vc_column_text][\/vc_column_inner][\/vc_row_inner][\/vc_column][vc_column width=\u00bb1\/3&#8243; el_class=\u00bbsidebar\u00bb el_id=\u00bbsidebar\u00bb][vc_widget_sidebar sidebar_id=\u00bbwidget-wtour\u00bb][\/vc_column][\/vc_row]<\/p>\n<p><\/p><\/div>","protected":false},"excerpt":{"rendered":"<p>[vc_row][vc_column width=\u00bb2\/3&#8243;][vc_row_inner][vc_column_inner][csw_carousel_slider images=\u00bb476,479,480,481,483&#8243; imgsize=\u00bbmedium\u00bb thumb_height=\u00bb400px\u00bb margin=\u00bb0&#8243; autoheight=\u00bbfalse\u00bb mobilebig=\u00bb1&#8243; tabletsmall=\u00bb1&#8243; tablet=\u00bb1&#8243; desktopsmall=\u00bb1&#8243; desktopmiddle=\u00bb1&#8243; desktopbig=\u00bb1&#8243;][\/vc_column_inner][\/vc_row_inner][vc_raw_html css=\u00bb\u00bb]JTVCY3N3dGFicyU1RERlc2NyaXBjaSVDMyVCM24lMjAlN0MlMjBJdGluZXJhcmlvJTIwJTdDJTIwSW5jbHV5ZSUyMCU3QyUyME5vJTIwaW5jbHV5ZSUyMCU3QyUyMCU1QiUyRmNzd3RhYnMlNUQ=[\/vc_raw_html][vc_row_inner][vc_column_inner el_id=\u00bbcsw-tabs\u00bb][csw_icon_container title=\u00bbcurrent\u00bb review=\u00bbtrue\u00bb extra_class=\u00bbcsw-tab csw-tab-green\u00bb summary=\u00bbtrue\u00bb][csw_icon_tour_options_list [&hellip;]<\/p>\n","protected":false},"author":3,"featured_media":480,"parent":7,"menu_order":11,"comment_status":"closed","ping_status":"closed","template":"","meta":{"footnotes":""},"class_list":["post-475","page","type-page","status-publish","has-post-thumbnail","hentry"],"yoast_head":"<!-- This site is optimized with the Yoast SEO plugin v25.2 - https:\/\/yoast.com\/wordpress\/plugins\/seo\/ -->\n<title>TRANSPORTE CHIVAY - PUNO | AREQUIPAY HOSTEL | Backpakers House<\/title>\n<meta name=\"robots\" content=\"index, follow, max-snippet:-1, max-image-preview:large, max-video-preview:-1\" \/>\n<link rel=\"canonical\" href=\"https:\/\/www.arequipay-hostel.com\/es\/tours-arequipa\/ruta-del-sillar-arequipa-peru-2\/\" \/>\n<meta property=\"og:locale\" content=\"es_ES\" \/>\n<meta property=\"og:type\" content=\"article\" \/>\n<meta property=\"og:title\" content=\"TRANSPORTE CHIVAY - PUNO | AREQUIPAY HOSTEL | Backpakers House\" \/>\n<meta property=\"og:description\" content=\"[vc_row][vc_column width=\u00bb2\/3&#8243;][vc_row_inner][vc_column_inner][csw_carousel_slider images=\u00bb476,479,480,481,483&#8243; imgsize=\u00bbmedium\u00bb thumb_height=\u00bb400px\u00bb margin=\u00bb0&#8243; autoheight=\u00bbfalse\u00bb mobilebig=\u00bb1&#8243; tabletsmall=\u00bb1&#8243; tablet=\u00bb1&#8243; desktopsmall=\u00bb1&#8243; desktopmiddle=\u00bb1&#8243; desktopbig=\u00bb1&#8243;][\/vc_column_inner][\/vc_row_inner][vc_raw_html css=\u00bb\u00bb]JTVCY3N3dGFicyU1RERlc2NyaXBjaSVDMyVCM24lMjAlN0MlMjBJdGluZXJhcmlvJTIwJTdDJTIwSW5jbHV5ZSUyMCU3QyUyME5vJTIwaW5jbHV5ZSUyMCU3QyUyMCU1QiUyRmNzd3RhYnMlNUQ=[\/vc_raw_html][vc_row_inner][vc_column_inner el_id=\u00bbcsw-tabs\u00bb][csw_icon_container title=\u00bbcurrent\u00bb review=\u00bbtrue\u00bb extra_class=\u00bbcsw-tab csw-tab-green\u00bb summary=\u00bbtrue\u00bb][csw_icon_tour_options_list [&hellip;]\" \/>\n<meta property=\"og:url\" content=\"https:\/\/www.arequipay-hostel.com\/es\/tours-arequipa\/ruta-del-sillar-arequipa-peru-2\/\" \/>\n<meta property=\"og:site_name\" content=\"AREQUIPAY HOSTEL | Backpakers House\" \/>\n<meta property=\"article:modified_time\" content=\"2025-08-23T04:20:44+00:00\" \/>\n<meta property=\"og:image\" content=\"https:\/\/www.arequipay-hostel.com\/wp-content\/uploads\/2025\/08\/WhatsApp-Image-2025-08-22-at-8.47.04-PM.jpeg\" \/>\n\t<meta property=\"og:image:width\" content=\"1176\" \/>\n\t<meta property=\"og:image:height\" content=\"1536\" \/>\n\t<meta property=\"og:image:type\" content=\"image\/jpeg\" \/>\n<meta name=\"twitter:card\" content=\"summary_large_image\" \/>\n<meta name=\"twitter:label1\" content=\"Tiempo de lectura\" \/>\n\t<meta name=\"twitter:data1\" content=\"5 minutos\" \/>\n<script type=\"application\/ld+json\" class=\"yoast-schema-graph\">{\"@context\":\"https:\/\/schema.org\",\"@graph\":[{\"@type\":\"WebPage\",\"@id\":\"https:\/\/www.arequipay-hostel.com\/es\/tours-arequipa\/ruta-del-sillar-arequipa-peru-2\/\",\"url\":\"https:\/\/www.arequipay-hostel.com\/es\/tours-arequipa\/ruta-del-sillar-arequipa-peru-2\/\",\"name\":\"TRANSPORTE CHIVAY - PUNO | AREQUIPAY HOSTEL | Backpakers House\",\"isPartOf\":{\"@id\":\"https:\/\/www.arequipay-hostel.com\/#website\"},\"primaryImageOfPage\":{\"@id\":\"https:\/\/www.arequipay-hostel.com\/es\/tours-arequipa\/ruta-del-sillar-arequipa-peru-2\/#primaryimage\"},\"image\":{\"@id\":\"https:\/\/www.arequipay-hostel.com\/es\/tours-arequipa\/ruta-del-sillar-arequipa-peru-2\/#primaryimage\"},\"thumbnailUrl\":\"https:\/\/www.arequipay-hostel.com\/wp-content\/uploads\/2025\/08\/WhatsApp-Image-2025-08-22-at-8.47.04-PM.jpeg\",\"datePublished\":\"2025-08-22T23:16:02+00:00\",\"dateModified\":\"2025-08-23T04:20:44+00:00\",\"breadcrumb\":{\"@id\":\"https:\/\/www.arequipay-hostel.com\/es\/tours-arequipa\/ruta-del-sillar-arequipa-peru-2\/#breadcrumb\"},\"inLanguage\":\"es\",\"potentialAction\":[{\"@type\":\"ReadAction\",\"target\":[\"https:\/\/www.arequipay-hostel.com\/es\/tours-arequipa\/ruta-del-sillar-arequipa-peru-2\/\"]}]},{\"@type\":\"ImageObject\",\"inLanguage\":\"es\",\"@id\":\"https:\/\/www.arequipay-hostel.com\/es\/tours-arequipa\/ruta-del-sillar-arequipa-peru-2\/#primaryimage\",\"url\":\"https:\/\/www.arequipay-hostel.com\/wp-content\/uploads\/2025\/08\/WhatsApp-Image-2025-08-22-at-8.47.04-PM.jpeg\",\"contentUrl\":\"https:\/\/www.arequipay-hostel.com\/wp-content\/uploads\/2025\/08\/WhatsApp-Image-2025-08-22-at-8.47.04-PM.jpeg\",\"width\":1176,\"height\":1536},{\"@type\":\"BreadcrumbList\",\"@id\":\"https:\/\/www.arequipay-hostel.com\/es\/tours-arequipa\/ruta-del-sillar-arequipa-peru-2\/#breadcrumb\",\"itemListElement\":[{\"@type\":\"ListItem\",\"position\":1,\"name\":\"Portada\",\"item\":\"https:\/\/www.arequipay-hostel.com\/es\/\"},{\"@type\":\"ListItem\",\"position\":2,\"name\":\"Tours Arequipa\",\"item\":\"https:\/\/www.arequipay-hostel.com\/tours-arequipa\/\"},{\"@type\":\"ListItem\",\"position\":3,\"name\":\"TRANSPORTE CHIVAY &#8211; PUNO\"}]},{\"@type\":\"WebSite\",\"@id\":\"https:\/\/www.arequipay-hostel.com\/#website\",\"url\":\"https:\/\/www.arequipay-hostel.com\/\",\"name\":\"AREQUIPAY HOSTEL | Backpakers House\",\"description\":\"Ingresar\u00e1s como un extra\u00f1o y te ir\u00e1s como un amigo\",\"potentialAction\":[{\"@type\":\"SearchAction\",\"target\":{\"@type\":\"EntryPoint\",\"urlTemplate\":\"https:\/\/www.arequipay-hostel.com\/?s={search_term_string}\"},\"query-input\":{\"@type\":\"PropertyValueSpecification\",\"valueRequired\":true,\"valueName\":\"search_term_string\"}}],\"inLanguage\":\"es\"}]}<\/script>\n<!-- \/ Yoast SEO plugin. -->","yoast_head_json":{"title":"TRANSPORTE CHIVAY - PUNO | AREQUIPAY HOSTEL | Backpakers House","robots":{"index":"index","follow":"follow","max-snippet":"max-snippet:-1","max-image-preview":"max-image-preview:large","max-video-preview":"max-video-preview:-1"},"canonical":"https:\/\/www.arequipay-hostel.com\/es\/tours-arequipa\/ruta-del-sillar-arequipa-peru-2\/","og_locale":"es_ES","og_type":"article","og_title":"TRANSPORTE CHIVAY - PUNO | AREQUIPAY HOSTEL | Backpakers House","og_description":"[vc_row][vc_column width=\u00bb2\/3&#8243;][vc_row_inner][vc_column_inner][csw_carousel_slider images=\u00bb476,479,480,481,483&#8243; imgsize=\u00bbmedium\u00bb thumb_height=\u00bb400px\u00bb margin=\u00bb0&#8243; autoheight=\u00bbfalse\u00bb mobilebig=\u00bb1&#8243; tabletsmall=\u00bb1&#8243; tablet=\u00bb1&#8243; desktopsmall=\u00bb1&#8243; desktopmiddle=\u00bb1&#8243; desktopbig=\u00bb1&#8243;][\/vc_column_inner][\/vc_row_inner][vc_raw_html css=\u00bb\u00bb]JTVCY3N3dGFicyU1RERlc2NyaXBjaSVDMyVCM24lMjAlN0MlMjBJdGluZXJhcmlvJTIwJTdDJTIwSW5jbHV5ZSUyMCU3QyUyME5vJTIwaW5jbHV5ZSUyMCU3QyUyMCU1QiUyRmNzd3RhYnMlNUQ=[\/vc_raw_html][vc_row_inner][vc_column_inner el_id=\u00bbcsw-tabs\u00bb][csw_icon_container title=\u00bbcurrent\u00bb review=\u00bbtrue\u00bb extra_class=\u00bbcsw-tab csw-tab-green\u00bb summary=\u00bbtrue\u00bb][csw_icon_tour_options_list [&hellip;]","og_url":"https:\/\/www.arequipay-hostel.com\/es\/tours-arequipa\/ruta-del-sillar-arequipa-peru-2\/","og_site_name":"AREQUIPAY HOSTEL | Backpakers House","article_modified_time":"2025-08-23T04:20:44+00:00","og_image":[{"width":1176,"height":1536,"url":"https:\/\/www.arequipay-hostel.com\/wp-content\/uploads\/2025\/08\/WhatsApp-Image-2025-08-22-at-8.47.04-PM.jpeg","type":"image\/jpeg"}],"twitter_card":"summary_large_image","twitter_misc":{"Tiempo de lectura":"5 minutos"},"schema":{"@context":"https:\/\/schema.org","@graph":[{"@type":"WebPage","@id":"https:\/\/www.arequipay-hostel.com\/es\/tours-arequipa\/ruta-del-sillar-arequipa-peru-2\/","url":"https:\/\/www.arequipay-hostel.com\/es\/tours-arequipa\/ruta-del-sillar-arequipa-peru-2\/","name":"TRANSPORTE CHIVAY - PUNO | AREQUIPAY HOSTEL | Backpakers House","isPartOf":{"@id":"https:\/\/www.arequipay-hostel.com\/#website"},"primaryImageOfPage":{"@id":"https:\/\/www.arequipay-hostel.com\/es\/tours-arequipa\/ruta-del-sillar-arequipa-peru-2\/#primaryimage"},"image":{"@id":"https:\/\/www.arequipay-hostel.com\/es\/tours-arequipa\/ruta-del-sillar-arequipa-peru-2\/#primaryimage"},"thumbnailUrl":"https:\/\/www.arequipay-hostel.com\/wp-content\/uploads\/2025\/08\/WhatsApp-Image-2025-08-22-at-8.47.04-PM.jpeg","datePublished":"2025-08-22T23:16:02+00:00","dateModified":"2025-08-23T04:20:44+00:00","breadcrumb":{"@id":"https:\/\/www.arequipay-hostel.com\/es\/tours-arequipa\/ruta-del-sillar-arequipa-peru-2\/#breadcrumb"},"inLanguage":"es","potentialAction":[{"@type":"ReadAction","target":["https:\/\/www.arequipay-hostel.com\/es\/tours-arequipa\/ruta-del-sillar-arequipa-peru-2\/"]}]},{"@type":"ImageObject","inLanguage":"es","@id":"https:\/\/www.arequipay-hostel.com\/es\/tours-arequipa\/ruta-del-sillar-arequipa-peru-2\/#primaryimage","url":"https:\/\/www.arequipay-hostel.com\/wp-content\/uploads\/2025\/08\/WhatsApp-Image-2025-08-22-at-8.47.04-PM.jpeg","contentUrl":"https:\/\/www.arequipay-hostel.com\/wp-content\/uploads\/2025\/08\/WhatsApp-Image-2025-08-22-at-8.47.04-PM.jpeg","width":1176,"height":1536},{"@type":"BreadcrumbList","@id":"https:\/\/www.arequipay-hostel.com\/es\/tours-arequipa\/ruta-del-sillar-arequipa-peru-2\/#breadcrumb","itemListElement":[{"@type":"ListItem","position":1,"name":"Portada","item":"https:\/\/www.arequipay-hostel.com\/es\/"},{"@type":"ListItem","position":2,"name":"Tours Arequipa","item":"https:\/\/www.arequipay-hostel.com\/tours-arequipa\/"},{"@type":"ListItem","position":3,"name":"TRANSPORTE CHIVAY &#8211; PUNO"}]},{"@type":"WebSite","@id":"https:\/\/www.arequipay-hostel.com\/#website","url":"https:\/\/www.arequipay-hostel.com\/","name":"AREQUIPAY HOSTEL | Backpakers House","description":"Ingresar\u00e1s como un extra\u00f1o y te ir\u00e1s como un amigo","potentialAction":[{"@type":"SearchAction","target":{"@type":"EntryPoint","urlTemplate":"https:\/\/www.arequipay-hostel.com\/?s={search_term_string}"},"query-input":{"@type":"PropertyValueSpecification","valueRequired":true,"valueName":"search_term_string"}}],"inLanguage":"es"}]}},"_links":{"self":[{"href":"https:\/\/www.arequipay-hostel.com\/es\/wp-json\/wp\/v2\/pages\/475","targetHints":{"allow":["GET"]}}],"collection":[{"href":"https:\/\/www.arequipay-hostel.com\/es\/wp-json\/wp\/v2\/pages"}],"about":[{"href":"https:\/\/www.arequipay-hostel.com\/es\/wp-json\/wp\/v2\/types\/page"}],"author":[{"embeddable":true,"href":"https:\/\/www.arequipay-hostel.com\/es\/wp-json\/wp\/v2\/users\/3"}],"replies":[{"embeddable":true,"href":"https:\/\/www.arequipay-hostel.com\/es\/wp-json\/wp\/v2\/comments?post=475"}],"version-history":[{"count":0,"href":"https:\/\/www.arequipay-hostel.com\/es\/wp-json\/wp\/v2\/pages\/475\/revisions"}],"up":[{"embeddable":true,"href":"https:\/\/www.arequipay-hostel.com\/es\/wp-json\/wp\/v2\/pages\/7"}],"wp:featuredmedia":[{"embeddable":true,"href":"https:\/\/www.arequipay-hostel.com\/es\/wp-json\/wp\/v2\/media\/480"}],"wp:attachment":[{"href":"https:\/\/www.arequipay-hostel.com\/es\/wp-json\/wp\/v2\/media?parent=475"}],"curies":[{"name":"wp","href":"https:\/\/api.w.org\/{rel}","templated":true}]}}