{"id":5,"date":"2021-02-18T16:21:46","date_gmt":"2021-02-18T16:21:46","guid":{"rendered":"https:\/\/www.arequipay-hostel.com\/sin-categoria\/2-revision-v1\/"},"modified":"2025-09-07T16:57:17","modified_gmt":"2025-09-07T16:57:17","slug":"nosotros","status":"publish","type":"page","link":"https:\/\/www.arequipay-hostel.com\/es\/nosotros\/","title":{"rendered":"Nosotros"},"content":{"rendered":"<div class=\"wpb-content-wrapper\"><\/p>\n<section class=\"block box-wrap\">\n<div class=\"container-fluid\">\n<div class=\"row\">\n<h1 style=\"text-align: center;\">ACERCA DE NOSOTROS<\/h1>\n<div class=\" col-sm-6\">\n<p style=\"text-align: center;\"><span style=\"font-size: 16px;\"><em>Hoy en d\u00eda, somos muchos los que valoramos a\u00fan m\u00e1s la parte humana por encima de cualquier mercanc\u00eda de lujo que se pueda encontrar en un hotel. Nuestra propuesta es lo familiar, cercano y humano. De aqu\u00ed surgi\u00f3 nuestro lema \u201cIngresaras como un extra\u00f1o y te iras como un amigo\u201d.<\/em><\/span><\/p>\n<p style=\"text-align: center;\"><span style=\"font-size: 16px;\"><em>En Arequipay Hostel te cuidamos como familia, como amigo, y lo hacemos as\u00ed porque es lo que sentimos. Porque viajar y conocer una ciudad implica tambi\u00e9n conocer a qui\u00e9n vive en ella. <\/em><\/span><\/p>\n<p style=\"text-align: center;\"><span style=\"font-size: 16px;\"><em>Somos sencillos, sin dejar de ser competitivos: Te ofrecemos un alojamiento econ\u00f3mico con una excelente relaci\u00f3n calidad-precio. <\/em><\/span><\/p>\n<p style=\"text-align: center;\"><span style=\"font-size: 16px;\"><em>Aqu\u00ed encontraras mucho espacio com\u00fan para inspirarte, so\u00f1ar, reunirte, compartir y conectarte con viajeros internacionales, locales o contigo mismo. <\/em><\/span><\/p>\n<p style=\"text-align: center;\"><span style=\"font-size: 16px;\"><em>Sentir\u00e1s cada rinc\u00f3n como tuyo. Lo sentir\u00e1s mientras descansas en las hamacas, mientras cocinas, mientras lees un buen libro, mientras haces una parrilla, mientras juegas, sociabilizas, o mientras trabajas de forma remota. <\/em><\/span><\/p>\n<p style=\"text-align: center;\"><span style=\"font-size: 16px;\"><em>Qu\u00e9date en el Arequipay, la alegr\u00eda de tu propia casa.<\/em><\/span><\/p>\n<\/div>\n<div class=\" col-sm-6\">\n<p>&nbsp;<\/p>\n<p><img loading=\"lazy\" decoding=\"async\" class=\"size-medium wp-image-20 aligncenter\" src=\"https:\/\/www.arequipay-hostel.com\/wp-content\/uploads\/2021\/02\/slider1final2-820x444.jpg\" alt=\"\" width=\"820\" height=\"444\" srcset=\"https:\/\/www.arequipay-hostel.com\/wp-content\/uploads\/2021\/02\/slider1final2-820x444.jpg 820w, https:\/\/www.arequipay-hostel.com\/wp-content\/uploads\/2021\/02\/slider1final2-600x325.jpg 600w, https:\/\/www.arequipay-hostel.com\/wp-content\/uploads\/2021\/02\/slider1final2-768x416.jpg 768w, https:\/\/www.arequipay-hostel.com\/wp-content\/uploads\/2021\/02\/slider1final2-60x32.jpg 60w, https:\/\/www.arequipay-hostel.com\/wp-content\/uploads\/2021\/02\/slider1final2.jpg 1478w\" sizes=\"auto, (max-width: 820px) 100vw, 820px\" \/><\/p>\n<\/div>\n<\/div>\n<\/div>\n<\/section>\n<p>&nbsp;<\/p>\n<section class=\"block box-wrap bg-gray\">\n<div class=\"container-fluid\">\n<div class=\"row\">\n<h2 style=\"text-align: center;\">Algunos de los beneficios<br \/>\n<span style=\"background-color: #4ab280; color: #ffffff;\">al reservar con nosotros<\/span><\/h2>\n<div class=\" col-sm-4\">\n<ul>\n<li>Cocina completamente equipada.<\/li>\n<li>Trotadora y pesas.<\/li>\n<li>Huerto org\u00e1nico.<\/li>\n<li>Mate y te 24h.<\/li>\n<li>Espacios de coworking.<\/li>\n<li>Wifi de alta velocidad.<\/li>\n<li>Bicicletas gratis.<\/li>\n<\/ul>\n<p class=\"mb-10 subtitle\"><\/div>\n<div class=\" col-sm-4\">\n<ul>\n<li>Yoga.<\/li>\n<li>Ducha agua caliente 24h.<\/li>\n<li>Toalla gratis.<\/li>\n<li>\u00c1rea chillout de hamacas.<\/li>\n<li>Mesa de ping pong.<\/li>\n<li>Sala de billar.<\/li>\n<li>Fulbito de mano.<\/li>\n<\/ul>\n<p class=\"mb-10 subtitle\"><\/div>\n<div class=\" col-sm-4\">\n<ul>\n<li>\u00c1rea de parrilla.<\/li>\n<li>Terraza.<\/li>\n<li>Cochera.<\/li>\n<li>Netflix.<\/li>\n<li>Cuarto de equipaje.<\/li>\n<li>Armarios en dormitorios.<\/li>\n<\/ul>\n<p class=\"mb-10 subtitle\"><\/div>\n<\/div>\n<\/div>\n<\/section>\n<p><\/p><\/div>","protected":false},"excerpt":{"rendered":"<p>&nbsp;<\/p>\n","protected":false},"author":1,"featured_media":0,"parent":0,"menu_order":4,"comment_status":"closed","ping_status":"closed","template":"page-full.php","meta":{"footnotes":""},"class_list":["post-5","page","type-page","status-publish","hentry"],"yoast_head":"<!-- This site is optimized with the Yoast SEO plugin v25.2 - https:\/\/yoast.com\/wordpress\/plugins\/seo\/ -->\n<title>Nosotros | AREQUIPAY HOSTEL | Backpakers House<\/title>\n<meta name=\"robots\" content=\"index, follow, max-snippet:-1, max-image-preview:large, max-video-preview:-1\" \/>\n<link rel=\"canonical\" href=\"https:\/\/www.arequipay-hostel.com\/en\/about-us\/\" \/>\n<meta property=\"og:locale\" content=\"es_ES\" \/>\n<meta property=\"og:type\" content=\"article\" \/>\n<meta property=\"og:title\" content=\"Nosotros | AREQUIPAY HOSTEL | Backpakers House\" \/>\n<meta property=\"og:description\" content=\"&nbsp;\" \/>\n<meta property=\"og:url\" content=\"https:\/\/www.arequipay-hostel.com\/en\/about-us\/\" \/>\n<meta property=\"og:site_name\" content=\"AREQUIPAY HOSTEL | Backpakers House\" \/>\n<meta property=\"article:modified_time\" content=\"2025-09-07T16:57:17+00:00\" \/>\n<meta property=\"og:image\" content=\"https:\/\/www.arequipay-hostel.com\/wp-content\/uploads\/2021\/02\/slider1final2.jpg\" \/>\n\t<meta property=\"og:image:width\" content=\"1478\" \/>\n\t<meta property=\"og:image:height\" content=\"800\" \/>\n\t<meta property=\"og:image:type\" content=\"image\/jpeg\" \/>\n<meta name=\"twitter:card\" content=\"summary_large_image\" \/>\n<meta name=\"twitter:label1\" content=\"Tiempo de lectura\" \/>\n\t<meta name=\"twitter:data1\" content=\"2 minutos\" \/>\n<script type=\"application\/ld+json\" class=\"yoast-schema-graph\">{\"@context\":\"https:\/\/schema.org\",\"@graph\":[{\"@type\":\"WebPage\",\"@id\":\"https:\/\/www.arequipay-hostel.com\/en\/about-us\/\",\"url\":\"https:\/\/www.arequipay-hostel.com\/en\/about-us\/\",\"name\":\"Nosotros | AREQUIPAY HOSTEL | Backpakers House\",\"isPartOf\":{\"@id\":\"https:\/\/www.arequipay-hostel.com\/#website\"},\"primaryImageOfPage\":{\"@id\":\"https:\/\/www.arequipay-hostel.com\/en\/about-us\/#primaryimage\"},\"image\":{\"@id\":\"https:\/\/www.arequipay-hostel.com\/en\/about-us\/#primaryimage\"},\"thumbnailUrl\":\"https:\/\/www.arequipay-hostel.com\/wp-content\/uploads\/2021\/02\/slider1final2-820x444.jpg\",\"datePublished\":\"2021-02-18T16:21:46+00:00\",\"dateModified\":\"2025-09-07T16:57:17+00:00\",\"breadcrumb\":{\"@id\":\"https:\/\/www.arequipay-hostel.com\/en\/about-us\/#breadcrumb\"},\"inLanguage\":\"es\",\"potentialAction\":[{\"@type\":\"ReadAction\",\"target\":[\"https:\/\/www.arequipay-hostel.com\/en\/about-us\/\"]}]},{\"@type\":\"ImageObject\",\"inLanguage\":\"es\",\"@id\":\"https:\/\/www.arequipay-hostel.com\/en\/about-us\/#primaryimage\",\"url\":\"https:\/\/www.arequipay-hostel.com\/wp-content\/uploads\/2021\/02\/slider1final2-820x444.jpg\",\"contentUrl\":\"https:\/\/www.arequipay-hostel.com\/wp-content\/uploads\/2021\/02\/slider1final2-820x444.jpg\"},{\"@type\":\"BreadcrumbList\",\"@id\":\"https:\/\/www.arequipay-hostel.com\/en\/about-us\/#breadcrumb\",\"itemListElement\":[{\"@type\":\"ListItem\",\"position\":1,\"name\":\"Portada\",\"item\":\"https:\/\/www.arequipay-hostel.com\/es\/\"},{\"@type\":\"ListItem\",\"position\":2,\"name\":\"About us\"}]},{\"@type\":\"WebSite\",\"@id\":\"https:\/\/www.arequipay-hostel.com\/#website\",\"url\":\"https:\/\/www.arequipay-hostel.com\/\",\"name\":\"AREQUIPAY HOSTEL | Backpakers House\",\"description\":\"Ingresar\u00e1s como un extra\u00f1o y te ir\u00e1s como un amigo\",\"potentialAction\":[{\"@type\":\"SearchAction\",\"target\":{\"@type\":\"EntryPoint\",\"urlTemplate\":\"https:\/\/www.arequipay-hostel.com\/?s={search_term_string}\"},\"query-input\":{\"@type\":\"PropertyValueSpecification\",\"valueRequired\":true,\"valueName\":\"search_term_string\"}}],\"inLanguage\":\"es\"}]}<\/script>\n<!-- \/ Yoast SEO plugin. -->","yoast_head_json":{"title":"Nosotros | AREQUIPAY HOSTEL | Backpakers House","robots":{"index":"index","follow":"follow","max-snippet":"max-snippet:-1","max-image-preview":"max-image-preview:large","max-video-preview":"max-video-preview:-1"},"canonical":"https:\/\/www.arequipay-hostel.com\/en\/about-us\/","og_locale":"es_ES","og_type":"article","og_title":"Nosotros | AREQUIPAY HOSTEL | Backpakers House","og_description":"&nbsp;","og_url":"https:\/\/www.arequipay-hostel.com\/en\/about-us\/","og_site_name":"AREQUIPAY HOSTEL | Backpakers House","article_modified_time":"2025-09-07T16:57:17+00:00","og_image":[{"width":1478,"height":800,"url":"https:\/\/www.arequipay-hostel.com\/wp-content\/uploads\/2021\/02\/slider1final2.jpg","type":"image\/jpeg"}],"twitter_card":"summary_large_image","twitter_misc":{"Tiempo de lectura":"2 minutos"},"schema":{"@context":"https:\/\/schema.org","@graph":[{"@type":"WebPage","@id":"https:\/\/www.arequipay-hostel.com\/en\/about-us\/","url":"https:\/\/www.arequipay-hostel.com\/en\/about-us\/","name":"Nosotros | AREQUIPAY HOSTEL | Backpakers House","isPartOf":{"@id":"https:\/\/www.arequipay-hostel.com\/#website"},"primaryImageOfPage":{"@id":"https:\/\/www.arequipay-hostel.com\/en\/about-us\/#primaryimage"},"image":{"@id":"https:\/\/www.arequipay-hostel.com\/en\/about-us\/#primaryimage"},"thumbnailUrl":"https:\/\/www.arequipay-hostel.com\/wp-content\/uploads\/2021\/02\/slider1final2-820x444.jpg","datePublished":"2021-02-18T16:21:46+00:00","dateModified":"2025-09-07T16:57:17+00:00","breadcrumb":{"@id":"https:\/\/www.arequipay-hostel.com\/en\/about-us\/#breadcrumb"},"inLanguage":"es","potentialAction":[{"@type":"ReadAction","target":["https:\/\/www.arequipay-hostel.com\/en\/about-us\/"]}]},{"@type":"ImageObject","inLanguage":"es","@id":"https:\/\/www.arequipay-hostel.com\/en\/about-us\/#primaryimage","url":"https:\/\/www.arequipay-hostel.com\/wp-content\/uploads\/2021\/02\/slider1final2-820x444.jpg","contentUrl":"https:\/\/www.arequipay-hostel.com\/wp-content\/uploads\/2021\/02\/slider1final2-820x444.jpg"},{"@type":"BreadcrumbList","@id":"https:\/\/www.arequipay-hostel.com\/en\/about-us\/#breadcrumb","itemListElement":[{"@type":"ListItem","position":1,"name":"Portada","item":"https:\/\/www.arequipay-hostel.com\/es\/"},{"@type":"ListItem","position":2,"name":"About us"}]},{"@type":"WebSite","@id":"https:\/\/www.arequipay-hostel.com\/#website","url":"https:\/\/www.arequipay-hostel.com\/","name":"AREQUIPAY HOSTEL | Backpakers House","description":"Ingresar\u00e1s como un extra\u00f1o y te ir\u00e1s como un amigo","potentialAction":[{"@type":"SearchAction","target":{"@type":"EntryPoint","urlTemplate":"https:\/\/www.arequipay-hostel.com\/?s={search_term_string}"},"query-input":{"@type":"PropertyValueSpecification","valueRequired":true,"valueName":"search_term_string"}}],"inLanguage":"es"}]}},"_links":{"self":[{"href":"https:\/\/www.arequipay-hostel.com\/es\/wp-json\/wp\/v2\/pages\/5","targetHints":{"allow":["GET"]}}],"collection":[{"href":"https:\/\/www.arequipay-hostel.com\/es\/wp-json\/wp\/v2\/pages"}],"about":[{"href":"https:\/\/www.arequipay-hostel.com\/es\/wp-json\/wp\/v2\/types\/page"}],"author":[{"embeddable":true,"href":"https:\/\/www.arequipay-hostel.com\/es\/wp-json\/wp\/v2\/users\/1"}],"replies":[{"embeddable":true,"href":"https:\/\/www.arequipay-hostel.com\/es\/wp-json\/wp\/v2\/comments?post=5"}],"version-history":[{"count":0,"href":"https:\/\/www.arequipay-hostel.com\/es\/wp-json\/wp\/v2\/pages\/5\/revisions"}],"wp:attachment":[{"href":"https:\/\/www.arequipay-hostel.com\/es\/wp-json\/wp\/v2\/media?parent=5"}],"curies":[{"name":"wp","href":"https:\/\/api.w.org\/{rel}","templated":true}]}}